{"id":692044,"date":"2025-08-27T14:04:22","date_gmt":"2025-08-27T11:04:22","guid":{"rendered":"https:\/\/roveyayinevi.com.tr\/index.php\/urun\/yokus-asagi\/"},"modified":"2026-04-16T02:02:08","modified_gmt":"2026-04-15T23:02:08","slug":"yokus-asagi","status":"publish","type":"product","link":"https:\/\/roveyayinevi.com.tr\/index.php\/urun\/yokus-asagi\/","title":{"rendered":"Yoku\u015f A\u015fa\u011f\u0131"},"content":{"rendered":"<p>Bu yolculuktan sonra hi\u00e7bir \u015fey ayn\u0131 olmayacak!\u00c7a\u011fda\u015f Alman edebiyat\u0131n\u0131n sevilen yazarlar\u0131ndan Wolfgang Herrndorf\u2019a, 2011 y\u0131l\u0131nda Alman Gen\u00e7lik Edebiyat\u0131 \u00d6d\u00fcl\u00fc\u2019n\u00fc kazand\u0131ran, konu ve karakter se\u00e7imleriyle b\u00fcy\u00fck yank\u0131 uyand\u0131ran, abs\u00fcrdl\u00fckle \u00e7\u0131plak ger\u00e7eklik aras\u0131nda gidip geliyor. Kendine \u00f6zg\u00fc ritmi ve \u00e7a\u011f\u0131n ruhunu yans\u0131tan sesiyle, taptaze ve benzersiz bir yol hik\u00e2yesi anlat\u0131yor. 30 \u00fclkede yay\u0131mlanan ve 2 milyondan fazla kopya satan eser, Alt\u0131n Ay\u0131 \u00f6d\u00fcll\u00fc \u00fcnl\u00fc y\u00f6netmen Fatih Ak\u0131n taraf\u0131ndan sinemaya uyarlan\u0131yor. Filmin Eyl\u00fcl 2016\u2019da vizyona girmesi bekleniyor.Harita yok, pusula yok, y\u00f6n tabelalar\u0131n\u0131n hi\u00e7bir anlam\u0131 yok. Sadece, nereye ula\u015ft\u0131\u011f\u0131n\u0131 yaln\u0131zca onlar\u0131n bildi\u011fi \u00f6nlerindeki yol var. \u201cRus s\u00fcpr\u00fcnt\u00fcs\u00fc\u201d lakapl\u0131 \u00c7ik ve lakap bile tak\u0131lmayacak kadar s\u0131k\u0131c\u0131 Maik, Berlin\u2019den \u00e7al\u0131nt\u0131 bir Lada\u2019yla yola \u00e7\u0131k\u0131yor. Aniden mi? Evet, aniden. Ka\u00e7acak bir \u015feyleri mi var? Belki de. Bu\u011fday tarlalar\u0131nda, \u00e7\u00f6p da\u011flar\u0131n\u0131n aras\u0131nda, otobanda yol ald\u0131k\u00e7a dostlu\u011fun ne demek oldu\u011funu da ke\u015ffetmeye ba\u015flayan Maik ile \u00c7ik\u2019i, safl\u0131kla ars\u0131zl\u0131\u011f\u0131n i\u00e7 i\u00e7e girdi\u011fi yolculuklar\u0131n\u0131n sonunda, ak\u0131llar\u0131n\u0131n ucundan bile ge\u00e7meyecek bir sahne bekliyor. \u0130kili, var\u0131\u015f noktas\u0131 yokmu\u015f gibi g\u00f6r\u00fcnen bu yolculukta hayallerinin ve kapasitelerinin s\u0131n\u0131rlar\u0131n\u0131 zorlayacak ve dostlu\u011fun ne anlama geldi\u011fini \u00f6\u011frenecektir.<\/p>\n","protected":false},"excerpt":{"rendered":"<p>Bu yolculuktan sonra hi\u00e7bir \u015fey ayn\u0131 olmayacak!\u00c7a\u011fda\u015f Alman edebiyat\u0131n\u0131n sevilen yazarlar\u0131ndan Wolfgang Herrndorf\u2019a, 2011 y\u0131l\u0131nda Alman Gen\u00e7lik Edebiyat\u0131 \u00d6d\u00fcl\u00fc\u2019n\u00fc kazand\u0131ran, konu ve karakter se\u00e7imleriyle b\u00fcy\u00fck yank\u0131<span class=\"excerpt-hellip\"> [\u2026]<\/span><\/p>\n","protected":false},"featured_media":0,"template":"","meta":{"_monsterinsights_skip_tracking":false,"_monsterinsights_sitenote_active":false,"_monsterinsights_sitenote_note":"","_monsterinsights_sitenote_category":0},"product_brand":[],"product_cat":[12782,12291],"product_tag":[],"class_list":{"0":"post-692044","1":"product","2":"type-product","3":"status-publish","5":"product_cat-alman-edebiyati","6":"product_cat-edebiyat","7":"pa_cilt-ciltsiz","8":"pa_tur-kitap","9":"pa_yayinevi-on8-kitap","10":"pa_yazar-wolfgang-herrndorf","12":"first","13":"instock","14":"sale","15":"shipping-taxable","16":"purchasable","17":"product-type-simple"},"_links":{"self":[{"href":"https:\/\/roveyayinevi.com.tr\/index.php\/wp-json\/wp\/v2\/product\/692044","targetHints":{"allow":["GET"]}}],"collection":[{"href":"https:\/\/roveyayinevi.com.tr\/index.php\/wp-json\/wp\/v2\/product"}],"about":[{"href":"https:\/\/roveyayinevi.com.tr\/index.php\/wp-json\/wp\/v2\/types\/product"}],"wp:attachment":[{"href":"https:\/\/roveyayinevi.com.tr\/index.php\/wp-json\/wp\/v2\/media?parent=692044"}],"wp:term":[{"taxonomy":"product_brand","embeddable":true,"href":"https:\/\/roveyayinevi.com.tr\/index.php\/wp-json\/wp\/v2\/product_brand?post=692044"},{"taxonomy":"product_cat","embeddable":true,"href":"https:\/\/roveyayinevi.com.tr\/index.php\/wp-json\/wp\/v2\/product_cat?post=692044"},{"taxonomy":"product_tag","embeddable":true,"href":"https:\/\/roveyayinevi.com.tr\/index.php\/wp-json\/wp\/v2\/product_tag?post=692044"}],"curies":[{"name":"wp","href":"https:\/\/api.w.org\/{rel}","templated":true}]}}