{"id":692043,"date":"2025-08-27T14:04:22","date_gmt":"2025-08-27T11:04:22","guid":{"rendered":"https:\/\/roveyayinevi.com.tr\/index.php\/urun\/sinif-meydan-savasi\/"},"modified":"2026-04-16T02:02:08","modified_gmt":"2026-04-15T23:02:08","slug":"sinif-meydan-savasi","status":"publish","type":"product","link":"https:\/\/roveyayinevi.com.tr\/index.php\/urun\/sinif-meydan-savasi\/","title":{"rendered":"S\u0131n\u0131f Meydan Sava\u015f\u0131"},"content":{"rendered":"<p>Sevilmeyen derslerin \u00f6\u011fretmeni olmak zordur\u2026\u00c7a\u011fda\u015f Alman edebiyat\u0131n\u0131n gen\u00e7 yazarlar\u0131ndan Luca Bloom, T\u00fcrk\u00e7e\u2019deki bu ilk roman\u0131nda okullar\u0131n kap\u0131s\u0131ndan i\u00e7eri s\u0131zan \u015fiddetin s\u0131n\u0131rlar\u0131n\u0131 ar\u0131yor. Okulda zorbal\u0131\u011f\u0131n ve a\u015fa\u011f\u0131laman\u0131n b\u00fcr\u00fcnd\u00fc\u011f\u00fc farkl\u0131 k\u0131l\u0131klar\u0131, sert ve ac\u0131tan bir dille canland\u0131ran roman, ki\u015fisel sava\u015flarda kaybedilenlerin kitlesel sava\u015flardaki kadar a\u011f\u0131r olabilece\u011fini d\u00fc\u015f\u00fcnd\u00fcrerek okuru \u00fcrpertmeyi ba\u015far\u0131yor.Bir s\u0131n\u0131f\u0131n dar s\u0131n\u0131rlar\u0131nda u\u00e7 veren tekinsiz d\u00fcellonun etki alan\u0131, koridorlara, bah\u00e7eye, okulun di\u011fer k\u00f6\u015felerine ve taraflar\u0131n t\u00fcm ya\u015famlar\u0131na do\u011fru geni\u015fliyor. Bir \u00f6\u011fretmen ve bir \u00f6\u011frenci. \u0130kisi de altta kalmamaya kararl\u0131. \u0130kisi de zafer \u00e7\u0131\u011fl\u0131klar\u0131 atmaya yeminli. Her hamlede zaaflar ortaya \u00e7\u0131k\u0131yor, stratejiler bileniyor, \u015fiddetin dozu art\u0131yor. Bu m\u00fccadeleyi kim kazanacak? E\u011fer b\u00f6ylesine \u015fiddete dayal\u0131 m\u00fccadelelerin bir kazanan\u0131 varsa elbette\u2026<\/p>\n","protected":false},"excerpt":{"rendered":"<p>Sevilmeyen derslerin \u00f6\u011fretmeni olmak zordur\u2026\u00c7a\u011fda\u015f Alman edebiyat\u0131n\u0131n gen\u00e7 yazarlar\u0131ndan Luca Bloom, T\u00fcrk\u00e7e\u2019deki bu ilk roman\u0131nda okullar\u0131n kap\u0131s\u0131ndan i\u00e7eri s\u0131zan \u015fiddetin s\u0131n\u0131rlar\u0131n\u0131 ar\u0131yor. Okulda zorbal\u0131\u011f\u0131n ve a\u015fa\u011f\u0131laman\u0131n<span class=\"excerpt-hellip\"> [\u2026]<\/span><\/p>\n","protected":false},"featured_media":0,"template":"","meta":{"_monsterinsights_skip_tracking":false,"_monsterinsights_sitenote_active":false,"_monsterinsights_sitenote_note":"","_monsterinsights_sitenote_category":0},"product_brand":[],"product_cat":[12782,12291],"product_tag":[],"class_list":{"0":"post-692043","1":"product","2":"type-product","3":"status-publish","5":"product_cat-alman-edebiyati","6":"product_cat-edebiyat","7":"pa_cilt-ciltsiz","8":"pa_tur-kitap","9":"pa_yayinevi-on8-kitap","10":"pa_yazar-luca-bloom","12":"first","13":"instock","14":"sale","15":"shipping-taxable","16":"purchasable","17":"product-type-simple"},"_links":{"self":[{"href":"https:\/\/roveyayinevi.com.tr\/index.php\/wp-json\/wp\/v2\/product\/692043","targetHints":{"allow":["GET"]}}],"collection":[{"href":"https:\/\/roveyayinevi.com.tr\/index.php\/wp-json\/wp\/v2\/product"}],"about":[{"href":"https:\/\/roveyayinevi.com.tr\/index.php\/wp-json\/wp\/v2\/types\/product"}],"wp:attachment":[{"href":"https:\/\/roveyayinevi.com.tr\/index.php\/wp-json\/wp\/v2\/media?parent=692043"}],"wp:term":[{"taxonomy":"product_brand","embeddable":true,"href":"https:\/\/roveyayinevi.com.tr\/index.php\/wp-json\/wp\/v2\/product_brand?post=692043"},{"taxonomy":"product_cat","embeddable":true,"href":"https:\/\/roveyayinevi.com.tr\/index.php\/wp-json\/wp\/v2\/product_cat?post=692043"},{"taxonomy":"product_tag","embeddable":true,"href":"https:\/\/roveyayinevi.com.tr\/index.php\/wp-json\/wp\/v2\/product_tag?post=692043"}],"curies":[{"name":"wp","href":"https:\/\/api.w.org\/{rel}","templated":true}]}}