{"id":692042,"date":"2025-08-27T14:04:21","date_gmt":"2025-08-27T11:04:21","guid":{"rendered":"https:\/\/roveyayinevi.com.tr\/index.php\/urun\/mavi-ay\/"},"modified":"2026-04-16T02:02:08","modified_gmt":"2026-04-15T23:02:08","slug":"mavi-ay","status":"publish","type":"product","link":"https:\/\/roveyayinevi.com.tr\/index.php\/urun\/mavi-ay\/","title":{"rendered":"Mavi Ay"},"content":{"rendered":"<p>Yol ayr\u0131mlar\u0131, her zaman bu kadar so\u011fuk ve korkutucu mudur?C\u00e9cile Roumigui\u00e8re y\u00f6netiminde d\u00f6rt yazar\u0131n d\u00f6rt farkl\u0131 karaktere can verdi\u011fi \u201cMavi Kirazlar\u201d dizisi, bu d\u00f6rd\u00fcnc\u00fc kitap ile son buluyor. Damdaki Melek ile ba\u015flayan Yol Filmi ve Acele Etme\u2019yle devam eden ser\u00fcvende, y\u0131llar\u0131n s\u0131rr\u0131 sonunda a\u00e7\u0131\u011fa \u00e7\u0131k\u0131yor. G\u00fcn\u00fcm\u00fcz gen\u00e7li\u011finden pek \u00e7ok kareye yer veren dizi, y\u00fczle\u015fmek ve b\u00fcy\u00fcmek \u00fczerine kurgulanm\u0131\u015f bir film tad\u0131nda.I\u015f\u0131klar\u0131, sokaklar\u0131 ve ayd\u0131nl\u0131k pencereleriyle \u201cters d\u00f6nm\u00fc\u015f g\u00f6ky\u00fcz\u00fc\u201dn\u00fc and\u0131ran Paris, y\u0131lba\u015f\u0131 sonras\u0131 sessizli\u011fe g\u00f6m\u00fclm\u00fc\u015fken, d\u00f6rt yak\u0131n arkada\u015f; Violette, Zik, Amos ve Satya, \u00fc\u00e7 y\u0131ll\u0131k bir karanl\u0131\u011f\u0131 geride b\u0131rakman\u0131n e\u015fi\u011finde. Karanl\u0131\u011f\u0131n sonras\u0131 ne kadar ayd\u0131nl\u0131k, bunu su y\u00fcz\u00fcne \u00e7\u0131kan s\u0131rlar g\u00f6sterecek. Y\u0131llar \u00f6nce temelleri at\u0131lm\u0131\u015f bir dostluk, bug\u00fcn\u00fc ta\u015f\u0131yabilmenin s\u0131nav\u0131n\u0131 veriyor\u2026 ve perde iniyor.<\/p>\n","protected":false},"excerpt":{"rendered":"<p>Yol ayr\u0131mlar\u0131, her zaman bu kadar so\u011fuk ve korkutucu mudur?C\u00e9cile Roumigui\u00e8re y\u00f6netiminde d\u00f6rt yazar\u0131n d\u00f6rt farkl\u0131 karaktere can verdi\u011fi \u201cMavi Kirazlar\u201d dizisi, bu d\u00f6rd\u00fcnc\u00fc kitap ile<span class=\"excerpt-hellip\"> [\u2026]<\/span><\/p>\n","protected":false},"featured_media":0,"template":"","meta":{"_monsterinsights_skip_tracking":false,"_monsterinsights_sitenote_active":false,"_monsterinsights_sitenote_note":"","_monsterinsights_sitenote_category":0},"product_brand":[],"product_cat":[12291,13376],"product_tag":[],"class_list":{"0":"post-692042","1":"product","2":"type-product","3":"status-publish","5":"product_cat-edebiyat","6":"product_cat-fransiz-edebiyati","7":"pa_cilt-ciltsiz","8":"pa_tur-kitap","9":"pa_yayinevi-on8-kitap","10":"pa_yazar-cecile-roumiguiere","12":"first","13":"instock","14":"sale","15":"shipping-taxable","16":"purchasable","17":"product-type-simple"},"_links":{"self":[{"href":"https:\/\/roveyayinevi.com.tr\/index.php\/wp-json\/wp\/v2\/product\/692042","targetHints":{"allow":["GET"]}}],"collection":[{"href":"https:\/\/roveyayinevi.com.tr\/index.php\/wp-json\/wp\/v2\/product"}],"about":[{"href":"https:\/\/roveyayinevi.com.tr\/index.php\/wp-json\/wp\/v2\/types\/product"}],"wp:attachment":[{"href":"https:\/\/roveyayinevi.com.tr\/index.php\/wp-json\/wp\/v2\/media?parent=692042"}],"wp:term":[{"taxonomy":"product_brand","embeddable":true,"href":"https:\/\/roveyayinevi.com.tr\/index.php\/wp-json\/wp\/v2\/product_brand?post=692042"},{"taxonomy":"product_cat","embeddable":true,"href":"https:\/\/roveyayinevi.com.tr\/index.php\/wp-json\/wp\/v2\/product_cat?post=692042"},{"taxonomy":"product_tag","embeddable":true,"href":"https:\/\/roveyayinevi.com.tr\/index.php\/wp-json\/wp\/v2\/product_tag?post=692042"}],"curies":[{"name":"wp","href":"https:\/\/api.w.org\/{rel}","templated":true}]}}