{"id":692029,"date":"2025-08-27T14:02:41","date_gmt":"2025-08-27T11:02:41","guid":{"rendered":"https:\/\/roveyayinevi.com.tr\/index.php\/urun\/ates-bocegi-ile-el-feneri\/"},"modified":"2026-04-16T02:02:07","modified_gmt":"2026-04-15T23:02:07","slug":"ates-bocegi-ile-el-feneri","status":"publish","type":"product","link":"https:\/\/roveyayinevi.com.tr\/index.php\/urun\/ates-bocegi-ile-el-feneri\/","title":{"rendered":"Ate\u015f B\u00f6ce\u011fi \u0130le El Feneri"},"content":{"rendered":"<p>Ate\u015f b\u00f6ce\u011fi geceleyin orman\u0131n karanl\u0131\u011f\u0131nda p\u0131r\u0131l p\u0131r\u0131l parl\u0131yordu. Onun \u0131\u015f\u0131\u011f\u0131nda salyangoz kitap okuyor, \u00f6r\u00fcmcek \u00f6rg\u00fc \u00f6r\u00fcyor, kelebek ise resim yap\u0131yordu. \ufffcTan\u0131t\u0131m Metni<\/p>\n","protected":false},"excerpt":{"rendered":"<p>Ate\u015f b\u00f6ce\u011fi geceleyin orman\u0131n karanl\u0131\u011f\u0131nda p\u0131r\u0131l p\u0131r\u0131l parl\u0131yordu. Onun \u0131\u015f\u0131\u011f\u0131nda salyangoz kitap okuyor, \u00f6r\u00fcmcek \u00f6rg\u00fc \u00f6r\u00fcyor, kelebek ise resim yap\u0131yordu. \ufffcTan\u0131t\u0131m Metni<\/p>\n","protected":false},"featured_media":0,"template":"","meta":{"_monsterinsights_skip_tracking":false,"_monsterinsights_sitenote_active":false,"_monsterinsights_sitenote_note":"","_monsterinsights_sitenote_category":0},"product_brand":[],"product_cat":[12274,12284],"product_tag":[],"class_list":{"0":"post-692029","1":"product","2":"type-product","3":"status-publish","5":"product_cat-cocuk-ve-genclik-kitaplari","6":"product_cat-hikayeler","7":"pa_cilt-ciltsiz","8":"pa_tur-kitap","9":"pa_yayinevi-odtu-gelistirme-vakfi-yayincilik","10":"pa_yazar-kambiz-kakavand","12":"first","13":"instock","14":"sale","15":"shipping-taxable","16":"purchasable","17":"product-type-simple"},"_links":{"self":[{"href":"https:\/\/roveyayinevi.com.tr\/index.php\/wp-json\/wp\/v2\/product\/692029","targetHints":{"allow":["GET"]}}],"collection":[{"href":"https:\/\/roveyayinevi.com.tr\/index.php\/wp-json\/wp\/v2\/product"}],"about":[{"href":"https:\/\/roveyayinevi.com.tr\/index.php\/wp-json\/wp\/v2\/types\/product"}],"wp:attachment":[{"href":"https:\/\/roveyayinevi.com.tr\/index.php\/wp-json\/wp\/v2\/media?parent=692029"}],"wp:term":[{"taxonomy":"product_brand","embeddable":true,"href":"https:\/\/roveyayinevi.com.tr\/index.php\/wp-json\/wp\/v2\/product_brand?post=692029"},{"taxonomy":"product_cat","embeddable":true,"href":"https:\/\/roveyayinevi.com.tr\/index.php\/wp-json\/wp\/v2\/product_cat?post=692029"},{"taxonomy":"product_tag","embeddable":true,"href":"https:\/\/roveyayinevi.com.tr\/index.php\/wp-json\/wp\/v2\/product_tag?post=692029"}],"curies":[{"name":"wp","href":"https:\/\/api.w.org\/{rel}","templated":true}]}}