{"id":692025,"date":"2025-08-27T14:02:40","date_gmt":"2025-08-27T11:02:40","guid":{"rendered":"https:\/\/roveyayinevi.com.tr\/index.php\/urun\/kahramanin-yoklugu\/"},"modified":"2026-04-16T02:02:07","modified_gmt":"2026-04-15T23:02:07","slug":"kahramanin-yoklugu","status":"publish","type":"product","link":"https:\/\/roveyayinevi.com.tr\/index.php\/urun\/kahramanin-yoklugu\/","title":{"rendered":"Kahraman\u0131n Yoklu\u011fu"},"content":{"rendered":"<p>\u0130zah\u0131 g\u00fc\u00e7. A\u015fk k\u00f6t\u00fc bir s\u00f6zc\u00fck fakat s\u00f6z\u00fcn tam anlam\u0131yla, a\u015f\u0131kt\u0131k. Bir kad\u0131nla sevi\u015fmeden onu ger\u00e7ekten tan\u0131man\u0131n m\u00fcmk\u00fcn olmad\u0131\u011f\u0131ndan hi\u00e7 ku\u015fkum yok. Ve ne kadar \u00e7ok sevi\u015firseniz birbirinizi o kadar iyi tan\u0131rs\u0131n\u0131z. Ve i\u015f g\u00f6rmeye devam ediyorsa, bunun ad\u0131 a\u015fkt\u0131r. \u0130\u015f g\u00f6rmez oldu\u011funda da, ba\u015fkalar\u0131ndan fark\u0131n\u0131z kalmam\u0131\u015ft\u0131r. Seksin a\u015fk oldu\u011funu s\u00f6ylemiyorum; nefret de olabilir. Fakat seks iyi ise, di\u011fer \u015feyler girer devreye elbisesinin rengi, kolundaki ben, \u00e7e\u015fitli ba\u011fl\u0131l\u0131klar ve kopukluklar; an\u0131lar, kahkahalar ve ac\u0131lar.\u201d <\/p>\n","protected":false},"excerpt":{"rendered":"<p>\u0130zah\u0131 g\u00fc\u00e7. A\u015fk k\u00f6t\u00fc bir s\u00f6zc\u00fck fakat s\u00f6z\u00fcn tam anlam\u0131yla, a\u015f\u0131kt\u0131k. Bir kad\u0131nla sevi\u015fmeden onu ger\u00e7ekten tan\u0131man\u0131n m\u00fcmk\u00fcn olmad\u0131\u011f\u0131ndan hi\u00e7 ku\u015fkum yok. Ve ne kadar \u00e7ok<span class=\"excerpt-hellip\"> [\u2026]<\/span><\/p>\n","protected":false},"featured_media":0,"template":"","meta":{"_monsterinsights_skip_tracking":false,"_monsterinsights_sitenote_active":false,"_monsterinsights_sitenote_note":"","_monsterinsights_sitenote_category":0},"product_brand":[],"product_cat":[12291,12711],"product_tag":[],"class_list":{"0":"post-692025","1":"product","2":"type-product","3":"status-publish","5":"product_cat-edebiyat","6":"product_cat-roman-oyku","7":"pa_cilt-ciltsiz","8":"pa_tur-kitap","9":"pa_yayinevi-parantez-yayinlari","10":"pa_yazar-charles-bukowski","12":"first","13":"instock","14":"sale","15":"shipping-taxable","16":"purchasable","17":"product-type-simple"},"_links":{"self":[{"href":"https:\/\/roveyayinevi.com.tr\/index.php\/wp-json\/wp\/v2\/product\/692025","targetHints":{"allow":["GET"]}}],"collection":[{"href":"https:\/\/roveyayinevi.com.tr\/index.php\/wp-json\/wp\/v2\/product"}],"about":[{"href":"https:\/\/roveyayinevi.com.tr\/index.php\/wp-json\/wp\/v2\/types\/product"}],"wp:attachment":[{"href":"https:\/\/roveyayinevi.com.tr\/index.php\/wp-json\/wp\/v2\/media?parent=692025"}],"wp:term":[{"taxonomy":"product_brand","embeddable":true,"href":"https:\/\/roveyayinevi.com.tr\/index.php\/wp-json\/wp\/v2\/product_brand?post=692025"},{"taxonomy":"product_cat","embeddable":true,"href":"https:\/\/roveyayinevi.com.tr\/index.php\/wp-json\/wp\/v2\/product_cat?post=692025"},{"taxonomy":"product_tag","embeddable":true,"href":"https:\/\/roveyayinevi.com.tr\/index.php\/wp-json\/wp\/v2\/product_tag?post=692025"}],"curies":[{"name":"wp","href":"https:\/\/api.w.org\/{rel}","templated":true}]}}