{"id":692024,"date":"2025-08-27T14:02:39","date_gmt":"2025-08-27T11:02:39","guid":{"rendered":"https:\/\/roveyayinevi.com.tr\/index.php\/urun\/klon\/"},"modified":"2026-04-16T02:02:07","modified_gmt":"2026-04-15T23:02:07","slug":"klon","status":"publish","type":"product","link":"https:\/\/roveyayinevi.com.tr\/index.php\/urun\/klon\/","title":{"rendered":"Klon"},"content":{"rendered":"<p>Klonlama uzman\u0131 Doktor Davis Moore\u2019un on yedi ya\u015f\u0131ndaki k\u0131z\u0131 tecav\u00fcze u\u011fray\u0131p ac\u0131mas\u0131zca \u00f6ld\u00fcr\u00fcl\u00fcr. Olay hakk\u0131nda soru\u015fturma a\u00e7\u0131l\u0131r; ancak bir sonuca var\u0131lamaz. Aylar sonra Moore k\u0131z\u0131n\u0131n e\u015fyalar\u0131n\u0131 polisten geri al\u0131r ve bunlar\u0131n aras\u0131nda kazayla unutulmu\u015f, i\u00e7inde katilin DNA\u2019s\u0131 bulunan k\u00fc\u00e7\u00fck bir \u015fi\u015feye rastlar. \u0130\u015fte o an Moore\u2019un beynine korkun\u00e7 bir d\u00fc\u015f\u00fcnce saplan\u0131r: Belki k\u0131z\u0131n\u0131 de\u011fil ama onu \u00f6ld\u00fcren adam\u0131 klonlama olana\u011f\u0131na sahiptir. Peki k\u0131z\u0131n\u0131n katilinin g\u00f6zlerinin i\u00e7ine bakmaya ne kadar dayanabilecektir? <\/p>\n","protected":false},"excerpt":{"rendered":"<p>Klonlama uzman\u0131 Doktor Davis Moore\u2019un on yedi ya\u015f\u0131ndaki k\u0131z\u0131 tecav\u00fcze u\u011fray\u0131p ac\u0131mas\u0131zca \u00f6ld\u00fcr\u00fcl\u00fcr. Olay hakk\u0131nda soru\u015fturma a\u00e7\u0131l\u0131r; ancak bir sonuca var\u0131lamaz. Aylar sonra Moore k\u0131z\u0131n\u0131n e\u015fyalar\u0131n\u0131<span class=\"excerpt-hellip\"> [\u2026]<\/span><\/p>\n","protected":false},"featured_media":0,"template":"","meta":{"_monsterinsights_skip_tracking":false,"_monsterinsights_sitenote_active":false,"_monsterinsights_sitenote_note":"","_monsterinsights_sitenote_category":0},"product_brand":[],"product_cat":[12891,12291],"product_tag":[],"class_list":{"0":"post-692024","1":"product","2":"type-product","3":"status-publish","5":"product_cat-amerikan-edebiyati","6":"product_cat-edebiyat","7":"pa_tur-kitap","8":"pa_yayinevi-koridor-yayincilik","9":"pa_yazar-kevin-guilfoile","11":"first","12":"instock","13":"sale","14":"shipping-taxable","15":"purchasable","16":"product-type-simple"},"_links":{"self":[{"href":"https:\/\/roveyayinevi.com.tr\/index.php\/wp-json\/wp\/v2\/product\/692024","targetHints":{"allow":["GET"]}}],"collection":[{"href":"https:\/\/roveyayinevi.com.tr\/index.php\/wp-json\/wp\/v2\/product"}],"about":[{"href":"https:\/\/roveyayinevi.com.tr\/index.php\/wp-json\/wp\/v2\/types\/product"}],"wp:attachment":[{"href":"https:\/\/roveyayinevi.com.tr\/index.php\/wp-json\/wp\/v2\/media?parent=692024"}],"wp:term":[{"taxonomy":"product_brand","embeddable":true,"href":"https:\/\/roveyayinevi.com.tr\/index.php\/wp-json\/wp\/v2\/product_brand?post=692024"},{"taxonomy":"product_cat","embeddable":true,"href":"https:\/\/roveyayinevi.com.tr\/index.php\/wp-json\/wp\/v2\/product_cat?post=692024"},{"taxonomy":"product_tag","embeddable":true,"href":"https:\/\/roveyayinevi.com.tr\/index.php\/wp-json\/wp\/v2\/product_tag?post=692024"}],"curies":[{"name":"wp","href":"https:\/\/api.w.org\/{rel}","templated":true}]}}