{"id":692020,"date":"2025-08-27T14:02:39","date_gmt":"2025-08-27T11:02:39","guid":{"rendered":"https:\/\/roveyayinevi.com.tr\/index.php\/urun\/egitim-ve-ogretimde-etik\/"},"modified":"2026-04-16T02:02:07","modified_gmt":"2026-04-15T23:02:07","slug":"egitim-ve-ogretimde-etik","status":"publish","type":"product","link":"https:\/\/roveyayinevi.com.tr\/index.php\/urun\/egitim-ve-ogretimde-etik\/","title":{"rendered":"E\u011fitim ve \u00d6\u011fretimde Etik"},"content":{"rendered":"<p>Bu kitab\u0131n amac\u0131, bir yandan e\u011fitim ve \u00f6\u011fretim s\u00fcrecinin ne t\u00fcr de\u011ferler ve ilkeler ekseninde i\u015flev g\u00f6rmesi gerekti\u011fini tart\u0131\u015f\u0131rken, di\u011fer yandan bu s\u00fcrecin ger\u00e7ekle\u015ftirilmesinde ba\u015fl\u0131ca rolleri oynayan \u00f6\u011frenci, veli, \u00f6\u011fretmen, okul y\u00f6neticisi, m\u00fcfetti\u015f ve rehberlik uzman\u0131 gibi meslek elemanlar\u0131n\u0131n etik ilkelerinin ortaya konulmas\u0131n\u0131 sa\u011flamakt\u0131r. <\/p>\n","protected":false},"excerpt":{"rendered":"<p>Bu kitab\u0131n amac\u0131, bir yandan e\u011fitim ve \u00f6\u011fretim s\u00fcrecinin ne t\u00fcr de\u011ferler ve ilkeler ekseninde i\u015flev g\u00f6rmesi gerekti\u011fini tart\u0131\u015f\u0131rken, di\u011fer yandan bu s\u00fcrecin ger\u00e7ekle\u015ftirilmesinde ba\u015fl\u0131ca rolleri<span class=\"excerpt-hellip\"> [\u2026]<\/span><\/p>\n","protected":false},"featured_media":0,"template":"","meta":{"_monsterinsights_skip_tracking":false,"_monsterinsights_sitenote_active":false,"_monsterinsights_sitenote_note":"","_monsterinsights_sitenote_category":0},"product_brand":[],"product_cat":[12573,12566],"product_tag":[],"class_list":{"0":"post-692020","1":"product","2":"type-product","3":"status-publish","5":"product_cat-akademik-kitaplar","6":"product_cat-egitim","7":"pa_cilt-ciltsiz","8":"pa_tur-kitap","9":"pa_yayinevi-pegem-akademik-kitaplar","10":"pa_yazar-inayet-aydin","12":"first","13":"instock","14":"sale","15":"shipping-taxable","16":"purchasable","17":"product-type-simple"},"_links":{"self":[{"href":"https:\/\/roveyayinevi.com.tr\/index.php\/wp-json\/wp\/v2\/product\/692020","targetHints":{"allow":["GET"]}}],"collection":[{"href":"https:\/\/roveyayinevi.com.tr\/index.php\/wp-json\/wp\/v2\/product"}],"about":[{"href":"https:\/\/roveyayinevi.com.tr\/index.php\/wp-json\/wp\/v2\/types\/product"}],"wp:attachment":[{"href":"https:\/\/roveyayinevi.com.tr\/index.php\/wp-json\/wp\/v2\/media?parent=692020"}],"wp:term":[{"taxonomy":"product_brand","embeddable":true,"href":"https:\/\/roveyayinevi.com.tr\/index.php\/wp-json\/wp\/v2\/product_brand?post=692020"},{"taxonomy":"product_cat","embeddable":true,"href":"https:\/\/roveyayinevi.com.tr\/index.php\/wp-json\/wp\/v2\/product_cat?post=692020"},{"taxonomy":"product_tag","embeddable":true,"href":"https:\/\/roveyayinevi.com.tr\/index.php\/wp-json\/wp\/v2\/product_tag?post=692020"}],"curies":[{"name":"wp","href":"https:\/\/api.w.org\/{rel}","templated":true}]}}