{"id":692015,"date":"2025-08-27T14:02:37","date_gmt":"2025-08-27T11:02:37","guid":{"rendered":"https:\/\/roveyayinevi.com.tr\/index.php\/urun\/yol-filmi\/"},"modified":"2026-04-16T02:02:07","modified_gmt":"2026-04-15T23:02:07","slug":"yol-filmi","status":"publish","type":"product","link":"https:\/\/roveyayinevi.com.tr\/index.php\/urun\/yol-filmi\/","title":{"rendered":"Yol Filmi"},"content":{"rendered":"<p>Gen\u00e7lerin sevme g\u00fcc\u00fc karanl\u0131\u011f\u0131 a\u015fabilir mi?D\u00f6rt yazar\u0131n \u2013Sigrid Baffert, Jean-Michel Payet, Maryvonne Rippert ve C\u00e9cile Roumigui\u00e8re\u2013 d\u00f6rt farkl\u0131 karaktere can verdi\u011fi, Damdaki Melek ile ba\u015flayan \u201cMavi Kirazlar\u201d dizisi ikinci kitapla devam ediyor. G\u00fcn\u00fcm\u00fcz gen\u00e7li\u011finden pek \u00e7ok kareye yer veren dizinin bu ikinci kitab\u0131nda, ge\u00e7mi\u015fe g\u00f6m\u00fclmeye \u00e7al\u0131\u015f\u0131lan s\u0131rr\u0131n tehlikeli par\u0131lt\u0131s\u0131 kendini olmad\u0131k yer ve zamanlarda g\u00f6stermeye ba\u015fl\u0131yor. Y\u00fczle\u015fmek ve b\u00fcy\u00fcmek \u00fczerine kurgulanm\u0131\u015f bir film tad\u0131ndaki dizinin di\u011fer kitaplar\u0131 Acele Etme ve Mavi Ay.D\u00f6rt tekerden biri eksilirse ne olur? Kirazlar, dostluklar\u0131nda vedan\u0131n yerini sorgularken, \u0131\u015f\u0131k hi\u00e7 olmad\u0131k bir karanl\u0131\u011f\u0131 .<\/p>\n","protected":false},"excerpt":{"rendered":"<p>Gen\u00e7lerin sevme g\u00fcc\u00fc karanl\u0131\u011f\u0131 a\u015fabilir mi?D\u00f6rt yazar\u0131n \u2013Sigrid Baffert, Jean-Michel Payet, Maryvonne Rippert ve C\u00e9cile Roumigui\u00e8re\u2013 d\u00f6rt farkl\u0131 karaktere can verdi\u011fi, Damdaki Melek ile ba\u015flayan \u201cMavi<span class=\"excerpt-hellip\"> [\u2026]<\/span><\/p>\n","protected":false},"featured_media":0,"template":"","meta":{"_monsterinsights_skip_tracking":false,"_monsterinsights_sitenote_active":false,"_monsterinsights_sitenote_note":"","_monsterinsights_sitenote_category":0},"product_brand":[],"product_cat":[12291,13376],"product_tag":[],"class_list":{"0":"post-692015","1":"product","2":"type-product","3":"status-publish","5":"product_cat-edebiyat","6":"product_cat-fransiz-edebiyati","7":"pa_cilt-ciltsiz","8":"pa_tur-kitap","9":"pa_yayinevi-on8-kitap","10":"pa_yazar-jean-michel-payet","12":"first","13":"instock","14":"sale","15":"shipping-taxable","16":"purchasable","17":"product-type-simple"},"_links":{"self":[{"href":"https:\/\/roveyayinevi.com.tr\/index.php\/wp-json\/wp\/v2\/product\/692015","targetHints":{"allow":["GET"]}}],"collection":[{"href":"https:\/\/roveyayinevi.com.tr\/index.php\/wp-json\/wp\/v2\/product"}],"about":[{"href":"https:\/\/roveyayinevi.com.tr\/index.php\/wp-json\/wp\/v2\/types\/product"}],"wp:attachment":[{"href":"https:\/\/roveyayinevi.com.tr\/index.php\/wp-json\/wp\/v2\/media?parent=692015"}],"wp:term":[{"taxonomy":"product_brand","embeddable":true,"href":"https:\/\/roveyayinevi.com.tr\/index.php\/wp-json\/wp\/v2\/product_brand?post=692015"},{"taxonomy":"product_cat","embeddable":true,"href":"https:\/\/roveyayinevi.com.tr\/index.php\/wp-json\/wp\/v2\/product_cat?post=692015"},{"taxonomy":"product_tag","embeddable":true,"href":"https:\/\/roveyayinevi.com.tr\/index.php\/wp-json\/wp\/v2\/product_tag?post=692015"}],"curies":[{"name":"wp","href":"https:\/\/api.w.org\/{rel}","templated":true}]}}