{"id":692014,"date":"2025-08-27T14:02:37","date_gmt":"2025-08-27T11:02:37","guid":{"rendered":"https:\/\/roveyayinevi.com.tr\/index.php\/urun\/var-misin-yok-musun\/"},"modified":"2026-04-16T02:02:07","modified_gmt":"2026-04-15T23:02:07","slug":"var-misin-yok-musun","status":"publish","type":"product","link":"https:\/\/roveyayinevi.com.tr\/index.php\/urun\/var-misin-yok-musun\/","title":{"rendered":"Var m\u0131s\u0131n Yok musun?"},"content":{"rendered":"<p>Gelece\u011fe yolculu\u011fa var m\u0131s\u0131n?Hans Christian Andersen \u00d6d\u00fcl\u00fc\u2019n\u00fcn yan\u0131 s\u0131ra 2007 Premio ve 2009 Bancarellino \u00f6d\u00fcllerinin de sahibi olan, \u00e7a\u011fda\u015f \u0130talyan \u00e7ocuk ve gen\u00e7lik edebiyat\u0131n\u0131n en dikkat \u00e7eken yazarlar\u0131ndan Guido Sgardoli, iki gencin dostlu\u011funu anlat\u0131yor. Ya\u015fam\u0131n her alan\u0131nda birbirini tamamlayan gen\u00e7lerin \u00e7\u0131kt\u0131\u011f\u0131 yolculuk, yar\u0131nlar\u0131n\u0131 belirleyecek olaylar ve rastla\u015fmalarla renklenir. Tutkulu bir gezgin olan yazar Sgardoli\u2019den e\u011flenceli, komik, yer yer h\u00fcz\u00fcnl\u00fc ve toplumdaki tekd\u00fczeli\u011fe ili\u015fkin s\u00fcr\u00fckleyici bir gen\u00e7lik roman\u0131.\u0130ki yak\u0131n arkada\u015f, Gabri ile Franco\u2019nun yol hik\u00e2yesi. Biri eksikse, di\u011feri tamamlayan; biri yaln\u0131zsa, di\u011feri kalabal\u0131kla\u015ft\u0131ran; biri korkaksa, di\u011feri cesur; biri matematikse, di\u011feri hayat bilgisi\u2026 \u00c7ocukken batakl\u0131kta ya\u015fad\u0131klar\u0131 ve Gabri\u2019nin, Franco\u2019nun hayat\u0131n\u0131 kurtarmas\u0131yla sonlanan hazin hat\u0131ra, bir anlamda arkada\u015fl\u0131klar\u0131n\u0131n da \u00e7er\u00e7evesini \u00e7izmi\u015ftir. Gabri, \u201cVar m\u0131s\u0131n, yok musun?\u201d diye sordu\u011funda, Franco ister istemez, \u201cVar\u0131m\u201d demek zorundad\u0131r. Ailelerinden gizli tatil yapma fikrine de bu y\u00fczden, \u201cVar\u0131m,\u201d der Franco. \u00c7\u0131kt\u0131klar\u0131 yolculuk, sadece yolun de\u011fil, arkada\u015fl\u0131klar\u0131n\u0131n da nereye gidece\u011finin ipucunu verecektir\u2026\ufffc<\/p>\n","protected":false},"excerpt":{"rendered":"<p>Gelece\u011fe yolculu\u011fa var m\u0131s\u0131n?Hans Christian Andersen \u00d6d\u00fcl\u00fc\u2019n\u00fcn yan\u0131 s\u0131ra 2007 Premio ve 2009 Bancarellino \u00f6d\u00fcllerinin de sahibi olan, \u00e7a\u011fda\u015f \u0130talyan \u00e7ocuk ve gen\u00e7lik edebiyat\u0131n\u0131n en dikkat<span class=\"excerpt-hellip\"> [\u2026]<\/span><\/p>\n","protected":false},"featured_media":0,"template":"","meta":{"_monsterinsights_skip_tracking":false,"_monsterinsights_sitenote_active":false,"_monsterinsights_sitenote_note":"","_monsterinsights_sitenote_category":0},"product_brand":[],"product_cat":[12291,14218],"product_tag":[],"class_list":{"0":"post-692014","1":"product","2":"type-product","3":"status-publish","5":"product_cat-edebiyat","6":"product_cat-italyan-edebiyati","7":"pa_cilt-ciltsiz","8":"pa_tur-kitap","9":"pa_yayinevi-on8-kitap","10":"pa_yazar-guido-sgardoli","12":"first","13":"instock","14":"sale","15":"shipping-taxable","16":"purchasable","17":"product-type-simple"},"_links":{"self":[{"href":"https:\/\/roveyayinevi.com.tr\/index.php\/wp-json\/wp\/v2\/product\/692014","targetHints":{"allow":["GET"]}}],"collection":[{"href":"https:\/\/roveyayinevi.com.tr\/index.php\/wp-json\/wp\/v2\/product"}],"about":[{"href":"https:\/\/roveyayinevi.com.tr\/index.php\/wp-json\/wp\/v2\/types\/product"}],"wp:attachment":[{"href":"https:\/\/roveyayinevi.com.tr\/index.php\/wp-json\/wp\/v2\/media?parent=692014"}],"wp:term":[{"taxonomy":"product_brand","embeddable":true,"href":"https:\/\/roveyayinevi.com.tr\/index.php\/wp-json\/wp\/v2\/product_brand?post=692014"},{"taxonomy":"product_cat","embeddable":true,"href":"https:\/\/roveyayinevi.com.tr\/index.php\/wp-json\/wp\/v2\/product_cat?post=692014"},{"taxonomy":"product_tag","embeddable":true,"href":"https:\/\/roveyayinevi.com.tr\/index.php\/wp-json\/wp\/v2\/product_tag?post=692014"}],"curies":[{"name":"wp","href":"https:\/\/api.w.org\/{rel}","templated":true}]}}