{"id":692013,"date":"2025-08-27T14:02:37","date_gmt":"2025-08-27T11:02:37","guid":{"rendered":"https:\/\/roveyayinevi.com.tr\/index.php\/urun\/suclu\/"},"modified":"2026-04-16T02:02:07","modified_gmt":"2026-04-15T23:02:07","slug":"suclu","status":"publish","type":"product","link":"https:\/\/roveyayinevi.com.tr\/index.php\/urun\/suclu\/","title":{"rendered":"Su\u00e7lu"},"content":{"rendered":"<p>Sevmek nereye kadar ku\u015fat\u0131r insan\u0131, nerede vah\u015file\u015ftirir?Parkta ya\u015fanan bir gecenin ard\u0131ndan hayatlar\u0131 parampar\u00e7a olan iki insan, Frans\u0131z yazar Magali Wi\u00e9ner\u2018\u0131n kaleminde adaleti ar\u0131yor. Evet ve hay\u0131r\u0131n s\u0131n\u0131r\u0131 nerede ba\u015flay\u0131p nerede bitiyor? Ya\u015famlar\u0131 derinden sarsan sorular\u0131n pe\u015finde uzun bir sorgu ve yan\u0131t aray\u0131\u015f\u0131. Her okurun bireysel senaryosunu olu\u015fturmas\u0131na izin veren, ikili ili\u015fkilerde ki\u015fisel s\u0131n\u0131rlar\u0131n nerede ba\u015flay\u0131p nerede bitti\u011fine dair sars\u0131c\u0131 bir roman.Paris\u2019te m\u00fczik festivali vaktidir. 21 Haziran, t\u00fcm ihti\u015fam\u0131yla Paris\u2019in ritim dolu sokaklar\u0131na yay\u0131lm\u0131\u015ft\u0131r. Rodrigues, denize, suya, y\u00fczmeye ba\u011fl\u0131, heyecanl\u0131, dikkatsiz bir erkek; sahnede \u015fark\u0131 s\u00f6yleyen, s\u00f6yledik\u00e7e \u0131\u015f\u0131lt\u0131s\u0131yla b\u00fcy\u00fcleyen, delikanl\u0131n\u0131n i\u00e7ine i\u015fleyen bir k\u0131z, Aur\u00e9lie. Gen\u00e7 Rodrigues, k\u0131za yery\u00fcz\u00fcndeki herhangi bir dilin herhangi bir kelimesiyle betimlenemeyecek \u015fekilde \u00e2\u015f\u0131kt\u0131r. K\u0131z\u0131nsa \u00fcst\u00fc sahne tozuyla kapl\u0131, g\u00f6zleri Paris\u2019in bu\u011fulu perdesiyle \u00f6rt\u00fcl\u00fcd\u00fcr. O gece \u015fiddet ans\u0131z\u0131n sevginin diline dahil oluverdi\u011finde, hem sars\u0131c\u0131 bir dava s\u00fcreci hem de a\u011f\u0131r bir vicdani sorgulama ba\u015flar\u2026 <\/p>\n","protected":false},"excerpt":{"rendered":"<p>Sevmek nereye kadar ku\u015fat\u0131r insan\u0131, nerede vah\u015file\u015ftirir?Parkta ya\u015fanan bir gecenin ard\u0131ndan hayatlar\u0131 parampar\u00e7a olan iki insan, Frans\u0131z yazar Magali Wi\u00e9ner\u2018\u0131n kaleminde adaleti ar\u0131yor. Evet ve hay\u0131r\u0131n<span class=\"excerpt-hellip\"> [\u2026]<\/span><\/p>\n","protected":false},"featured_media":0,"template":"","meta":{"_monsterinsights_skip_tracking":false,"_monsterinsights_sitenote_active":false,"_monsterinsights_sitenote_note":"","_monsterinsights_sitenote_category":0},"product_brand":[],"product_cat":[12291,13376],"product_tag":[],"class_list":{"0":"post-692013","1":"product","2":"type-product","3":"status-publish","5":"product_cat-edebiyat","6":"product_cat-fransiz-edebiyati","7":"pa_cilt-ciltsiz","8":"pa_tur-kitap","9":"pa_yayinevi-on8-kitap","10":"pa_yazar-magali-wiener","12":"first","13":"instock","14":"sale","15":"shipping-taxable","16":"purchasable","17":"product-type-simple"},"_links":{"self":[{"href":"https:\/\/roveyayinevi.com.tr\/index.php\/wp-json\/wp\/v2\/product\/692013","targetHints":{"allow":["GET"]}}],"collection":[{"href":"https:\/\/roveyayinevi.com.tr\/index.php\/wp-json\/wp\/v2\/product"}],"about":[{"href":"https:\/\/roveyayinevi.com.tr\/index.php\/wp-json\/wp\/v2\/types\/product"}],"wp:attachment":[{"href":"https:\/\/roveyayinevi.com.tr\/index.php\/wp-json\/wp\/v2\/media?parent=692013"}],"wp:term":[{"taxonomy":"product_brand","embeddable":true,"href":"https:\/\/roveyayinevi.com.tr\/index.php\/wp-json\/wp\/v2\/product_brand?post=692013"},{"taxonomy":"product_cat","embeddable":true,"href":"https:\/\/roveyayinevi.com.tr\/index.php\/wp-json\/wp\/v2\/product_cat?post=692013"},{"taxonomy":"product_tag","embeddable":true,"href":"https:\/\/roveyayinevi.com.tr\/index.php\/wp-json\/wp\/v2\/product_tag?post=692013"}],"curies":[{"name":"wp","href":"https:\/\/api.w.org\/{rel}","templated":true}]}}