{"id":692012,"date":"2025-08-27T14:02:37","date_gmt":"2025-08-27T11:02:37","guid":{"rendered":"https:\/\/roveyayinevi.com.tr\/index.php\/urun\/kirmizi-baslikli-kiz-agliyor\/"},"modified":"2026-04-16T02:02:07","modified_gmt":"2026-04-15T23:02:07","slug":"kirmizi-baslikli-kiz-agliyor","status":"publish","type":"product","link":"https:\/\/roveyayinevi.com.tr\/index.php\/urun\/kirmizi-baslikli-kiz-agliyor\/","title":{"rendered":"K\u0131rm\u0131z\u0131 Ba\u015fl\u0131kl\u0131 K\u0131z A\u011fl\u0131yor"},"content":{"rendered":"<p>Her masal anlat\u0131ld\u0131\u011f\u0131 gibi de\u011fildir bazen\u2026Alman yazar Beate Teresa Hanika, aile i\u00e7inde ya\u015fad\u0131\u011f\u0131 k\u00e2bustan kendini kurtarmaya \u00e7al\u0131\u015fan bir gen\u00e7 k\u0131z\u0131n \u00f6yk\u00fcs\u00fcne tan\u0131kl\u0131k ediyor. Model olarak ba\u015flad\u0131\u011f\u0131 kariyerinden edebiyat d\u00fcnyas\u0131na ge\u00e7en yazar, bu kitab\u0131n tasla\u011f\u0131 olan \u201cMalvina in der Seifenblase\u201d (Sabun K\u00f6p\u00fc\u011f\u00fcnde Malvina) ile 2007\u2019de Oldenburg \u00c7ocuk ve Gen\u00e7lik Edebiyat\u0131 \u00d6d\u00fcl\u00fc\u2019n\u00fc ald\u0131. 2010 Alman Gen\u00e7lik \u00d6d\u00fclleri\u2019ne aday g\u00f6sterilen Hanika, bu roman\u0131yla 2009 Bayern Eyaleti Sanat \u00d6d\u00fcl\u00fc ve 2010 Hans-im-Gl\u00fcck \u00d6d\u00fcl\u00fc\u2019ne de\u011fer g\u00f6r\u00fcld\u00fc.\u0130lgisiz annesi, g\u00f6z\u00fc sevgililerinden ba\u015fka \u015fey g\u00f6rmeyen ablas\u0131, \u00e7ok iyi anla\u015ft\u0131\u011f\u0131, ancak art\u0131k \u015fehir d\u0131\u015f\u0131ndaki \u00fcniversiteye gitti\u011fi i\u00e7in hafta sonlar\u0131 d\u0131\u015f\u0131nda g\u00f6remedi\u011fi a\u011fabeyi ve dedi\u011fim dedik babas\u0131, Malvina\u2019n\u0131n hayat\u0131ndaki b\u00fcy\u00fck sorunun yan\u0131na bile yakla\u015fam\u0131yorlar. Gen\u00e7 k\u0131z, k\u00fc\u00e7\u00fckl\u00fc\u011f\u00fcnden beri b\u00fcy\u00fckbabas\u0131n\u0131n evinde maruz kald\u0131klar\u0131n\u0131 ailesine anlatmaya \u00e7al\u0131\u015f\u0131yor, ancak onu kimse dinlemiyor. En iyi arkada\u015f\u0131na s\u00f6yleyemiyor, \u00e2\u015f\u0131k oldu\u011fu \u00e7ocu\u011fa anlatam\u0131yor; kimse onu anlam\u0131yor. \u00c7aresiz Malvina k\u00e2busundan kurtulabilecek mi?..<\/p>\n","protected":false},"excerpt":{"rendered":"<p>Her masal anlat\u0131ld\u0131\u011f\u0131 gibi de\u011fildir bazen\u2026Alman yazar Beate Teresa Hanika, aile i\u00e7inde ya\u015fad\u0131\u011f\u0131 k\u00e2bustan kendini kurtarmaya \u00e7al\u0131\u015fan bir gen\u00e7 k\u0131z\u0131n \u00f6yk\u00fcs\u00fcne tan\u0131kl\u0131k ediyor. Model olarak ba\u015flad\u0131\u011f\u0131<span class=\"excerpt-hellip\"> [\u2026]<\/span><\/p>\n","protected":false},"featured_media":0,"template":"","meta":{"_monsterinsights_skip_tracking":false,"_monsterinsights_sitenote_active":false,"_monsterinsights_sitenote_note":"","_monsterinsights_sitenote_category":0},"product_brand":[],"product_cat":[12782,12291],"product_tag":[],"class_list":{"0":"post-692012","1":"product","2":"type-product","3":"status-publish","5":"product_cat-alman-edebiyati","6":"product_cat-edebiyat","7":"pa_cilt-ciltsiz","8":"pa_tur-kitap","9":"pa_yayinevi-on8-kitap","10":"pa_yazar-beate-teresa-hanika","12":"first","13":"instock","14":"sale","15":"shipping-taxable","16":"purchasable","17":"product-type-simple"},"_links":{"self":[{"href":"https:\/\/roveyayinevi.com.tr\/index.php\/wp-json\/wp\/v2\/product\/692012","targetHints":{"allow":["GET"]}}],"collection":[{"href":"https:\/\/roveyayinevi.com.tr\/index.php\/wp-json\/wp\/v2\/product"}],"about":[{"href":"https:\/\/roveyayinevi.com.tr\/index.php\/wp-json\/wp\/v2\/types\/product"}],"wp:attachment":[{"href":"https:\/\/roveyayinevi.com.tr\/index.php\/wp-json\/wp\/v2\/media?parent=692012"}],"wp:term":[{"taxonomy":"product_brand","embeddable":true,"href":"https:\/\/roveyayinevi.com.tr\/index.php\/wp-json\/wp\/v2\/product_brand?post=692012"},{"taxonomy":"product_cat","embeddable":true,"href":"https:\/\/roveyayinevi.com.tr\/index.php\/wp-json\/wp\/v2\/product_cat?post=692012"},{"taxonomy":"product_tag","embeddable":true,"href":"https:\/\/roveyayinevi.com.tr\/index.php\/wp-json\/wp\/v2\/product_tag?post=692012"}],"curies":[{"name":"wp","href":"https:\/\/api.w.org\/{rel}","templated":true}]}}