{"id":692011,"date":"2025-08-27T14:02:37","date_gmt":"2025-08-27T11:02:37","guid":{"rendered":"https:\/\/roveyayinevi.com.tr\/index.php\/urun\/damdaki-melek\/"},"modified":"2026-04-16T02:02:07","modified_gmt":"2026-04-15T23:02:07","slug":"damdaki-melek","status":"publish","type":"product","link":"https:\/\/roveyayinevi.com.tr\/index.php\/urun\/damdaki-melek\/","title":{"rendered":"Damdaki Melek"},"content":{"rendered":"<p>Dostluklar ba\u015flad\u0131\u011f\u0131 gibi yol al\u0131r m\u0131?D\u00f6rt yazar \u2013Sigrid Baffert, Jean-Michel Payet, Maryvonne Rippert ve C\u00e9cile Roumigui\u00e8re d\u00f6rt farkl\u0131 karaktere \u2013Violette, Zik, Satya ve Amos\u2019a can veriyor. G\u00fcn\u00fcm\u00fcz gen\u00e7li\u011finden pek \u00e7ok kareye yer veren \u201cMavi Kirazlar\u201d dizisi, y\u00fczle\u015fmek ve b\u00fcy\u00fcmek \u00fczerine kurgulanm\u0131\u015f bir film tad\u0131nda. Dizinin bu birinci kitab\u0131yla ba\u015flayan ser\u00fcven, Yol Filmi, Acele Etme ve Mavi Ay\u2019la devam ediyor.D\u00f6rt gen\u00e7, d\u00f6rt yak\u0131n arkada\u015f, y\u0131llarca saklanan ortak bir s\u0131r\u2026 Onlar\u0131 birle\u015ftiren karanl\u0131\u011f\u0131, Paris\u2019in \u0131\u015f\u0131klar\u0131 ayd\u0131nlatabilecek mi? Damlar\u0131, sokaklar\u0131, kafeleri, \u015fiir ve filmleriyle k\u0131\u015fa meydan okuyan Paris, yeni bir y\u0131la girmeye haz\u0131rlan\u0131rken, eski film delisi d\u00f6rt arkada\u015f, ge\u00e7mi\u015fi arkalar\u0131nda b\u0131rakmaya haz\u0131r m\u0131?..<\/p>\n","protected":false},"excerpt":{"rendered":"<p>Dostluklar ba\u015flad\u0131\u011f\u0131 gibi yol al\u0131r m\u0131?D\u00f6rt yazar \u2013Sigrid Baffert, Jean-Michel Payet, Maryvonne Rippert ve C\u00e9cile Roumigui\u00e8re d\u00f6rt farkl\u0131 karaktere \u2013Violette, Zik, Satya ve Amos\u2019a can veriyor.<span class=\"excerpt-hellip\"> [\u2026]<\/span><\/p>\n","protected":false},"featured_media":0,"template":"","meta":{"_monsterinsights_skip_tracking":false,"_monsterinsights_sitenote_active":false,"_monsterinsights_sitenote_note":"","_monsterinsights_sitenote_category":0},"product_brand":[],"product_cat":[12291,13376],"product_tag":[],"class_list":{"0":"post-692011","1":"product","2":"type-product","3":"status-publish","5":"product_cat-edebiyat","6":"product_cat-fransiz-edebiyati","7":"pa_cilt-ciltsiz","8":"pa_tur-kitap","9":"pa_yayinevi-on8-kitap","10":"pa_yazar-cecile-roumiguiere","12":"first","13":"instock","14":"sale","15":"shipping-taxable","16":"purchasable","17":"product-type-simple"},"_links":{"self":[{"href":"https:\/\/roveyayinevi.com.tr\/index.php\/wp-json\/wp\/v2\/product\/692011","targetHints":{"allow":["GET"]}}],"collection":[{"href":"https:\/\/roveyayinevi.com.tr\/index.php\/wp-json\/wp\/v2\/product"}],"about":[{"href":"https:\/\/roveyayinevi.com.tr\/index.php\/wp-json\/wp\/v2\/types\/product"}],"wp:attachment":[{"href":"https:\/\/roveyayinevi.com.tr\/index.php\/wp-json\/wp\/v2\/media?parent=692011"}],"wp:term":[{"taxonomy":"product_brand","embeddable":true,"href":"https:\/\/roveyayinevi.com.tr\/index.php\/wp-json\/wp\/v2\/product_brand?post=692011"},{"taxonomy":"product_cat","embeddable":true,"href":"https:\/\/roveyayinevi.com.tr\/index.php\/wp-json\/wp\/v2\/product_cat?post=692011"},{"taxonomy":"product_tag","embeddable":true,"href":"https:\/\/roveyayinevi.com.tr\/index.php\/wp-json\/wp\/v2\/product_tag?post=692011"}],"curies":[{"name":"wp","href":"https:\/\/api.w.org\/{rel}","templated":true}]}}