{"id":692007,"date":"2025-08-27T14:02:36","date_gmt":"2025-08-27T11:02:36","guid":{"rendered":"https:\/\/roveyayinevi.com.tr\/index.php\/urun\/onlardan-biri\/"},"modified":"2026-04-16T02:02:07","modified_gmt":"2026-04-15T23:02:07","slug":"onlardan-biri","status":"publish","type":"product","link":"https:\/\/roveyayinevi.com.tr\/index.php\/urun\/onlardan-biri\/","title":{"rendered":"Onlardan Biri"},"content":{"rendered":"<p>Be\u015f ya\u015fam be\u015f g\u00fcnde nas\u0131l de\u011fi\u015febilir?Her ya\u015f i\u00e7in yazd\u0131\u011f\u0131 romanlar\u0131nda, g\u00f6\u00e7menli\u011fi, gen\u00e7lerin sert ya\u015famlar\u0131n\u0131 ve toplumun gence bak\u0131\u015f\u0131n\u0131 konu edinen Alman yazar Zoran Drvenkar, \u00e7ok \u00f6d\u00fcll\u00fc bu kitab\u0131nda metropol\u00fcn yuttu\u011fu gen\u00e7lerin i\u00e7 d\u00fcnyas\u0131na ayna tutuyor. 2014\u2019te \u0130stanbul\u2019da okurlar\u0131yla bulu\u015fan yazar, Almanya\u2019da ya\u015fanan g\u00f6\u00e7menlik sorununa sokak cephesinden yakla\u015f\u0131yor ve yeni g\u00f6\u00e7men gruplar\u0131n aras\u0131na kar\u0131\u015farak d\u00fcnyaya onlar\u0131n g\u00f6z\u00fcnden bak\u0131yor. Sevgisiz b\u00fcy\u00fcmenin ve s\u00fcrekli kendini ispatlama \u00e7abas\u0131n\u0131n i\u00e7inde, ayr\u0131\u015ft\u0131r\u0131lmas\u0131 m\u00fcmk\u00fcn olmayan, \u00e7\u0131k\u0131\u015f\u0131 da kolay kolay bulunmayan karanl\u0131k yollar, Drvenkar\u2019\u0131n roman\u0131nda hayat buluyor. Yazar\u0131n ON8\u2019deki ikinci kitab\u0131 Aleve Dokunmak\u2019\u0131n yan\u0131 s\u0131ra K\u0131sa Pantolonlular \u00c7etesi, So\u011fuktan Korkmayan Tek Ku\u015f ve Yerde A\u011f\u0131r G\u00f6kte Hafif gibi \u00e7ok sevilen \u00e7ocuk kitaplar\u0131 da var.\u00d6nce \u00e7aresizlik mi vard\u0131, \u015fiddet mi? Yoksa bu, i\u00e7 i\u00e7e ge\u00e7mi\u015f bir sarmal m\u0131? Dilsel ve sosyal a\u00e7\u0131dan al\u0131\u015fma s\u00fcrecini tamamlayamadan yeni ortamlar\u0131nda girdikleri var olu\u015f m\u00fccadelesinin be\u015f g\u00fcn\u00fcne sorgusuz sualsiz bir tan\u0131kl\u0131k\u2026 Cengiz, Bukle, Krca, Marco, Jasmin ve di\u011ferlerinin sokaklarda ge\u00e7en m\u00fccadelesi dostluk ve ihanetle yo\u011fruluyor. \u00c7ete sava\u015flar\u0131n\u0131n, ihanetin \u00f6ld\u00fcremedi\u011fi bir \u015fey varsa, o da dostluk de\u011fil mi?\ufffc<\/p>\n","protected":false},"excerpt":{"rendered":"<p>Be\u015f ya\u015fam be\u015f g\u00fcnde nas\u0131l de\u011fi\u015febilir?Her ya\u015f i\u00e7in yazd\u0131\u011f\u0131 romanlar\u0131nda, g\u00f6\u00e7menli\u011fi, gen\u00e7lerin sert ya\u015famlar\u0131n\u0131 ve toplumun gence bak\u0131\u015f\u0131n\u0131 konu edinen Alman yazar Zoran Drvenkar, \u00e7ok \u00f6d\u00fcll\u00fc<span class=\"excerpt-hellip\"> [\u2026]<\/span><\/p>\n","protected":false},"featured_media":0,"template":"","meta":{"_monsterinsights_skip_tracking":false,"_monsterinsights_sitenote_active":false,"_monsterinsights_sitenote_note":"","_monsterinsights_sitenote_category":0},"product_brand":[],"product_cat":[12782,12291],"product_tag":[],"class_list":{"0":"post-692007","1":"product","2":"type-product","3":"status-publish","5":"product_cat-alman-edebiyati","6":"product_cat-edebiyat","7":"pa_cilt-ciltsiz","8":"pa_tur-kitap","9":"pa_yayinevi-on8-kitap","10":"pa_yazar-zoran-drvenkar","12":"first","13":"instock","14":"sale","15":"shipping-taxable","16":"purchasable","17":"product-type-simple"},"_links":{"self":[{"href":"https:\/\/roveyayinevi.com.tr\/index.php\/wp-json\/wp\/v2\/product\/692007","targetHints":{"allow":["GET"]}}],"collection":[{"href":"https:\/\/roveyayinevi.com.tr\/index.php\/wp-json\/wp\/v2\/product"}],"about":[{"href":"https:\/\/roveyayinevi.com.tr\/index.php\/wp-json\/wp\/v2\/types\/product"}],"wp:attachment":[{"href":"https:\/\/roveyayinevi.com.tr\/index.php\/wp-json\/wp\/v2\/media?parent=692007"}],"wp:term":[{"taxonomy":"product_brand","embeddable":true,"href":"https:\/\/roveyayinevi.com.tr\/index.php\/wp-json\/wp\/v2\/product_brand?post=692007"},{"taxonomy":"product_cat","embeddable":true,"href":"https:\/\/roveyayinevi.com.tr\/index.php\/wp-json\/wp\/v2\/product_cat?post=692007"},{"taxonomy":"product_tag","embeddable":true,"href":"https:\/\/roveyayinevi.com.tr\/index.php\/wp-json\/wp\/v2\/product_tag?post=692007"}],"curies":[{"name":"wp","href":"https:\/\/api.w.org\/{rel}","templated":true}]}}