{"id":692006,"date":"2025-08-27T14:02:36","date_gmt":"2025-08-27T11:02:36","guid":{"rendered":"https:\/\/roveyayinevi.com.tr\/index.php\/urun\/acele-etme\/"},"modified":"2026-04-16T02:02:07","modified_gmt":"2026-04-15T23:02:07","slug":"acele-etme","status":"publish","type":"product","link":"https:\/\/roveyayinevi.com.tr\/index.php\/urun\/acele-etme\/","title":{"rendered":"Acele Etme"},"content":{"rendered":"<p>Gen\u00e7ler yol ayr\u0131m\u0131nda, istenmeyen konuksa yolda.D\u00f6rt yazar\u0131n \u2013Sigrid Baffert, Jean-Michel Payet, Maryvonne Rippert ve C\u00e9cile Roumigui\u00e8re\u2013 d\u00f6rt farkl\u0131 karaktere can verdi\u011fi \u201cMavi Kirazlar\u201d dizisi \u00fc\u00e7\u00fcnc\u00fc kitapla devam ediyor. \u0130lk kitaplar Damdaki Melek ve Yol Filmi\u2019yle ba\u015flayan gizemli macerada bu kez, \u00fc\u00e7 y\u0131l boyunca bir s\u0131rr\u0131n karanl\u0131\u011f\u0131nda yollar\u0131n\u0131 bulmaya \u00e7al\u0131\u015fan gen\u00e7ler ge\u00e7mi\u015fle y\u00fczle\u015fiyor. Se\u00e7imler yapmak ve b\u00fcy\u00fcmek \u00fczerine kurgulanm\u0131\u015f bir film tad\u0131ndaki dizinin son kitab\u0131 Mavi Ay.Mavi Kirazlar\u2019da parti zaman\u0131! Yeni y\u0131l\u0131 kutlayan Paris, seslerle ve renklerle titre\u015firken, u\u00e7urumun k\u0131y\u0131s\u0131ndaki d\u00f6rt gen\u00e7, ge\u00e7mi\u015fin hayaletleriyle y\u00fczle\u015fiyor. \u00dc\u00e7 y\u0131la yay\u0131lan k\u00e2bus sona m\u0131 eriyor, yoksa yerini yeni bir karabasana m\u0131 b\u0131rak\u0131yor?..<\/p>\n","protected":false},"excerpt":{"rendered":"<p>Gen\u00e7ler yol ayr\u0131m\u0131nda, istenmeyen konuksa yolda.D\u00f6rt yazar\u0131n \u2013Sigrid Baffert, Jean-Michel Payet, Maryvonne Rippert ve C\u00e9cile Roumigui\u00e8re\u2013 d\u00f6rt farkl\u0131 karaktere can verdi\u011fi \u201cMavi Kirazlar\u201d dizisi \u00fc\u00e7\u00fcnc\u00fc kitapla<span class=\"excerpt-hellip\"> [\u2026]<\/span><\/p>\n","protected":false},"featured_media":0,"template":"","meta":{"_monsterinsights_skip_tracking":false,"_monsterinsights_sitenote_active":false,"_monsterinsights_sitenote_note":"","_monsterinsights_sitenote_category":0},"product_brand":[],"product_cat":[12291,13376],"product_tag":[],"class_list":{"0":"post-692006","1":"product","2":"type-product","3":"status-publish","5":"product_cat-edebiyat","6":"product_cat-fransiz-edebiyati","7":"pa_cilt-ciltsiz","8":"pa_tur-kitap","9":"pa_yayinevi-on8-kitap","10":"pa_yazar-cecile-roumiguiere","12":"first","13":"instock","14":"sale","15":"shipping-taxable","16":"purchasable","17":"product-type-simple"},"_links":{"self":[{"href":"https:\/\/roveyayinevi.com.tr\/index.php\/wp-json\/wp\/v2\/product\/692006","targetHints":{"allow":["GET"]}}],"collection":[{"href":"https:\/\/roveyayinevi.com.tr\/index.php\/wp-json\/wp\/v2\/product"}],"about":[{"href":"https:\/\/roveyayinevi.com.tr\/index.php\/wp-json\/wp\/v2\/types\/product"}],"wp:attachment":[{"href":"https:\/\/roveyayinevi.com.tr\/index.php\/wp-json\/wp\/v2\/media?parent=692006"}],"wp:term":[{"taxonomy":"product_brand","embeddable":true,"href":"https:\/\/roveyayinevi.com.tr\/index.php\/wp-json\/wp\/v2\/product_brand?post=692006"},{"taxonomy":"product_cat","embeddable":true,"href":"https:\/\/roveyayinevi.com.tr\/index.php\/wp-json\/wp\/v2\/product_cat?post=692006"},{"taxonomy":"product_tag","embeddable":true,"href":"https:\/\/roveyayinevi.com.tr\/index.php\/wp-json\/wp\/v2\/product_tag?post=692006"}],"curies":[{"name":"wp","href":"https:\/\/api.w.org\/{rel}","templated":true}]}}