{"id":692005,"date":"2025-08-27T14:02:35","date_gmt":"2025-08-27T11:02:35","guid":{"rendered":"https:\/\/roveyayinevi.com.tr\/index.php\/urun\/1-manga\/"},"modified":"2026-04-16T02:02:07","modified_gmt":"2026-04-15T23:02:07","slug":"1-manga","status":"publish","type":"product","link":"https:\/\/roveyayinevi.com.tr\/index.php\/urun\/1-manga\/","title":{"rendered":"1. Manga"},"content":{"rendered":"<p>Sava\u015f\u0131n ac\u0131mas\u0131z ikliminde gen\u00e7 kal\u0131nabilir mi?ABD\u2019de uzun s\u00fcre Gen\u00e7lik Edebiyat\u0131 El\u00e7ili\u011fi de yapan, \u00e7ok \u00f6d\u00fcll\u00fc yazar Walter Dean Myers, Canavar\u2019dan sonra ON8\u2019deki bu ikinci roman\u0131nda, \u00e7a\u011fda\u015f bir sava\u015fa, o sava\u015fta bulunan gen\u00e7lerin g\u00f6z\u00fcnden, s\u0131f\u0131r y\u00fckseklikten bak\u0131yor. 2014\u2019te ya\u015fama veda eden Myers, alevi her g\u00fcn yeniden k\u00f6r\u00fcklenen bir sava\u015f\u0131n g\u00f6lgesinde, sava\u015f\u0131n neden oldu\u011fu can kayb\u0131n\u0131n yaln\u0131zca bedenleri de\u011fil, insanlar\u0131n ruhsal yap\u0131s\u0131n\u0131 da yaralad\u0131\u011f\u0131n\u0131 anlat\u0131yor ve g\u00fcn\u00fcm\u00fcz d\u00fcnyas\u0131n\u0131n ka\u00e7\u0131n\u0131lmaz ger\u00e7e\u011fine i\u015faret ediyor: Devletler kazan\u0131rken, insanlar giderek yok say\u0131l\u0131yor\u2026\u201c\u00d6zg\u00fcrle\u015ftirme Operasyonu\u201d ad\u0131 alt\u0131nda bir araya getirilen askerler i\u00e7in g\u00f6revin tek bir anlam\u0131 vard\u0131r: Sava\u015f! Halk\u0131 kazanarak bar\u0131\u015f\u0131 kurmakla g\u00f6revlendirilmi\u015f Sivil \u0130\u015fler\u2019deki gen\u00e7 askerler, kendilerine tan\u0131mlanan bu kazan\u0131m s\u00fcrecinde, verilecek kay\u0131plar\u0131n da, tan\u0131k olacaklar\u0131n\u0131n da hen\u00fcz bilincinde de\u011fildir. Birinci a\u011f\u0131zdan anlat\u0131mlar, \u015fa\u015fk\u0131n zihinlerde beliren soru i\u015faretleri, \u00f6l\u00fcm\u00fcn y\u00fcz\u00fc ve kokusu, korku dolu bekleyi\u015fler, hepsi de zamanla mektuplar ve g\u00fcncelerde hayat bulur. Kafalar kar\u0131\u015f\u0131r. D\u00fc\u015fman\u0131n bile kim oldu\u011fu belli de\u011fildir. Ya dostlar? Onlar\u0131n kim oldu\u011fu belli midir?..\ufffc<\/p>\n","protected":false},"excerpt":{"rendered":"<p>Sava\u015f\u0131n ac\u0131mas\u0131z ikliminde gen\u00e7 kal\u0131nabilir mi?ABD\u2019de uzun s\u00fcre Gen\u00e7lik Edebiyat\u0131 El\u00e7ili\u011fi de yapan, \u00e7ok \u00f6d\u00fcll\u00fc yazar Walter Dean Myers, Canavar\u2019dan sonra ON8\u2019deki bu ikinci roman\u0131nda, \u00e7a\u011fda\u015f<span class=\"excerpt-hellip\"> [\u2026]<\/span><\/p>\n","protected":false},"featured_media":0,"template":"","meta":{"_monsterinsights_skip_tracking":false,"_monsterinsights_sitenote_active":false,"_monsterinsights_sitenote_note":"","_monsterinsights_sitenote_category":0},"product_brand":[],"product_cat":[12891,12291],"product_tag":[],"class_list":{"0":"post-692005","1":"product","2":"type-product","3":"status-publish","5":"product_cat-amerikan-edebiyati","6":"product_cat-edebiyat","7":"pa_cilt-ciltsiz","8":"pa_tur-kitap","9":"pa_yayinevi-on8-kitap","10":"pa_yazar-walter-dean-myers","12":"first","13":"instock","14":"sale","15":"shipping-taxable","16":"purchasable","17":"product-type-simple"},"_links":{"self":[{"href":"https:\/\/roveyayinevi.com.tr\/index.php\/wp-json\/wp\/v2\/product\/692005","targetHints":{"allow":["GET"]}}],"collection":[{"href":"https:\/\/roveyayinevi.com.tr\/index.php\/wp-json\/wp\/v2\/product"}],"about":[{"href":"https:\/\/roveyayinevi.com.tr\/index.php\/wp-json\/wp\/v2\/types\/product"}],"wp:attachment":[{"href":"https:\/\/roveyayinevi.com.tr\/index.php\/wp-json\/wp\/v2\/media?parent=692005"}],"wp:term":[{"taxonomy":"product_brand","embeddable":true,"href":"https:\/\/roveyayinevi.com.tr\/index.php\/wp-json\/wp\/v2\/product_brand?post=692005"},{"taxonomy":"product_cat","embeddable":true,"href":"https:\/\/roveyayinevi.com.tr\/index.php\/wp-json\/wp\/v2\/product_cat?post=692005"},{"taxonomy":"product_tag","embeddable":true,"href":"https:\/\/roveyayinevi.com.tr\/index.php\/wp-json\/wp\/v2\/product_tag?post=692005"}],"curies":[{"name":"wp","href":"https:\/\/api.w.org\/{rel}","templated":true}]}}