{"id":691996,"date":"2025-08-27T14:02:34","date_gmt":"2025-08-27T11:02:34","guid":{"rendered":"https:\/\/roveyayinevi.com.tr\/index.php\/urun\/falaka-4\/"},"modified":"2026-04-05T02:02:20","modified_gmt":"2026-04-04T23:02:20","slug":"falaka-4","status":"publish","type":"product","link":"https:\/\/roveyayinevi.com.tr\/index.php\/urun\/falaka-4\/","title":{"rendered":"Falaka"},"content":{"rendered":"<p>Sabahlar\u0131 \u00c7ar\u015f\u0131 Camii&#8217;nin arkas\u0131ndaki y\u0131k\u0131k jandarma ah\u0131rlar\u0131n\u0131n \u00f6n\u00fcnden, bir ser\u00e7e s\u00fcr\u00fcs\u00fc gibi c\u0131v\u0131lda\u015farak ge\u00e7erdik. Okul biraz daha ileride, al\u00e7ak duvarl\u0131, olduk\u00e7a geni\u015f bir avlunun ortas\u0131nda idi. Tek katl\u0131 bir yerdi, etraf\u0131nda y\u00fckselen b\u00fcy\u00fck kestane a\u011fa\u00e7lar\u0131n\u0131n birbirine kar\u0131\u015fm\u0131\u015f koyu g\u00f6lgeleri, b\u00fct\u00fcn \u00e7at\u0131s\u0131n\u0131 kaplard\u0131. Biz daha, avlunun kap\u0131s\u0131ndan girmeden Hoca efendinin bulunup bulunmad\u0131\u011f\u0131n\u0131, \u015f\u00f6yle bir bakar, anlard\u0131k: <\/p>\n","protected":false},"excerpt":{"rendered":"<p>Sabahlar\u0131 \u00c7ar\u015f\u0131 Camii&#8217;nin arkas\u0131ndaki y\u0131k\u0131k jandarma ah\u0131rlar\u0131n\u0131n \u00f6n\u00fcnden, bir ser\u00e7e s\u00fcr\u00fcs\u00fc gibi c\u0131v\u0131lda\u015farak ge\u00e7erdik. Okul biraz daha ileride, al\u00e7ak duvarl\u0131, olduk\u00e7a geni\u015f bir avlunun ortas\u0131nda idi.<span class=\"excerpt-hellip\"> [\u2026]<\/span><\/p>\n","protected":false},"featured_media":0,"template":"","meta":{"_monsterinsights_skip_tracking":false,"_monsterinsights_sitenote_active":false,"_monsterinsights_sitenote_note":"","_monsterinsights_sitenote_category":0},"product_brand":[],"product_cat":[12274,12284],"product_tag":[],"class_list":{"0":"post-691996","1":"product","2":"type-product","3":"status-publish","5":"product_cat-cocuk-ve-genclik-kitaplari","6":"product_cat-hikayeler","7":"pa_tur-kitap","8":"pa_yayinevi-parilti-yayinlari","9":"pa_yazar-omer-seyfettin","11":"first","12":"instock","13":"sale","14":"shipping-taxable","15":"purchasable","16":"product-type-simple"},"_links":{"self":[{"href":"https:\/\/roveyayinevi.com.tr\/index.php\/wp-json\/wp\/v2\/product\/691996","targetHints":{"allow":["GET"]}}],"collection":[{"href":"https:\/\/roveyayinevi.com.tr\/index.php\/wp-json\/wp\/v2\/product"}],"about":[{"href":"https:\/\/roveyayinevi.com.tr\/index.php\/wp-json\/wp\/v2\/types\/product"}],"wp:attachment":[{"href":"https:\/\/roveyayinevi.com.tr\/index.php\/wp-json\/wp\/v2\/media?parent=691996"}],"wp:term":[{"taxonomy":"product_brand","embeddable":true,"href":"https:\/\/roveyayinevi.com.tr\/index.php\/wp-json\/wp\/v2\/product_brand?post=691996"},{"taxonomy":"product_cat","embeddable":true,"href":"https:\/\/roveyayinevi.com.tr\/index.php\/wp-json\/wp\/v2\/product_cat?post=691996"},{"taxonomy":"product_tag","embeddable":true,"href":"https:\/\/roveyayinevi.com.tr\/index.php\/wp-json\/wp\/v2\/product_tag?post=691996"}],"curies":[{"name":"wp","href":"https:\/\/api.w.org\/{rel}","templated":true}]}}