{"id":691988,"date":"2025-08-27T14:02:32","date_gmt":"2025-08-27T11:02:32","guid":{"rendered":"https:\/\/roveyayinevi.com.tr\/index.php\/urun\/arilar-ordusu\/"},"modified":"2026-04-16T02:02:06","modified_gmt":"2026-04-15T23:02:06","slug":"arilar-ordusu","status":"publish","type":"product","link":"https:\/\/roveyayinevi.com.tr\/index.php\/urun\/arilar-ordusu\/","title":{"rendered":"Ar\u0131lar Ordusu"},"content":{"rendered":"<p>NEMRUD\u2019u \u00f6ld\u00fcrm\u00fc\u015f tek kanatl\u0131 bir ar\u0131y\u0131m ben. Nemrud ki, yedi da\u011fa, yedi ovaya egemen bir h\u00fck\u00fcmdard\u0131. Atlar\u0131 bile benzemezdi bildiklerinize. Hele \u00f6n ayaklar\u0131 k\u0131sa olan\u0131n\u0131n, bir e\u015fi daha yoktu \u015fu d\u00fcnya y\u00fcz\u00fcnde. Nas\u0131l m\u0131? Nemrud, da\u011fa \u00e7\u0131karken, \u00f6ne arkaya gidip gelmesin diye, bu at\u0131n \u00f6n ayaklar\u0131 k\u0131sac\u0131kt\u0131. Da\u011fdan inerken de \u00f6n ayaklar\u0131, z\u00fcrafan\u0131n ayaklar\u0131 gibi uzun, upuzun bir at\u0131 vard\u0131 Nemrud\u2019un. G\u00f6zlerimle g\u00f6rd\u00fcm bu atlar\u0131. Tektek da\u011f\u0131nda bir \u015f\u00f6lene kat\u0131lm\u0131\u015ft\u0131. Ben de bir \u00e7\u0131rp\u0131daya konmu\u015ftum. Gelip ge\u00e7ti yan\u0131mdan. U\u00e7up yeti\u015femedim arkas\u0131ndan. \u00c7\u00fcnk\u00fc kanad\u0131m\u0131n biri yoktu benim. Ama olup bitenleri uzaktan da olsa izledim ve d\u00fc\u015f\u00fcnd\u00fcm hep. Nemrud\u2019u \u00f6ld\u00fcrebilmek kolay m\u0131? Bir u\u00e7tum, bin d\u00fc\u015f\u00fcnd\u00fcm.<\/p>\n","protected":false},"excerpt":{"rendered":"<p>NEMRUD\u2019u \u00f6ld\u00fcrm\u00fc\u015f tek kanatl\u0131 bir ar\u0131y\u0131m ben. Nemrud ki, yedi da\u011fa, yedi ovaya egemen bir h\u00fck\u00fcmdard\u0131. Atlar\u0131 bile benzemezdi bildiklerinize. Hele \u00f6n ayaklar\u0131 k\u0131sa olan\u0131n\u0131n, bir<span class=\"excerpt-hellip\"> [\u2026]<\/span><\/p>\n","protected":false},"featured_media":0,"template":"","meta":{"_monsterinsights_skip_tracking":false,"_monsterinsights_sitenote_active":false,"_monsterinsights_sitenote_note":"","_monsterinsights_sitenote_category":0},"product_brand":[],"product_cat":[12274,12284],"product_tag":[],"class_list":{"0":"post-691988","1":"product","2":"type-product","3":"status-publish","5":"product_cat-cocuk-ve-genclik-kitaplari","6":"product_cat-hikayeler","7":"pa_cilt-ciltsiz","8":"pa_tur-kitap","9":"pa_yayinevi-ozyurek-yayinlari","10":"pa_yazar-bekir-yildiz","12":"first","13":"instock","14":"sale","15":"shipping-taxable","16":"purchasable","17":"product-type-simple"},"_links":{"self":[{"href":"https:\/\/roveyayinevi.com.tr\/index.php\/wp-json\/wp\/v2\/product\/691988","targetHints":{"allow":["GET"]}}],"collection":[{"href":"https:\/\/roveyayinevi.com.tr\/index.php\/wp-json\/wp\/v2\/product"}],"about":[{"href":"https:\/\/roveyayinevi.com.tr\/index.php\/wp-json\/wp\/v2\/types\/product"}],"wp:attachment":[{"href":"https:\/\/roveyayinevi.com.tr\/index.php\/wp-json\/wp\/v2\/media?parent=691988"}],"wp:term":[{"taxonomy":"product_brand","embeddable":true,"href":"https:\/\/roveyayinevi.com.tr\/index.php\/wp-json\/wp\/v2\/product_brand?post=691988"},{"taxonomy":"product_cat","embeddable":true,"href":"https:\/\/roveyayinevi.com.tr\/index.php\/wp-json\/wp\/v2\/product_cat?post=691988"},{"taxonomy":"product_tag","embeddable":true,"href":"https:\/\/roveyayinevi.com.tr\/index.php\/wp-json\/wp\/v2\/product_tag?post=691988"}],"curies":[{"name":"wp","href":"https:\/\/api.w.org\/{rel}","templated":true}]}}