{"id":691972,"date":"2025-08-27T14:02:29","date_gmt":"2025-08-27T11:02:29","guid":{"rendered":"https:\/\/roveyayinevi.com.tr\/index.php\/urun\/ferman-2\/"},"modified":"2026-04-05T02:02:19","modified_gmt":"2026-04-04T23:02:19","slug":"ferman-2","status":"publish","type":"product","link":"https:\/\/roveyayinevi.com.tr\/index.php\/urun\/ferman-2\/","title":{"rendered":"Ferman"},"content":{"rendered":"<p>Tufanda gibiydik. G\u00f6k delinmi\u015f gibi aral\u0131ks\u0131z ya\u011fmurlar ya\u011f\u0131yor ve b\u00fct\u00fcn ordu Semlin&#8217;e do\u011fru sel, \u00e7amur, sis ve bora i\u00e7erisinde ilerliyordu. Belgrat-\u015eaba\u00e7 yolu \u00e7\u00f6km\u00fc\u015ft\u00fc. Karanl\u0131k ormanlara, sarp yoku\u015flara, u\u00e7urumlu da\u011flara al\u0131\u015fk\u0131n olmayan ta\u015f\u0131ma develeri, yedek\u00e7ileriyle beraber kaybolmu\u015flard\u0131. Subaylar ba\u011f\u0131r\u0131yor, boru sesleri i\u015fitiliyor, atlar ki\u015fniyordu. Hatta padi\u015fah\u0131n ota\u011f\u0131 bile meydanda yoktu. Bu k\u0131sa yol, \u00fc\u00e7 g\u00fcnd\u00fcr bitip t\u00fckenmiyordu. <\/p>\n","protected":false},"excerpt":{"rendered":"<p>Tufanda gibiydik. G\u00f6k delinmi\u015f gibi aral\u0131ks\u0131z ya\u011fmurlar ya\u011f\u0131yor ve b\u00fct\u00fcn ordu Semlin&#8217;e do\u011fru sel, \u00e7amur, sis ve bora i\u00e7erisinde ilerliyordu. Belgrat-\u015eaba\u00e7 yolu \u00e7\u00f6km\u00fc\u015ft\u00fc. Karanl\u0131k ormanlara, sarp<span class=\"excerpt-hellip\"> [\u2026]<\/span><\/p>\n","protected":false},"featured_media":0,"template":"","meta":{"_monsterinsights_skip_tracking":false,"_monsterinsights_sitenote_active":false,"_monsterinsights_sitenote_note":"","_monsterinsights_sitenote_category":0},"product_brand":[],"product_cat":[12274,12284],"product_tag":[],"class_list":{"0":"post-691972","1":"product","2":"type-product","3":"status-publish","5":"product_cat-cocuk-ve-genclik-kitaplari","6":"product_cat-hikayeler","7":"pa_tur-kitap","8":"pa_yayinevi-parilti-yayinlari","9":"pa_yazar-omer-seyfettin","11":"first","12":"instock","13":"sale","14":"shipping-taxable","15":"purchasable","16":"product-type-simple"},"_links":{"self":[{"href":"https:\/\/roveyayinevi.com.tr\/index.php\/wp-json\/wp\/v2\/product\/691972","targetHints":{"allow":["GET"]}}],"collection":[{"href":"https:\/\/roveyayinevi.com.tr\/index.php\/wp-json\/wp\/v2\/product"}],"about":[{"href":"https:\/\/roveyayinevi.com.tr\/index.php\/wp-json\/wp\/v2\/types\/product"}],"wp:attachment":[{"href":"https:\/\/roveyayinevi.com.tr\/index.php\/wp-json\/wp\/v2\/media?parent=691972"}],"wp:term":[{"taxonomy":"product_brand","embeddable":true,"href":"https:\/\/roveyayinevi.com.tr\/index.php\/wp-json\/wp\/v2\/product_brand?post=691972"},{"taxonomy":"product_cat","embeddable":true,"href":"https:\/\/roveyayinevi.com.tr\/index.php\/wp-json\/wp\/v2\/product_cat?post=691972"},{"taxonomy":"product_tag","embeddable":true,"href":"https:\/\/roveyayinevi.com.tr\/index.php\/wp-json\/wp\/v2\/product_tag?post=691972"}],"curies":[{"name":"wp","href":"https:\/\/api.w.org\/{rel}","templated":true}]}}