{"id":691960,"date":"2025-08-27T14:02:27","date_gmt":"2025-08-27T11:02:27","guid":{"rendered":"https:\/\/roveyayinevi.com.tr\/index.php\/urun\/diyet-160-sayfa\/"},"modified":"2026-04-08T02:02:19","modified_gmt":"2026-04-07T23:02:19","slug":"diyet-160-sayfa","status":"publish","type":"product","link":"https:\/\/roveyayinevi.com.tr\/index.php\/urun\/diyet-160-sayfa\/","title":{"rendered":"Diyet (160 Sayfa)"},"content":{"rendered":"<p>Kap\u0131dan ba\u015fka ayd\u0131nl\u0131k girecek hi\u00e7bir yeri olmayan d\u00fckk\u00e2n\u0131nda, tek ba\u015f\u0131na, gece g\u00fcnd\u00fcz \u00e7al\u0131\u015fan Koca Ali, t\u0131pk\u0131 kafese konmu\u015f terbiyeli bir aslan\u0131 and\u0131r\u0131yordu. Uzun boylu, iri elli, kal\u0131n paz\u0131l\u0131, geni\u015f omuzlu bir pehlivand\u0131. On y\u0131ld\u0131r bu karanl\u0131\u011f\u0131n i\u00e7inde ham demirden d\u00f6vd\u00fc\u011f\u00fc k\u0131l\u0131\u00e7 namlular\u0131 b\u00fct\u00fcn Anadolu&#8217;da, b\u00fct\u00fcn Rumeli&#8217;de, s\u0131n\u0131r boylar\u0131nda b\u00fcy\u00fck bir \u00fcn kazanm\u0131\u015ft\u0131. \u0130stanbul&#8217;da bile yeni\u00e7eriler, sat\u0131n alacaklar\u0131 kamalar\u0131n, sald\u0131rmalar\u0131n, yata\u011fanlar\u0131n \u00fcst\u00fcnde  Ali Ustan\u0131n i\u015fi  damgas\u0131n\u0131 ar\u0131yorlard\u0131. O, \u00e7eli\u011fe su vermesini biliyordu. Uzun k\u0131l\u0131\u00e7lar de\u011fil, yapt\u0131\u011f\u0131 k\u0131sac\u0131k b\u0131\u00e7aklar bile kapan\u0131nca iki kat olur; k\u0131r\u0131lmazd\u0131.  \u00c7ifte su vermek  sanat\u0131n\u0131n, yaln\u0131z ona \u00f6zg\u00fc bir s\u0131rr\u0131 vard\u0131. Yan\u0131na \u00e7\u0131rak almaz, kimseyle \u00e7ok konu\u015fmaz, d\u00fckk\u00e2n\u0131ndan d\u0131\u015far\u0131 \u00e7\u0131kmaz, durmadan u\u011fra\u015f\u0131rd\u0131. <\/p>\n","protected":false},"excerpt":{"rendered":"<p>Kap\u0131dan ba\u015fka ayd\u0131nl\u0131k girecek hi\u00e7bir yeri olmayan d\u00fckk\u00e2n\u0131nda, tek ba\u015f\u0131na, gece g\u00fcnd\u00fcz \u00e7al\u0131\u015fan Koca Ali, t\u0131pk\u0131 kafese konmu\u015f terbiyeli bir aslan\u0131 and\u0131r\u0131yordu. Uzun boylu, iri elli,<span class=\"excerpt-hellip\"> [\u2026]<\/span><\/p>\n","protected":false},"featured_media":0,"template":"","meta":{"_monsterinsights_skip_tracking":false,"_monsterinsights_sitenote_active":false,"_monsterinsights_sitenote_note":"","_monsterinsights_sitenote_category":0},"product_brand":[],"product_cat":[12274,12284],"product_tag":[],"class_list":{"0":"post-691960","1":"product","2":"type-product","3":"status-publish","5":"product_cat-cocuk-ve-genclik-kitaplari","6":"product_cat-hikayeler","7":"pa_tur-kitap","8":"pa_yayinevi-parilti-yayinlari","9":"pa_yazar-omer-seyfettin","11":"first","12":"instock","13":"sale","14":"shipping-taxable","15":"purchasable","16":"product-type-simple"},"_links":{"self":[{"href":"https:\/\/roveyayinevi.com.tr\/index.php\/wp-json\/wp\/v2\/product\/691960","targetHints":{"allow":["GET"]}}],"collection":[{"href":"https:\/\/roveyayinevi.com.tr\/index.php\/wp-json\/wp\/v2\/product"}],"about":[{"href":"https:\/\/roveyayinevi.com.tr\/index.php\/wp-json\/wp\/v2\/types\/product"}],"wp:attachment":[{"href":"https:\/\/roveyayinevi.com.tr\/index.php\/wp-json\/wp\/v2\/media?parent=691960"}],"wp:term":[{"taxonomy":"product_brand","embeddable":true,"href":"https:\/\/roveyayinevi.com.tr\/index.php\/wp-json\/wp\/v2\/product_brand?post=691960"},{"taxonomy":"product_cat","embeddable":true,"href":"https:\/\/roveyayinevi.com.tr\/index.php\/wp-json\/wp\/v2\/product_cat?post=691960"},{"taxonomy":"product_tag","embeddable":true,"href":"https:\/\/roveyayinevi.com.tr\/index.php\/wp-json\/wp\/v2\/product_tag?post=691960"}],"curies":[{"name":"wp","href":"https:\/\/api.w.org\/{rel}","templated":true}]}}