{"id":691952,"date":"2025-08-27T14:02:25","date_gmt":"2025-08-27T11:02:25","guid":{"rendered":"https:\/\/roveyayinevi.com.tr\/index.php\/urun\/dunyanin-merkezine-seyahat\/"},"modified":"2026-04-16T02:02:06","modified_gmt":"2026-04-15T23:02:06","slug":"dunyanin-merkezine-seyahat","status":"publish","type":"product","link":"https:\/\/roveyayinevi.com.tr\/index.php\/urun\/dunyanin-merkezine-seyahat\/","title":{"rendered":"D\u00fcnya\u2019n\u0131n Merkezine Seyahat"},"content":{"rendered":"<p>\u00dcniversitede madencilik konusunda dersler veren amcam, tamamen kendine has bir ki\u015filikti. Ancak bu dersleri kendisi i\u00e7in ka\u00e7 ki\u015fi dinliyor, \u00f6\u011frencileri derslere geliyorlar m\u0131, devam etmeyen var m\u0131, gibi konularla hi\u00e7 mi hi\u00e7 ilgilenmezdi. Ders anlat\u0131rken anfide millet \u00fcst \u00fcste \u00e7\u0131ksa, sa\u011fda solda g\u0131rg\u0131rdan ge\u00e7ilmese, inan\u0131n amcam bunu fark etmez. Buna kar\u015f\u0131n anfide in cin top oynasa amcam bunun da fark\u0131na varmaz. Latince s\u00f6zleri art arda s\u0131ralar durur. <\/p>\n","protected":false},"excerpt":{"rendered":"<p>\u00dcniversitede madencilik konusunda dersler veren amcam, tamamen kendine has bir ki\u015filikti. Ancak bu dersleri kendisi i\u00e7in ka\u00e7 ki\u015fi dinliyor, \u00f6\u011frencileri derslere geliyorlar m\u0131, devam etmeyen var<span class=\"excerpt-hellip\"> [\u2026]<\/span><\/p>\n","protected":false},"featured_media":0,"template":"","meta":{"_monsterinsights_skip_tracking":false,"_monsterinsights_sitenote_active":false,"_monsterinsights_sitenote_note":"","_monsterinsights_sitenote_category":0},"product_brand":[],"product_cat":[12274,12284],"product_tag":[],"class_list":{"0":"post-691952","1":"product","2":"type-product","3":"status-publish","5":"product_cat-cocuk-ve-genclik-kitaplari","6":"product_cat-hikayeler","7":"pa_tur-kitap","8":"pa_yayinevi-parilti-yayinlari","9":"pa_yazar-jules-verne","11":"first","12":"instock","13":"sale","14":"shipping-taxable","15":"purchasable","16":"product-type-simple"},"_links":{"self":[{"href":"https:\/\/roveyayinevi.com.tr\/index.php\/wp-json\/wp\/v2\/product\/691952","targetHints":{"allow":["GET"]}}],"collection":[{"href":"https:\/\/roveyayinevi.com.tr\/index.php\/wp-json\/wp\/v2\/product"}],"about":[{"href":"https:\/\/roveyayinevi.com.tr\/index.php\/wp-json\/wp\/v2\/types\/product"}],"wp:attachment":[{"href":"https:\/\/roveyayinevi.com.tr\/index.php\/wp-json\/wp\/v2\/media?parent=691952"}],"wp:term":[{"taxonomy":"product_brand","embeddable":true,"href":"https:\/\/roveyayinevi.com.tr\/index.php\/wp-json\/wp\/v2\/product_brand?post=691952"},{"taxonomy":"product_cat","embeddable":true,"href":"https:\/\/roveyayinevi.com.tr\/index.php\/wp-json\/wp\/v2\/product_cat?post=691952"},{"taxonomy":"product_tag","embeddable":true,"href":"https:\/\/roveyayinevi.com.tr\/index.php\/wp-json\/wp\/v2\/product_tag?post=691952"}],"curies":[{"name":"wp","href":"https:\/\/api.w.org\/{rel}","templated":true}]}}