{"id":691951,"date":"2025-08-27T14:02:25","date_gmt":"2025-08-27T11:02:25","guid":{"rendered":"https:\/\/roveyayinevi.com.tr\/index.php\/urun\/divan-siirinden-secmeler\/"},"modified":"2026-04-11T02:02:39","modified_gmt":"2026-04-10T23:02:39","slug":"divan-siirinden-secmeler","status":"publish","type":"product","link":"https:\/\/roveyayinevi.com.tr\/index.php\/urun\/divan-siirinden-secmeler\/","title":{"rendered":"Divan \u015eiirinden Se\u00e7meler"},"content":{"rendered":"<p>Divan \u015eiiri, iddia edildi\u011fi gibi hayat\u0131n d\u0131\u015f\u0131nda de\u011fil, \u00f6zellikle Osmanl\u0131\u2019n\u0131n   y\u00fcksek zevki   i\u00e7inde \u00f6nemli bir yerde durmaktad\u0131r.   Divan \u015eiirinden Se\u00e7meler   isimli bu kitap, yaz\u0131ld\u0131\u011f\u0131 ilk g\u00fcnden, y\u00fczy\u0131l\u0131n ba\u015f\u0131na kadar b\u00fcy\u00fck bir geli\u015fmeyle T\u00fcrk k\u00fclt\u00fcr hayat\u0131n\u0131n i\u00e7ine yerle\u015fmi\u015f olan Divan \u015eiiri\u2019mizin en se\u00e7kin \u00f6rneklerine yer veriyor. <\/p>\n","protected":false},"excerpt":{"rendered":"<p>Divan \u015eiiri, iddia edildi\u011fi gibi hayat\u0131n d\u0131\u015f\u0131nda de\u011fil, \u00f6zellikle Osmanl\u0131\u2019n\u0131n y\u00fcksek zevki i\u00e7inde \u00f6nemli bir yerde durmaktad\u0131r. Divan \u015eiirinden Se\u00e7meler isimli bu kitap, yaz\u0131ld\u0131\u011f\u0131 ilk g\u00fcnden,<span class=\"excerpt-hellip\"> [\u2026]<\/span><\/p>\n","protected":false},"featured_media":0,"template":"","meta":{"_monsterinsights_skip_tracking":false,"_monsterinsights_sitenote_active":false,"_monsterinsights_sitenote_note":"","_monsterinsights_sitenote_category":0},"product_brand":[],"product_cat":[12291,12711],"product_tag":[],"class_list":{"0":"post-691951","1":"product","2":"type-product","3":"status-publish","5":"product_cat-edebiyat","6":"product_cat-roman-oyku","7":"pa_tur-kitap","8":"pa_yayinevi-parilti-yayinlari","9":"pa_yazar-derleme","11":"first","12":"instock","13":"sale","14":"shipping-taxable","15":"purchasable","16":"product-type-simple"},"_links":{"self":[{"href":"https:\/\/roveyayinevi.com.tr\/index.php\/wp-json\/wp\/v2\/product\/691951","targetHints":{"allow":["GET"]}}],"collection":[{"href":"https:\/\/roveyayinevi.com.tr\/index.php\/wp-json\/wp\/v2\/product"}],"about":[{"href":"https:\/\/roveyayinevi.com.tr\/index.php\/wp-json\/wp\/v2\/types\/product"}],"wp:attachment":[{"href":"https:\/\/roveyayinevi.com.tr\/index.php\/wp-json\/wp\/v2\/media?parent=691951"}],"wp:term":[{"taxonomy":"product_brand","embeddable":true,"href":"https:\/\/roveyayinevi.com.tr\/index.php\/wp-json\/wp\/v2\/product_brand?post=691951"},{"taxonomy":"product_cat","embeddable":true,"href":"https:\/\/roveyayinevi.com.tr\/index.php\/wp-json\/wp\/v2\/product_cat?post=691951"},{"taxonomy":"product_tag","embeddable":true,"href":"https:\/\/roveyayinevi.com.tr\/index.php\/wp-json\/wp\/v2\/product_tag?post=691951"}],"curies":[{"name":"wp","href":"https:\/\/api.w.org\/{rel}","templated":true}]}}