{"id":691947,"date":"2025-08-27T14:02:24","date_gmt":"2025-08-27T11:02:24","guid":{"rendered":"https:\/\/roveyayinevi.com.tr\/index.php\/urun\/define-adasi\/"},"modified":"2026-04-16T02:02:05","modified_gmt":"2026-04-15T23:02:05","slug":"define-adasi","status":"publish","type":"product","link":"https:\/\/roveyayinevi.com.tr\/index.php\/urun\/define-adasi\/","title":{"rendered":"Define Adas\u0131"},"content":{"rendered":"<p>Centilmenler benden Define Adas\u0131&#8217;yla ilgili her \u015feyi ba\u015f\u0131ndan sonuna kadar yazmam\u0131 istediler. Sadece adan\u0131n yerini belirtmememi s\u00f6ylediler. Bunun tek nedeninin orada hala define bulunmas\u0131 oldu\u011funu sanm\u0131yorum. Kalemini defineyi buldu\u011fumuzun 17. y\u0131l\u0131nda elime alarak, babam\u0131n Amiral Benbow han\u0131n\u0131 i\u015fletti\u011fi ve y\u00fcz\u00fcnde k\u0131l\u0131\u00e7 yaras\u0131 bulunan gemicinin oraya ilk geldi\u011fi g\u00fcn\u00fc d\u00f6n\u00fcyorum. <\/p>\n","protected":false},"excerpt":{"rendered":"<p>Centilmenler benden Define Adas\u0131&#8217;yla ilgili her \u015feyi ba\u015f\u0131ndan sonuna kadar yazmam\u0131 istediler. Sadece adan\u0131n yerini belirtmememi s\u00f6ylediler. Bunun tek nedeninin orada hala define bulunmas\u0131 oldu\u011funu sanm\u0131yorum.<span class=\"excerpt-hellip\"> [\u2026]<\/span><\/p>\n","protected":false},"featured_media":0,"template":"","meta":{"_monsterinsights_skip_tracking":false,"_monsterinsights_sitenote_active":false,"_monsterinsights_sitenote_note":"","_monsterinsights_sitenote_category":0},"product_brand":[],"product_cat":[12274,12284],"product_tag":[],"class_list":{"0":"post-691947","1":"product","2":"type-product","3":"status-publish","5":"product_cat-cocuk-ve-genclik-kitaplari","6":"product_cat-hikayeler","7":"pa_tur-kitap","8":"pa_yayinevi-parilti-yayinlari","9":"pa_yazar-robert-louis-stevenson","11":"first","12":"instock","13":"sale","14":"shipping-taxable","15":"purchasable","16":"product-type-simple"},"_links":{"self":[{"href":"https:\/\/roveyayinevi.com.tr\/index.php\/wp-json\/wp\/v2\/product\/691947","targetHints":{"allow":["GET"]}}],"collection":[{"href":"https:\/\/roveyayinevi.com.tr\/index.php\/wp-json\/wp\/v2\/product"}],"about":[{"href":"https:\/\/roveyayinevi.com.tr\/index.php\/wp-json\/wp\/v2\/types\/product"}],"wp:attachment":[{"href":"https:\/\/roveyayinevi.com.tr\/index.php\/wp-json\/wp\/v2\/media?parent=691947"}],"wp:term":[{"taxonomy":"product_brand","embeddable":true,"href":"https:\/\/roveyayinevi.com.tr\/index.php\/wp-json\/wp\/v2\/product_brand?post=691947"},{"taxonomy":"product_cat","embeddable":true,"href":"https:\/\/roveyayinevi.com.tr\/index.php\/wp-json\/wp\/v2\/product_cat?post=691947"},{"taxonomy":"product_tag","embeddable":true,"href":"https:\/\/roveyayinevi.com.tr\/index.php\/wp-json\/wp\/v2\/product_tag?post=691947"}],"curies":[{"name":"wp","href":"https:\/\/api.w.org\/{rel}","templated":true}]}}