{"id":691946,"date":"2025-08-27T14:02:24","date_gmt":"2025-08-27T11:02:24","guid":{"rendered":"https:\/\/roveyayinevi.com.tr\/index.php\/urun\/dede-korkut-hikayeleri-5\/"},"modified":"2026-04-16T02:02:05","modified_gmt":"2026-04-15T23:02:05","slug":"dede-korkut-hikayeleri-5","status":"publish","type":"product","link":"https:\/\/roveyayinevi.com.tr\/index.php\/urun\/dede-korkut-hikayeleri-5\/","title":{"rendered":"Dede Korkut Hikayeleri"},"content":{"rendered":"<p>Bir g\u00fcn Kamgan o\u011flu Han Bay\u0131nd\u0131r, d\u00f6rt k\u00f6\u015feli bir \u00e7ad\u0131r diktirmi\u015fti. \u00c7ad\u0131r\u0131n g\u00f6lgeli\u011fi g\u00f6ky\u00fcz\u00fcne y\u00fckselmi\u015fti. Her yere ipek hal\u0131 ve seccadeler d\u00f6\u015fenmi\u015fti. Hanlar Han\u0131 Han Bay\u0131nd\u0131r, y\u0131lda bir kez ziyafet verir, O\u011fuz Beylerini a\u011f\u0131rlard\u0131. Yine bir ziyafet vererek attan ayg\u0131r, deveden erkek deve, koyundan ko\u00e7 kestirmi\u015fti. Beyaz \u00e7ad\u0131r\u0131 bir yere , k\u0131rm\u0131z\u0131 \u00e7ad\u0131r\u0131 bir yere, kara \u00e7ad\u0131r\u0131 da bir yere kurdurmu\u015ftu. <\/p>\n","protected":false},"excerpt":{"rendered":"<p>Bir g\u00fcn Kamgan o\u011flu Han Bay\u0131nd\u0131r, d\u00f6rt k\u00f6\u015feli bir \u00e7ad\u0131r diktirmi\u015fti. \u00c7ad\u0131r\u0131n g\u00f6lgeli\u011fi g\u00f6ky\u00fcz\u00fcne y\u00fckselmi\u015fti. Her yere ipek hal\u0131 ve seccadeler d\u00f6\u015fenmi\u015fti. Hanlar Han\u0131 Han Bay\u0131nd\u0131r,<span class=\"excerpt-hellip\"> [\u2026]<\/span><\/p>\n","protected":false},"featured_media":0,"template":"","meta":{"_monsterinsights_skip_tracking":false,"_monsterinsights_sitenote_active":false,"_monsterinsights_sitenote_note":"","_monsterinsights_sitenote_category":0},"product_brand":[],"product_cat":[12274,12284],"product_tag":[],"class_list":{"0":"post-691946","1":"product","2":"type-product","3":"status-publish","5":"product_cat-cocuk-ve-genclik-kitaplari","6":"product_cat-hikayeler","7":"pa_tur-kitap","8":"pa_yayinevi-parilti-yayinlari","9":"pa_yazar-kolektif","11":"first","12":"instock","13":"sale","14":"shipping-taxable","15":"purchasable","16":"product-type-simple"},"_links":{"self":[{"href":"https:\/\/roveyayinevi.com.tr\/index.php\/wp-json\/wp\/v2\/product\/691946","targetHints":{"allow":["GET"]}}],"collection":[{"href":"https:\/\/roveyayinevi.com.tr\/index.php\/wp-json\/wp\/v2\/product"}],"about":[{"href":"https:\/\/roveyayinevi.com.tr\/index.php\/wp-json\/wp\/v2\/types\/product"}],"wp:attachment":[{"href":"https:\/\/roveyayinevi.com.tr\/index.php\/wp-json\/wp\/v2\/media?parent=691946"}],"wp:term":[{"taxonomy":"product_brand","embeddable":true,"href":"https:\/\/roveyayinevi.com.tr\/index.php\/wp-json\/wp\/v2\/product_brand?post=691946"},{"taxonomy":"product_cat","embeddable":true,"href":"https:\/\/roveyayinevi.com.tr\/index.php\/wp-json\/wp\/v2\/product_cat?post=691946"},{"taxonomy":"product_tag","embeddable":true,"href":"https:\/\/roveyayinevi.com.tr\/index.php\/wp-json\/wp\/v2\/product_tag?post=691946"}],"curies":[{"name":"wp","href":"https:\/\/api.w.org\/{rel}","templated":true}]}}