{"id":691943,"date":"2025-08-27T14:02:24","date_gmt":"2025-08-27T11:02:24","guid":{"rendered":"https:\/\/roveyayinevi.com.tr\/index.php\/urun\/deyimler-ve-atasozleri-sozlugu\/"},"modified":"2026-04-16T02:02:05","modified_gmt":"2026-04-15T23:02:05","slug":"deyimler-ve-atasozleri-sozlugu","status":"publish","type":"product","link":"https:\/\/roveyayinevi.com.tr\/index.php\/urun\/deyimler-ve-atasozleri-sozlugu\/","title":{"rendered":"Deyimler ve Atas\u00f6zleri S\u00f6zl\u00fc\u011f\u00fc"},"content":{"rendered":"<p>Ger\u00e7ek anlamlar\u0131nda uzakla\u015farak yeni kavramlar meydana getiren kal\u0131pla\u015fm\u0131\u015f s\u00f6zlere &#8216;deyim&#8217; denir. Deyimler, iki veya daha \u00e7ok kelimeden kurulu bir \u00e7e\u015fit dil ifadesidir. Duygu ve d\u00fc\u015f\u00fcneleri dikkat \u00e7ekici dil ifade bi\u00e7iminde anlatan isim, s\u0131fat, zarf, basit ve birle\u015fik fiil g\u00f6r\u00fc\u015f\u00fcnl\u00fc gramer unsurlar\u0131 aras\u0131nda yeralan deyimler, \u00e7e\u015fitli ba\u015fl\u0131klar alt\u0131na incelenebilir. <\/p>\n","protected":false},"excerpt":{"rendered":"<p>Ger\u00e7ek anlamlar\u0131nda uzakla\u015farak yeni kavramlar meydana getiren kal\u0131pla\u015fm\u0131\u015f s\u00f6zlere &#8216;deyim&#8217; denir. Deyimler, iki veya daha \u00e7ok kelimeden kurulu bir \u00e7e\u015fit dil ifadesidir. Duygu ve d\u00fc\u015f\u00fcneleri dikkat<span class=\"excerpt-hellip\"> [\u2026]<\/span><\/p>\n","protected":false},"featured_media":0,"template":"","meta":{"_monsterinsights_skip_tracking":false,"_monsterinsights_sitenote_active":false,"_monsterinsights_sitenote_note":"","_monsterinsights_sitenote_category":0},"product_brand":[],"product_cat":[19532,12566,13611],"product_tag":[],"class_list":{"0":"post-691943","1":"product","2":"type-product","3":"status-publish","5":"product_cat-atasozleri-deyimler-ve-terimleri-sozlugu","6":"product_cat-egitim","7":"product_cat-sozlukler-ve-konusma-kilavuzlari","8":"pa_tur-kitap","9":"pa_yayinevi-parilti-yayinlari","10":"pa_yazar-komisyon","12":"first","13":"instock","14":"sale","15":"shipping-taxable","16":"purchasable","17":"product-type-simple"},"_links":{"self":[{"href":"https:\/\/roveyayinevi.com.tr\/index.php\/wp-json\/wp\/v2\/product\/691943","targetHints":{"allow":["GET"]}}],"collection":[{"href":"https:\/\/roveyayinevi.com.tr\/index.php\/wp-json\/wp\/v2\/product"}],"about":[{"href":"https:\/\/roveyayinevi.com.tr\/index.php\/wp-json\/wp\/v2\/types\/product"}],"wp:attachment":[{"href":"https:\/\/roveyayinevi.com.tr\/index.php\/wp-json\/wp\/v2\/media?parent=691943"}],"wp:term":[{"taxonomy":"product_brand","embeddable":true,"href":"https:\/\/roveyayinevi.com.tr\/index.php\/wp-json\/wp\/v2\/product_brand?post=691943"},{"taxonomy":"product_cat","embeddable":true,"href":"https:\/\/roveyayinevi.com.tr\/index.php\/wp-json\/wp\/v2\/product_cat?post=691943"},{"taxonomy":"product_tag","embeddable":true,"href":"https:\/\/roveyayinevi.com.tr\/index.php\/wp-json\/wp\/v2\/product_tag?post=691943"}],"curies":[{"name":"wp","href":"https:\/\/api.w.org\/{rel}","templated":true}]}}