{"id":691940,"date":"2025-08-27T14:02:23","date_gmt":"2025-08-27T11:02:23","guid":{"rendered":"https:\/\/roveyayinevi.com.tr\/index.php\/urun\/beyaz-lale\/"},"modified":"2026-04-16T02:02:05","modified_gmt":"2026-04-15T23:02:05","slug":"beyaz-lale","status":"publish","type":"product","link":"https:\/\/roveyayinevi.com.tr\/index.php\/urun\/beyaz-lale\/","title":{"rendered":"Beyaz Lale"},"content":{"rendered":"<p>Sava\u015fta bozulan ordu iki g\u00fcnden beri Serez&#8217;den ge\u00e7iyordu. Hava serin ve g\u00fczeldi. Il\u0131k bir sonbahar g\u00fcne\u015fli bo\u015f \u00e7imensiz tarlalar\u0131, \u00fczerinde hen\u00fcz taze ve korkak izler duran geni\u015f yollar\u0131 parlat\u0131yordu. Bu gelenler, gidenlere hi\u00e7 benzemiyorlard\u0131. Bunlar adeta \u00fcrk\u00fct\u00fclm\u00fc\u015f bir hayvans\u00fcr\u00fcs\u00fcyd\u00fc.. <\/p>\n","protected":false},"excerpt":{"rendered":"<p>Sava\u015fta bozulan ordu iki g\u00fcnden beri Serez&#8217;den ge\u00e7iyordu. Hava serin ve g\u00fczeldi. Il\u0131k bir sonbahar g\u00fcne\u015fli bo\u015f \u00e7imensiz tarlalar\u0131, \u00fczerinde hen\u00fcz taze ve korkak izler duran<span class=\"excerpt-hellip\"> [\u2026]<\/span><\/p>\n","protected":false},"featured_media":0,"template":"","meta":{"_monsterinsights_skip_tracking":false,"_monsterinsights_sitenote_active":false,"_monsterinsights_sitenote_note":"","_monsterinsights_sitenote_category":0},"product_brand":[],"product_cat":[12274,12284],"product_tag":[],"class_list":{"0":"post-691940","1":"product","2":"type-product","3":"status-publish","5":"product_cat-cocuk-ve-genclik-kitaplari","6":"product_cat-hikayeler","7":"pa_tur-kitap","8":"pa_yayinevi-parilti-yayinlari","9":"pa_yazar-omer-seyfettin","11":"first","12":"instock","13":"sale","14":"shipping-taxable","15":"purchasable","16":"product-type-simple"},"_links":{"self":[{"href":"https:\/\/roveyayinevi.com.tr\/index.php\/wp-json\/wp\/v2\/product\/691940","targetHints":{"allow":["GET"]}}],"collection":[{"href":"https:\/\/roveyayinevi.com.tr\/index.php\/wp-json\/wp\/v2\/product"}],"about":[{"href":"https:\/\/roveyayinevi.com.tr\/index.php\/wp-json\/wp\/v2\/types\/product"}],"wp:attachment":[{"href":"https:\/\/roveyayinevi.com.tr\/index.php\/wp-json\/wp\/v2\/media?parent=691940"}],"wp:term":[{"taxonomy":"product_brand","embeddable":true,"href":"https:\/\/roveyayinevi.com.tr\/index.php\/wp-json\/wp\/v2\/product_brand?post=691940"},{"taxonomy":"product_cat","embeddable":true,"href":"https:\/\/roveyayinevi.com.tr\/index.php\/wp-json\/wp\/v2\/product_cat?post=691940"},{"taxonomy":"product_tag","embeddable":true,"href":"https:\/\/roveyayinevi.com.tr\/index.php\/wp-json\/wp\/v2\/product_tag?post=691940"}],"curies":[{"name":"wp","href":"https:\/\/api.w.org\/{rel}","templated":true}]}}