{"id":691937,"date":"2025-08-27T14:02:22","date_gmt":"2025-08-27T11:02:22","guid":{"rendered":"https:\/\/roveyayinevi.com.tr\/index.php\/urun\/demiryolu-cocuklari-3\/"},"modified":"2026-04-16T02:02:05","modified_gmt":"2026-04-15T23:02:05","slug":"demiryolu-cocuklari-3","status":"publish","type":"product","link":"https:\/\/roveyayinevi.com.tr\/index.php\/urun\/demiryolu-cocuklari-3\/","title":{"rendered":"Demiryolu \u00c7ocuklar\u0131"},"content":{"rendered":"<p>\u00d6nceleri demiryolu \u00e7ocuklar\u0131 de\u011fildiler, ara s\u0131ra hokkabazlar\u0131, \u00e7i\u00e7ek bah\u00e7elerini ve balmumu heykelleri g\u00f6rmeye gittiklerinde trene birendi. Anne ve babalar\u0131yla birlikte k\u0131rm\u0131z\u0131 tu\u011fladan yap\u0131lm\u0131\u015f bir evde ya\u015f\u0131yorlard\u0131. Caml\u0131 bir kap\u0131s\u0131 olan bu evin b\u00fcy\u00fck b\u00f6l\u00fcm\u00fc beyaz boyal\u0131yd\u0131. Onlar \u00fc\u00e7 karde\u015ftiler ve en b\u00fcy\u00fckleri Roberta&#8217;yd\u0131. Ortancalar\u0131n ismi Peter&#8217;di. En k\u00fc\u00e7\u00fckleri ise Phyllis&#8217;ti. <\/p>\n","protected":false},"excerpt":{"rendered":"<p>\u00d6nceleri demiryolu \u00e7ocuklar\u0131 de\u011fildiler, ara s\u0131ra hokkabazlar\u0131, \u00e7i\u00e7ek bah\u00e7elerini ve balmumu heykelleri g\u00f6rmeye gittiklerinde trene birendi. Anne ve babalar\u0131yla birlikte k\u0131rm\u0131z\u0131 tu\u011fladan yap\u0131lm\u0131\u015f bir evde ya\u015f\u0131yorlard\u0131.<span class=\"excerpt-hellip\"> [\u2026]<\/span><\/p>\n","protected":false},"featured_media":0,"template":"","meta":{"_monsterinsights_skip_tracking":false,"_monsterinsights_sitenote_active":false,"_monsterinsights_sitenote_note":"","_monsterinsights_sitenote_category":0},"product_brand":[],"product_cat":[12274,12284],"product_tag":[],"class_list":{"0":"post-691937","1":"product","2":"type-product","3":"status-publish","5":"product_cat-cocuk-ve-genclik-kitaplari","6":"product_cat-hikayeler","7":"pa_tur-kitap","8":"pa_yayinevi-parilti-yayinlari","9":"pa_yazar-edith-nesbit","11":"first","12":"instock","13":"sale","14":"shipping-taxable","15":"purchasable","16":"product-type-simple"},"_links":{"self":[{"href":"https:\/\/roveyayinevi.com.tr\/index.php\/wp-json\/wp\/v2\/product\/691937","targetHints":{"allow":["GET"]}}],"collection":[{"href":"https:\/\/roveyayinevi.com.tr\/index.php\/wp-json\/wp\/v2\/product"}],"about":[{"href":"https:\/\/roveyayinevi.com.tr\/index.php\/wp-json\/wp\/v2\/types\/product"}],"wp:attachment":[{"href":"https:\/\/roveyayinevi.com.tr\/index.php\/wp-json\/wp\/v2\/media?parent=691937"}],"wp:term":[{"taxonomy":"product_brand","embeddable":true,"href":"https:\/\/roveyayinevi.com.tr\/index.php\/wp-json\/wp\/v2\/product_brand?post=691937"},{"taxonomy":"product_cat","embeddable":true,"href":"https:\/\/roveyayinevi.com.tr\/index.php\/wp-json\/wp\/v2\/product_cat?post=691937"},{"taxonomy":"product_tag","embeddable":true,"href":"https:\/\/roveyayinevi.com.tr\/index.php\/wp-json\/wp\/v2\/product_tag?post=691937"}],"curies":[{"name":"wp","href":"https:\/\/api.w.org\/{rel}","templated":true}]}}