{"id":691924,"date":"2025-08-27T14:02:20","date_gmt":"2025-08-27T11:02:20","guid":{"rendered":"https:\/\/roveyayinevi.com.tr\/index.php\/urun\/ah-masali\/"},"modified":"2026-04-16T02:02:05","modified_gmt":"2026-04-15T23:02:05","slug":"ah-masali","status":"publish","type":"product","link":"https:\/\/roveyayinevi.com.tr\/index.php\/urun\/ah-masali\/","title":{"rendered":"Ah Masal\u0131"},"content":{"rendered":"<p>O g\u00fcn lapa lapa kar ya\u011f\u0131yordu. Pencerenin \u00f6n\u00fcne oturmu\u015f, d\u0131\u015far\u0131y\u0131 seyrediyordum. Kar taneleri havada u\u00e7u\u015fuyor, yumu\u015fak bir ini\u015fle yere konuyorlard\u0131. A\u011fa\u00e7lar\u0131n \u00fcst\u00fcne, duvarlara, avludaki tuvaletin kap\u0131s\u0131nda duran su ibri\u011fine konup duruyorlard\u0131. Bah\u00e7ede gerili duran \u00e7ama\u015f\u0131r ipine bile&#8230; Kocaman bir kar tanesi pencereye do\u011fru savruluyordu. Pencereyi a\u00e7t\u0131m. Elimi d\u0131\u015far\u0131 uzatt\u0131m. Avucuma usulca konuverdi.Bembeyaz ve temizdi.<\/p>\n","protected":false},"excerpt":{"rendered":"<p>O g\u00fcn lapa lapa kar ya\u011f\u0131yordu. Pencerenin \u00f6n\u00fcne oturmu\u015f, d\u0131\u015far\u0131y\u0131 seyrediyordum. Kar taneleri havada u\u00e7u\u015fuyor, yumu\u015fak bir ini\u015fle yere konuyorlard\u0131. A\u011fa\u00e7lar\u0131n \u00fcst\u00fcne, duvarlara, avludaki tuvaletin kap\u0131s\u0131nda<span class=\"excerpt-hellip\"> [\u2026]<\/span><\/p>\n","protected":false},"featured_media":0,"template":"","meta":{"_monsterinsights_skip_tracking":false,"_monsterinsights_sitenote_active":false,"_monsterinsights_sitenote_note":"","_monsterinsights_sitenote_category":0},"product_brand":[],"product_cat":[12274,12523],"product_tag":[],"class_list":{"0":"post-691924","1":"product","2":"type-product","3":"status-publish","5":"product_cat-cocuk-ve-genclik-kitaplari","6":"product_cat-masallar","7":"pa_cilt-ciltsiz","8":"pa_tur-kitap","9":"pa_yayinevi-ozyurek-yayinlari","10":"pa_yazar-samed-behrengi","12":"first","13":"instock","14":"sale","15":"shipping-taxable","16":"purchasable","17":"product-type-simple"},"_links":{"self":[{"href":"https:\/\/roveyayinevi.com.tr\/index.php\/wp-json\/wp\/v2\/product\/691924","targetHints":{"allow":["GET"]}}],"collection":[{"href":"https:\/\/roveyayinevi.com.tr\/index.php\/wp-json\/wp\/v2\/product"}],"about":[{"href":"https:\/\/roveyayinevi.com.tr\/index.php\/wp-json\/wp\/v2\/types\/product"}],"wp:attachment":[{"href":"https:\/\/roveyayinevi.com.tr\/index.php\/wp-json\/wp\/v2\/media?parent=691924"}],"wp:term":[{"taxonomy":"product_brand","embeddable":true,"href":"https:\/\/roveyayinevi.com.tr\/index.php\/wp-json\/wp\/v2\/product_brand?post=691924"},{"taxonomy":"product_cat","embeddable":true,"href":"https:\/\/roveyayinevi.com.tr\/index.php\/wp-json\/wp\/v2\/product_cat?post=691924"},{"taxonomy":"product_tag","embeddable":true,"href":"https:\/\/roveyayinevi.com.tr\/index.php\/wp-json\/wp\/v2\/product_tag?post=691924"}],"curies":[{"name":"wp","href":"https:\/\/api.w.org\/{rel}","templated":true}]}}