{"id":691906,"date":"2025-08-27T14:02:17","date_gmt":"2025-08-27T11:02:17","guid":{"rendered":"https:\/\/roveyayinevi.com.tr\/index.php\/urun\/yeniden-dusunurken\/"},"modified":"2026-04-16T02:02:04","modified_gmt":"2026-04-15T23:02:04","slug":"yeniden-dusunurken","status":"publish","type":"product","link":"https:\/\/roveyayinevi.com.tr\/index.php\/urun\/yeniden-dusunurken\/","title":{"rendered":"Yeniden D\u00fc\u015f\u00fcn\u00fcrken"},"content":{"rendered":"<p>&#8220;Benim ku\u015fa\u011f\u0131m politikayla ilgilenmeye 1960&#8217;l\u0131 y\u0131llarda ba\u015flad\u0131. Bat\u0131 d\u00fcnyas\u0131 ile sosyalist \u00fclkeler aras\u0131ndaki So\u011fuk Sava\u015f\u0131n ve n\u00fckleer sava\u015f tehlikesinin en keskin oldu\u011fu, T\u00fcrkiye&#8217;de demokrasinin bir gelip bir gitti\u011fi y\u0131llard\u0131.Ne televizyon vard\u0131, ne AVM ne de ATM&#8217;ler. Bilgisayar ve internet hayal bile edilmiyordu. Evinize telefon ba\u011flanmas\u0131 i\u00e7in birka\u00e7 y\u0131l, pasaport alabilmek i\u00e7in aylarca beklerdiniz. D\u00f6viz bulundurmak, yabanc\u0131 sigara i\u00e7mek su\u00e7tu. Zenginlik az yoksulluk \u00e7oktu.Bizlere d\u00fcnya hep \u00f6yle gidecek, sol ve sosyalizm y\u00fckselmeye devam edecek gibi g\u00f6r\u00fcn\u00fcyordu.Ne var ki 1980&#8217;lerle birlikte d\u00fcnyada ve T\u00fcrkiye&#8217;de b\u00fcy\u00fck de\u011fi\u015fimler ya\u015fanmaya ba\u015flad\u0131. \u00d6nce sosyalizmin sonu geldi. 2000&#8217;lerde de mevcut haliyle kapitalizm s\u00fcrd\u00fcr\u00fclemez oldu. \u015eimdilerde insanl\u0131k tarihinin neredeyse son 500 y\u0131l\u0131n\u0131 kapsayan Bat\u0131 merkezli modernizm \u00e7a\u011f\u0131n\u0131n sonunu ya\u015f\u0131yoruz. Daha birka\u00e7 on y\u0131l s\u00fcrecek gibi g\u00f6r\u00fcnen bu \u00e7a\u011f d\u00f6n\u00fc\u015f\u00fcm\u00fcn\u00fcn \u00f6tesinde, bir ihtimal, yeni k\u00fcresel bir uygarl\u0131\u011fa y\u00f6nelme perspektifi parl\u0131yor.B\u00fct\u00fcn bu de\u011fi\u015fim s\u00fcreci boyunca bir\u00e7oklar\u0131 gibi ben de bizim d\u00fcnyaya, ya\u015fama, sola, sosyalizme ve marksizme ili\u015fkin g\u00f6r\u00fc\u015flerimizi g\u00f6zden ge\u00e7irmeye ba\u015flad\u0131m. T\u00fcrkiye&#8217;yi do\u011fru okumay\u0131 \u00f6\u011frenmeye, d\u00fcnyay\u0131 anlamak ve de\u011fi\u015ftirmek sorunsal\u0131 \u00fczerine yeniden d\u00fc\u015f\u00fcnmeye \u00e7al\u0131\u015ft\u0131m ve \u00e7al\u0131\u015f\u0131yorum.Bu kitapta okura son yirmi y\u0131l i\u00e7inde yazd\u0131\u011f\u0131m baz\u0131 yaz\u0131lardan ve yapt\u0131\u011f\u0131m baz\u0131 konu\u015fmalardan bir derleme sunuyorum. Bunlar\u0131n hepsi de \u00fclkemizin ve d\u00fcnyan\u0131n ya\u015famakta oldu\u011fu bu derin de\u011fi\u015fim s\u00fcrecinin de\u011fi\u015fik y\u00f6nlerini anlamaya ve anlamland\u0131rmaya, yeni bir anlat\u0131 geli\u015ftirmeye katk\u0131 denemeleridir.&#8221;- Z\u00fclf\u00fc Dicleli<\/p>\n","protected":false},"excerpt":{"rendered":"<p>&#8220;Benim ku\u015fa\u011f\u0131m politikayla ilgilenmeye 1960&#8217;l\u0131 y\u0131llarda ba\u015flad\u0131. Bat\u0131 d\u00fcnyas\u0131 ile sosyalist \u00fclkeler aras\u0131ndaki So\u011fuk Sava\u015f\u0131n ve n\u00fckleer sava\u015f tehlikesinin en keskin oldu\u011fu, T\u00fcrkiye&#8217;de demokrasinin bir gelip<span class=\"excerpt-hellip\"> [\u2026]<\/span><\/p>\n","protected":false},"featured_media":0,"template":"","meta":{"_monsterinsights_skip_tracking":false,"_monsterinsights_sitenote_active":false,"_monsterinsights_sitenote_note":"","_monsterinsights_sitenote_category":0},"product_brand":[],"product_cat":[13059,12337],"product_tag":[],"class_list":{"0":"post-691906","1":"product","2":"type-product","3":"status-publish","5":"product_cat-diger-politika-siyaset","6":"product_cat-politika-siyaset","7":"pa_cilt-ciltsiz","8":"pa_tur-kitap","9":"pa_yayinevi-optimist-yayin-dagitim","10":"pa_yazar-zulfu-dicleli","12":"first","13":"instock","14":"sale","15":"shipping-taxable","16":"purchasable","17":"product-type-simple"},"_links":{"self":[{"href":"https:\/\/roveyayinevi.com.tr\/index.php\/wp-json\/wp\/v2\/product\/691906","targetHints":{"allow":["GET"]}}],"collection":[{"href":"https:\/\/roveyayinevi.com.tr\/index.php\/wp-json\/wp\/v2\/product"}],"about":[{"href":"https:\/\/roveyayinevi.com.tr\/index.php\/wp-json\/wp\/v2\/types\/product"}],"wp:attachment":[{"href":"https:\/\/roveyayinevi.com.tr\/index.php\/wp-json\/wp\/v2\/media?parent=691906"}],"wp:term":[{"taxonomy":"product_brand","embeddable":true,"href":"https:\/\/roveyayinevi.com.tr\/index.php\/wp-json\/wp\/v2\/product_brand?post=691906"},{"taxonomy":"product_cat","embeddable":true,"href":"https:\/\/roveyayinevi.com.tr\/index.php\/wp-json\/wp\/v2\/product_cat?post=691906"},{"taxonomy":"product_tag","embeddable":true,"href":"https:\/\/roveyayinevi.com.tr\/index.php\/wp-json\/wp\/v2\/product_tag?post=691906"}],"curies":[{"name":"wp","href":"https:\/\/api.w.org\/{rel}","templated":true}]}}