{"id":691905,"date":"2025-08-27T14:02:16","date_gmt":"2025-08-27T11:02:16","guid":{"rendered":"https:\/\/roveyayinevi.com.tr\/index.php\/urun\/cocuklar-icin-peygamber-oykuleri-ciltli\/"},"modified":"2026-04-16T02:02:04","modified_gmt":"2026-04-15T23:02:04","slug":"cocuklar-icin-peygamber-oykuleri-ciltli","status":"publish","type":"product","link":"https:\/\/roveyayinevi.com.tr\/index.php\/urun\/cocuklar-icin-peygamber-oykuleri-ciltli\/","title":{"rendered":"\u00c7ocuklar \u0130\u00e7in Peygamber \u00d6yk\u00fcleri (Ciltli)"},"content":{"rendered":"<p>\u0130lk insan ilk peygamber,\u0130lk gemi yapan peygamber,Karadan deve \u00e7\u0131karan peygamber,Ate\u015fin yakmad\u0131\u011f\u0131 peygamber,Kurbanl\u0131k peygamber,R\u00fcya yorumcusu peygamber,Sab\u0131r kahraman\u0131 peygamber,Denizi ikiye ay\u0131ran peygamber,H\u00fck\u00fcmdar peygamber,Ku\u015fdili bilen peygamber,Bal\u0131\u011f\u0131n yuttu\u011fu peygamber,Babas\u0131z yarat\u0131lan peygamber,Veee insanlar\u0131n en iyisi, en sevileni ve en g\u00fczeli;\u2018Bizim peygamberimiz&#8230;\u2019 Bu peygamberlerin hepsi ve daha fazlas\u0131 bu kitab\u0131n i\u00e7inde! <\/p>\n","protected":false},"excerpt":{"rendered":"<p>\u0130lk insan ilk peygamber,\u0130lk gemi yapan peygamber,Karadan deve \u00e7\u0131karan peygamber,Ate\u015fin yakmad\u0131\u011f\u0131 peygamber,Kurbanl\u0131k peygamber,R\u00fcya yorumcusu peygamber,Sab\u0131r kahraman\u0131 peygamber,Denizi ikiye ay\u0131ran peygamber,H\u00fck\u00fcmdar peygamber,Ku\u015fdili bilen peygamber,Bal\u0131\u011f\u0131n yuttu\u011fu peygamber,Babas\u0131z yarat\u0131lan<span class=\"excerpt-hellip\"> [\u2026]<\/span><\/p>\n","protected":false},"featured_media":0,"template":"","meta":{"_monsterinsights_skip_tracking":false,"_monsterinsights_sitenote_active":false,"_monsterinsights_sitenote_note":"","_monsterinsights_sitenote_category":0},"product_brand":[],"product_cat":[12274,18802],"product_tag":[],"class_list":{"0":"post-691905","1":"product","2":"type-product","3":"status-publish","5":"product_cat-cocuk-ve-genclik-kitaplari","6":"product_cat-din-egitimi","7":"pa_cilt-ciltli","8":"pa_tur-kitap","9":"pa_yayinevi-nesil-cocuk-yayinlari","10":"pa_yazar-yilmaz-yenidinc","12":"first","13":"instock","14":"sale","15":"shipping-taxable","16":"purchasable","17":"product-type-simple"},"_links":{"self":[{"href":"https:\/\/roveyayinevi.com.tr\/index.php\/wp-json\/wp\/v2\/product\/691905","targetHints":{"allow":["GET"]}}],"collection":[{"href":"https:\/\/roveyayinevi.com.tr\/index.php\/wp-json\/wp\/v2\/product"}],"about":[{"href":"https:\/\/roveyayinevi.com.tr\/index.php\/wp-json\/wp\/v2\/types\/product"}],"wp:attachment":[{"href":"https:\/\/roveyayinevi.com.tr\/index.php\/wp-json\/wp\/v2\/media?parent=691905"}],"wp:term":[{"taxonomy":"product_brand","embeddable":true,"href":"https:\/\/roveyayinevi.com.tr\/index.php\/wp-json\/wp\/v2\/product_brand?post=691905"},{"taxonomy":"product_cat","embeddable":true,"href":"https:\/\/roveyayinevi.com.tr\/index.php\/wp-json\/wp\/v2\/product_cat?post=691905"},{"taxonomy":"product_tag","embeddable":true,"href":"https:\/\/roveyayinevi.com.tr\/index.php\/wp-json\/wp\/v2\/product_tag?post=691905"}],"curies":[{"name":"wp","href":"https:\/\/api.w.org\/{rel}","templated":true}]}}