{"id":691902,"date":"2025-08-27T14:02:16","date_gmt":"2025-08-27T11:02:16","guid":{"rendered":"https:\/\/roveyayinevi.com.tr\/index.php\/urun\/toyota-tarzi\/"},"modified":"2026-04-16T02:02:04","modified_gmt":"2026-04-15T23:02:04","slug":"toyota-tarzi","status":"publish","type":"product","link":"https:\/\/roveyayinevi.com.tr\/index.php\/urun\/toyota-tarzi\/","title":{"rendered":"Toyota Tarz\u0131"},"content":{"rendered":"<p>\u00d6zg\u00fcn Toyota Tarz\u0131\u2019nda D\u00f6rtl\u00fc model temelinde (felsefe, s\u00fcre\u00e7, insan ve problem \u00e7\u00f6zme) 14 yal\u0131n y\u00f6netim ilkesine yer verilmi\u015fti. Kitab\u0131n yay\u0131nland\u0131\u011f\u0131 2004\u2019ten bu yana pek \u00e7ok \u015fey de\u011fi\u015fti. Liker, Toyota\u2019n\u0131n spesifik yanlar\u0131 \u00fczerine 11 kitap daha yazd\u0131. Bu deneyimlerinden \u00f6\u011frendikleri o kadar \u00e7o\u011fald\u0131 ki, ilk kitab\u0131 g\u00fcncellemeye karar verdik. Bu kitaptaki yenilikleri k\u0131saca \u015f\u00f6yle \u00f6zetleyebiliriz:\u2022 Mekanik ve organik yakla\u015f\u0131m ayr\u0131m\u0131\u2022 Bilimsel d\u00fc\u015f\u00fcnme zihniyetini geli\u015ftirme yolu olarak yal\u0131n yay\u0131l\u0131m\u2022 D\u00f6rtl\u00fc Modelde revizyon\u2022 Yeni \u00f6rnekler\u2022 Toyota\u2019n\u0131n \u00e7al\u0131\u015fma grubu yap\u0131s\u0131n\u0131n ayr\u0131nt\u0131l\u0131 bir a\u00e7\u0131klamas\u0131\u2022 Dijital \u00e7a\u011fda yal\u0131n konusu\u2022 S\u00f6zl\u00fckToyota Tarz\u0131 (kitap de\u011fil felsefe) bilgili bir ko\u00e7un dikkatli g\u00f6zlerinin \u00f6n\u00fcnde yaparak \u00f6\u011frenmeye odakl\u0131d\u0131r. Onu rahat bir sandalyede kitap okuyarak de\u011fil, gemba\u2019da \u00f6\u011frenebilirsiniz. Yine de bu kitab\u0131n kendi \u00f6rg\u00fct\u00fcn\u00fczde nelerin m\u00fcmk\u00fcn olabilece\u011fi konusundaki vizyonunuzu geni\u015fletmeye yarayaca\u011f\u0131n\u0131 umuyoruz. Ciddi bir yal\u0131n yolculu\u011funun par\u00e7as\u0131 olmu\u015f ki\u015filerin \u00e7ok \u015fey \u00f6\u011frendiklerini ve \u015fahsen \u00e7ok de\u011fi\u015ftiklerini d\u00fc\u015f\u00fcnd\u00fcklerini biliyoruz. Burada s\u00f6z konusu olan ki\u015fisel geli\u015fimdir, de\u011ferlerinizin billurla\u015fmas\u0131 ve bir fark yaratabilece\u011finize olan g\u00fcveninizin yerine gelmesidir. L\u00fctfen okuyun, ama sonras\u0131nda l\u00fctfen uygulay\u0131n!<\/p>\n","protected":false},"excerpt":{"rendered":"<p>\u00d6zg\u00fcn Toyota Tarz\u0131\u2019nda D\u00f6rtl\u00fc model temelinde (felsefe, s\u00fcre\u00e7, insan ve problem \u00e7\u00f6zme) 14 yal\u0131n y\u00f6netim ilkesine yer verilmi\u015fti. Kitab\u0131n yay\u0131nland\u0131\u011f\u0131 2004\u2019ten bu yana pek \u00e7ok \u015fey<span class=\"excerpt-hellip\"> [\u2026]<\/span><\/p>\n","protected":false},"featured_media":0,"template":"","meta":{"_monsterinsights_skip_tracking":false,"_monsterinsights_sitenote_active":false,"_monsterinsights_sitenote_note":"","_monsterinsights_sitenote_category":0},"product_brand":[],"product_cat":[13043,14381],"product_tag":[],"class_list":{"0":"post-691902","1":"product","2":"type-product","3":"status-publish","5":"product_cat-ekonomi","6":"product_cat-isletme-muhasebe-maliye","7":"pa_cilt-ciltsiz","8":"pa_tur-kitap","9":"pa_yayinevi-optimist-yayin-dagitim","10":"pa_yazar-jeffrey-k-liner","12":"first","13":"instock","14":"sale","15":"shipping-taxable","16":"purchasable","17":"product-type-simple"},"_links":{"self":[{"href":"https:\/\/roveyayinevi.com.tr\/index.php\/wp-json\/wp\/v2\/product\/691902","targetHints":{"allow":["GET"]}}],"collection":[{"href":"https:\/\/roveyayinevi.com.tr\/index.php\/wp-json\/wp\/v2\/product"}],"about":[{"href":"https:\/\/roveyayinevi.com.tr\/index.php\/wp-json\/wp\/v2\/types\/product"}],"wp:attachment":[{"href":"https:\/\/roveyayinevi.com.tr\/index.php\/wp-json\/wp\/v2\/media?parent=691902"}],"wp:term":[{"taxonomy":"product_brand","embeddable":true,"href":"https:\/\/roveyayinevi.com.tr\/index.php\/wp-json\/wp\/v2\/product_brand?post=691902"},{"taxonomy":"product_cat","embeddable":true,"href":"https:\/\/roveyayinevi.com.tr\/index.php\/wp-json\/wp\/v2\/product_cat?post=691902"},{"taxonomy":"product_tag","embeddable":true,"href":"https:\/\/roveyayinevi.com.tr\/index.php\/wp-json\/wp\/v2\/product_tag?post=691902"}],"curies":[{"name":"wp","href":"https:\/\/api.w.org\/{rel}","templated":true}]}}