{"id":691899,"date":"2025-08-27T14:02:15","date_gmt":"2025-08-27T11:02:15","guid":{"rendered":"https:\/\/roveyayinevi.com.tr\/index.php\/urun\/yufka-yurekli\/"},"modified":"2026-04-16T02:02:04","modified_gmt":"2026-04-15T23:02:04","slug":"yufka-yurekli","status":"publish","type":"product","link":"https:\/\/roveyayinevi.com.tr\/index.php\/urun\/yufka-yurekli\/","title":{"rendered":"Yufka Y\u00fcrekli"},"content":{"rendered":"<p>Tan\u0131mak istedi\u011fi \u2018\u0130nsan\u2019\u0131n \u00f6z\u00fcne sadece psikolojinin olanaklar\u0131yla inebilece\u011fini bir bilici tavr\u0131yla sezen Dostoyevski, yap\u0131tlar\u0131nda iyiyle k\u00f6t\u00fc, Tanr\u0131, \u00f6l\u00fcms\u00fczl\u00fc\u011f\u00fcn as\u0131l gizemini \u00e7\u00f6zmek gibi konular \u00fczerinde yo\u011funla\u015ft\u0131rm\u0131\u015ft\u0131r. Modern psikolojinin kimi olanaklar\u0131na kaynakl\u0131k etmi\u015f olan yap\u0131tlar\u0131nda s\u00fcrekli bir aray\u0131\u015f i\u00e7inde olmu\u015ftur. \u0130nsan hallerine bak\u0131\u015f\u0131 a\u00e7\u0131s\u0131n\u0131n \u00f6rneklerinden olan Yufka Y\u00fcrekli adl\u0131 yap\u0131t\u0131nda da ayn\u0131 izlere rastlan\u0131r. Bu bak\u0131\u015f\u0131yla Nietzsche\u2019nin ve Varolu\u015f\u00e7ulu\u011fun da temel sorunlar\u0131n\u0131n haz\u0131rlay\u0131c\u0131s\u0131d\u0131r. \ufffcTan\u0131t\u0131m Metni<\/p>\n","protected":false},"excerpt":{"rendered":"<p>Tan\u0131mak istedi\u011fi \u2018\u0130nsan\u2019\u0131n \u00f6z\u00fcne sadece psikolojinin olanaklar\u0131yla inebilece\u011fini bir bilici tavr\u0131yla sezen Dostoyevski, yap\u0131tlar\u0131nda iyiyle k\u00f6t\u00fc, Tanr\u0131, \u00f6l\u00fcms\u00fczl\u00fc\u011f\u00fcn as\u0131l gizemini \u00e7\u00f6zmek gibi konular \u00fczerinde yo\u011funla\u015ft\u0131rm\u0131\u015ft\u0131r. Modern<span class=\"excerpt-hellip\"> [\u2026]<\/span><\/p>\n","protected":false},"featured_media":0,"template":"","meta":{"_monsterinsights_skip_tracking":false,"_monsterinsights_sitenote_active":false,"_monsterinsights_sitenote_note":"","_monsterinsights_sitenote_category":0},"product_brand":[],"product_cat":[12291,13570],"product_tag":[],"class_list":{"0":"post-691899","1":"product","2":"type-product","3":"status-publish","5":"product_cat-edebiyat","6":"product_cat-rus-edebiyati","7":"pa_tur-kitap","8":"pa_yayinevi-oda-yayinlari","9":"pa_yazar-fyodor-mihaylovic-dostoyevski","11":"first","12":"instock","13":"sale","14":"shipping-taxable","15":"purchasable","16":"product-type-simple"},"_links":{"self":[{"href":"https:\/\/roveyayinevi.com.tr\/index.php\/wp-json\/wp\/v2\/product\/691899","targetHints":{"allow":["GET"]}}],"collection":[{"href":"https:\/\/roveyayinevi.com.tr\/index.php\/wp-json\/wp\/v2\/product"}],"about":[{"href":"https:\/\/roveyayinevi.com.tr\/index.php\/wp-json\/wp\/v2\/types\/product"}],"wp:attachment":[{"href":"https:\/\/roveyayinevi.com.tr\/index.php\/wp-json\/wp\/v2\/media?parent=691899"}],"wp:term":[{"taxonomy":"product_brand","embeddable":true,"href":"https:\/\/roveyayinevi.com.tr\/index.php\/wp-json\/wp\/v2\/product_brand?post=691899"},{"taxonomy":"product_cat","embeddable":true,"href":"https:\/\/roveyayinevi.com.tr\/index.php\/wp-json\/wp\/v2\/product_cat?post=691899"},{"taxonomy":"product_tag","embeddable":true,"href":"https:\/\/roveyayinevi.com.tr\/index.php\/wp-json\/wp\/v2\/product_tag?post=691899"}],"curies":[{"name":"wp","href":"https:\/\/api.w.org\/{rel}","templated":true}]}}