{"id":691895,"date":"2025-08-27T14:02:14","date_gmt":"2025-08-27T11:02:14","guid":{"rendered":"https:\/\/roveyayinevi.com.tr\/index.php\/urun\/ugultulu-tepeler-2\/"},"modified":"2026-02-03T02:03:05","modified_gmt":"2026-02-02T23:03:05","slug":"ugultulu-tepeler-2","status":"publish","type":"product","link":"https:\/\/roveyayinevi.com.tr\/index.php\/urun\/ugultulu-tepeler-2\/","title":{"rendered":"U\u011fultulu Tepeler"},"content":{"rendered":"<p>Romantik Ger\u00e7ek\u00e7i \u0130ngiliz bir romanc\u0131 olan Emily Bronte, \u00fc\u00e7 romanc\u0131 k\u0131z karde\u015fin ortancalar\u0131d\u0131r. Hayatlar\u0131 kadar, sanatlar\u0131 da benzerlik ta\u015f\u0131yan karde\u015flerin en \u00f6ne \u00e7\u0131kan\u0131,   U\u011fultulu Tepeler  in yazar\u0131 Emily Bronte\u2019dir. Yazd\u0131\u011f\u0131 bu tek roman, yo\u011fun bir lirizmle \u00f6r\u00fcl\u00fc olman\u0131n yan\u0131 s\u0131ra, bi\u00e7imsel a\u00e7\u0131dan da, titiz \u00e7al\u0131\u015fman\u0131n, olaylar\u0131 sa\u011flam temellere dayand\u0131rman\u0131n az bulunur \u00f6rneklerinden biridir. <\/p>\n","protected":false},"excerpt":{"rendered":"<p>Romantik Ger\u00e7ek\u00e7i \u0130ngiliz bir romanc\u0131 olan Emily Bronte, \u00fc\u00e7 romanc\u0131 k\u0131z karde\u015fin ortancalar\u0131d\u0131r. Hayatlar\u0131 kadar, sanatlar\u0131 da benzerlik ta\u015f\u0131yan karde\u015flerin en \u00f6ne \u00e7\u0131kan\u0131, U\u011fultulu Tepeler in<span class=\"excerpt-hellip\"> [\u2026]<\/span><\/p>\n","protected":false},"featured_media":0,"template":"","meta":{"_monsterinsights_skip_tracking":false,"_monsterinsights_sitenote_active":false,"_monsterinsights_sitenote_note":"","_monsterinsights_sitenote_category":0},"product_brand":[],"product_cat":[12291,12866],"product_tag":[],"class_list":{"0":"post-691895","1":"product","2":"type-product","3":"status-publish","5":"product_cat-edebiyat","6":"product_cat-ingiliz-edebiyati","7":"pa_tur-kitap","8":"pa_yayinevi-oda-yayinlari","9":"pa_yazar-emily-bronte","11":"first","12":"instock","13":"sale","14":"shipping-taxable","15":"purchasable","16":"product-type-simple"},"_links":{"self":[{"href":"https:\/\/roveyayinevi.com.tr\/index.php\/wp-json\/wp\/v2\/product\/691895","targetHints":{"allow":["GET"]}}],"collection":[{"href":"https:\/\/roveyayinevi.com.tr\/index.php\/wp-json\/wp\/v2\/product"}],"about":[{"href":"https:\/\/roveyayinevi.com.tr\/index.php\/wp-json\/wp\/v2\/types\/product"}],"wp:attachment":[{"href":"https:\/\/roveyayinevi.com.tr\/index.php\/wp-json\/wp\/v2\/media?parent=691895"}],"wp:term":[{"taxonomy":"product_brand","embeddable":true,"href":"https:\/\/roveyayinevi.com.tr\/index.php\/wp-json\/wp\/v2\/product_brand?post=691895"},{"taxonomy":"product_cat","embeddable":true,"href":"https:\/\/roveyayinevi.com.tr\/index.php\/wp-json\/wp\/v2\/product_cat?post=691895"},{"taxonomy":"product_tag","embeddable":true,"href":"https:\/\/roveyayinevi.com.tr\/index.php\/wp-json\/wp\/v2\/product_tag?post=691895"}],"curies":[{"name":"wp","href":"https:\/\/api.w.org\/{rel}","templated":true}]}}