{"id":691888,"date":"2025-08-27T14:02:13","date_gmt":"2025-08-27T11:02:13","guid":{"rendered":"https:\/\/roveyayinevi.com.tr\/index.php\/urun\/pandoranin-bir-baska-kutusu\/"},"modified":"2026-04-16T02:02:04","modified_gmt":"2026-04-15T23:02:04","slug":"pandoranin-bir-baska-kutusu","status":"publish","type":"product","link":"https:\/\/roveyayinevi.com.tr\/index.php\/urun\/pandoranin-bir-baska-kutusu\/","title":{"rendered":"Pandora\u2019n\u0131n Bir Ba\u015fka &#8220;Kutu&#8221;su"},"content":{"rendered":"<p>Muzaffer \u0130lhan Erdost, sermaye-devletlerin, emek-devletleri &#8220;\u00f6zg\u00fcr&#8221; s\u00f6m\u00fcrgeler olarak egemenlikleri alt\u0131na alma yar\u0131\u015f\u0131na giri\u015ftikelri s\u00fcre\u00e7te, T\u00fcrkiye`yi d\u0131\u015fardan ku\u015fatan ve i\u00e7erden kavuran olaylar\u0131n ard\u0131ndaki &#8220;giz&#8221;i yakalamaya \u00e7al\u0131\u015f\u0131yor. Yazar, ba\u015flang\u0131c\u0131nda bakir ve o \u00f6l\u00e7\u00fcde temiz olan yery\u00fcz\u00fcn\u00fc kirletecek t\u00fcm k\u00f6t\u00fcl\u00fckleri i\u00e7ersinde ta\u015f\u0131yan s\u00f6ylencedeki &#8220;kutu&#8221; ile T\u00fcrkiye`nin gelece\u011fini k\u00fcr\u00fcsel egemenli\u011fin y\u00f6r\u00fcngesine kilitleyen &#8220;kasa&#8221; aras\u0131ndaki \u00f6rt\u00fc\u015fmeyi a\u00e7\u0131kl\u0131yor. &#8220;Laiklik&#8221; \u00fczerine tart\u0131\u015fmalar\u0131n ele\u015ftirel olarak irdelendi\u011fi &#8220;Pandora`n\u0131n Bir Ba\u015fka `Kutusu&#8221; b\u00f6l\u00fcm\u00fcn\u00fc, &#8220;Oy Sivas!.. Koca Sivas!&#8230;&#8221;, &#8220;T\u00fcrkiye ve Avrupa Birli\u011fi Makas\u0131nda `Az\u0131nl\u0131klar` Sorunu&#8221;, ve &#8220;K\u00fc\u00e7\u00fck K\u00f6yl\u00fcl\u00fc\u011f\u00fcn Y\u0131k\u0131m\u0131ndan GAP`\u0131n \u0130\u015fgaline&#8221; b\u00f6l\u00fcmleri izliyor. K\u0131salt\u0131lm\u0131\u015f adlar\u0131yla, \u00dc\u00e7 Sivas, Yeni D\u00fcnya D\u00fczeni, ve K\u00fcreselle\u015fme kitaplar\u0131 \u00fczerine Erdost ile yap\u0131lan g\u00f6r\u00fc\u015fme ve konu\u015fmalardan olu\u015fan b\u00f6l\u00fcmde ise, yazar, T\u00fcrkiye`ye, T\u00fcrkiye`nin d\u0131\u015f\u0131nda bi\u00e7ilen &#8220;T\u00fcrkiye`nin Yeni Jeopoliti\u011fi&#8221;ni, &#8220;stratejik i\u015fbirli\u011fi&#8221; ad\u0131 alt\u0131nda kucaklayan politikalar\u0131n girdab\u0131nda, k\u00fc\u00e7\u00fck de olsa bir \u0131\u015f\u0131k gezdiriyor. <\/p>\n","protected":false},"excerpt":{"rendered":"<p>Muzaffer \u0130lhan Erdost, sermaye-devletlerin, emek-devletleri &#8220;\u00f6zg\u00fcr&#8221; s\u00f6m\u00fcrgeler olarak egemenlikleri alt\u0131na alma yar\u0131\u015f\u0131na giri\u015ftikelri s\u00fcre\u00e7te, T\u00fcrkiye`yi d\u0131\u015fardan ku\u015fatan ve i\u00e7erden kavuran olaylar\u0131n ard\u0131ndaki &#8220;giz&#8221;i yakalamaya \u00e7al\u0131\u015f\u0131yor. Yazar,<span class=\"excerpt-hellip\"> [\u2026]<\/span><\/p>\n","protected":false},"featured_media":0,"template":"","meta":{"_monsterinsights_skip_tracking":false,"_monsterinsights_sitenote_active":false,"_monsterinsights_sitenote_note":"","_monsterinsights_sitenote_category":0},"product_brand":[],"product_cat":[12965,12337],"product_tag":[],"class_list":{"0":"post-691888","1":"product","2":"type-product","3":"status-publish","5":"product_cat-genel-politika","6":"product_cat-politika-siyaset","7":"pa_cilt-ciltsiz","8":"pa_tur-kitap","9":"pa_yayinevi-onur-yayinlari","10":"pa_yazar-muzaffer-ilhan-erdost","12":"first","13":"instock","14":"sale","15":"shipping-taxable","16":"purchasable","17":"product-type-simple"},"_links":{"self":[{"href":"https:\/\/roveyayinevi.com.tr\/index.php\/wp-json\/wp\/v2\/product\/691888","targetHints":{"allow":["GET"]}}],"collection":[{"href":"https:\/\/roveyayinevi.com.tr\/index.php\/wp-json\/wp\/v2\/product"}],"about":[{"href":"https:\/\/roveyayinevi.com.tr\/index.php\/wp-json\/wp\/v2\/types\/product"}],"wp:attachment":[{"href":"https:\/\/roveyayinevi.com.tr\/index.php\/wp-json\/wp\/v2\/media?parent=691888"}],"wp:term":[{"taxonomy":"product_brand","embeddable":true,"href":"https:\/\/roveyayinevi.com.tr\/index.php\/wp-json\/wp\/v2\/product_brand?post=691888"},{"taxonomy":"product_cat","embeddable":true,"href":"https:\/\/roveyayinevi.com.tr\/index.php\/wp-json\/wp\/v2\/product_cat?post=691888"},{"taxonomy":"product_tag","embeddable":true,"href":"https:\/\/roveyayinevi.com.tr\/index.php\/wp-json\/wp\/v2\/product_tag?post=691888"}],"curies":[{"name":"wp","href":"https:\/\/api.w.org\/{rel}","templated":true}]}}