{"id":691885,"date":"2025-08-27T14:02:12","date_gmt":"2025-08-27T11:02:12","guid":{"rendered":"https:\/\/roveyayinevi.com.tr\/index.php\/urun\/vadideki-zambak-4\/"},"modified":"2026-04-16T02:02:04","modified_gmt":"2026-04-15T23:02:04","slug":"vadideki-zambak-4","status":"publish","type":"product","link":"https:\/\/roveyayinevi.com.tr\/index.php\/urun\/vadideki-zambak-4\/","title":{"rendered":"Vadideki Zambak"},"content":{"rendered":"<p>B\u00fct\u00fcn \u00f6mr\u00fc s\u0131k\u0131nt\u0131lar, ola\u011fan\u00fcst\u00fc \u00e7abalarla ge\u00e7mi\u015f, yap\u0131tlar\u0131 kadar, ya\u015fam\u0131 da \u015fa\u015f\u0131rt\u0131c\u0131 bir y\u00fccelikte olan Balzac, haz\u0131rlad\u0131\u011f\u0131 yazma program\u0131yla bir  \u0130nsanl\u0131k Komedyas\u0131  kaleme almak istemi\u015f, ama tamamlayamam\u0131\u015ft\u0131r. Yazar\u0131n bu program\u0131 aras\u0131nda  Ta\u015fra Ya\u015fam\u0131ndan Sahneler  b\u00f6l\u00fcm\u00fcne ald\u0131\u011f\u0131  Vadideki Zambak  adl\u0131 bu roman\u0131 tutkulu oldu\u011fu kadar, tertemiz kalmas\u0131n\u0131 da bilmi\u015f, trajik bir a\u015fk\u0131n anlat\u0131s\u0131d\u0131r. \u00dclkesi Fransa\u2019da daha sonra yaz\u0131lacak say\u0131s\u0131z yap\u0131t\u0131 etkileyen bu roman\u0131 seveceksiniz. <\/p>\n","protected":false},"excerpt":{"rendered":"<p>B\u00fct\u00fcn \u00f6mr\u00fc s\u0131k\u0131nt\u0131lar, ola\u011fan\u00fcst\u00fc \u00e7abalarla ge\u00e7mi\u015f, yap\u0131tlar\u0131 kadar, ya\u015fam\u0131 da \u015fa\u015f\u0131rt\u0131c\u0131 bir y\u00fccelikte olan Balzac, haz\u0131rlad\u0131\u011f\u0131 yazma program\u0131yla bir \u0130nsanl\u0131k Komedyas\u0131 kaleme almak istemi\u015f, ama tamamlayamam\u0131\u015ft\u0131r.<span class=\"excerpt-hellip\"> [\u2026]<\/span><\/p>\n","protected":false},"featured_media":0,"template":"","meta":{"_monsterinsights_skip_tracking":false,"_monsterinsights_sitenote_active":false,"_monsterinsights_sitenote_note":"","_monsterinsights_sitenote_category":0},"product_brand":[],"product_cat":[12291,13376],"product_tag":[],"class_list":{"0":"post-691885","1":"product","2":"type-product","3":"status-publish","5":"product_cat-edebiyat","6":"product_cat-fransiz-edebiyati","7":"pa_tur-kitap","8":"pa_yayinevi-oda-yayinlari","9":"pa_yazar-honore-de-balzac","11":"first","12":"instock","13":"sale","14":"shipping-taxable","15":"purchasable","16":"product-type-simple"},"_links":{"self":[{"href":"https:\/\/roveyayinevi.com.tr\/index.php\/wp-json\/wp\/v2\/product\/691885","targetHints":{"allow":["GET"]}}],"collection":[{"href":"https:\/\/roveyayinevi.com.tr\/index.php\/wp-json\/wp\/v2\/product"}],"about":[{"href":"https:\/\/roveyayinevi.com.tr\/index.php\/wp-json\/wp\/v2\/types\/product"}],"wp:attachment":[{"href":"https:\/\/roveyayinevi.com.tr\/index.php\/wp-json\/wp\/v2\/media?parent=691885"}],"wp:term":[{"taxonomy":"product_brand","embeddable":true,"href":"https:\/\/roveyayinevi.com.tr\/index.php\/wp-json\/wp\/v2\/product_brand?post=691885"},{"taxonomy":"product_cat","embeddable":true,"href":"https:\/\/roveyayinevi.com.tr\/index.php\/wp-json\/wp\/v2\/product_cat?post=691885"},{"taxonomy":"product_tag","embeddable":true,"href":"https:\/\/roveyayinevi.com.tr\/index.php\/wp-json\/wp\/v2\/product_tag?post=691885"}],"curies":[{"name":"wp","href":"https:\/\/api.w.org\/{rel}","templated":true}]}}