{"id":691884,"date":"2025-08-27T14:02:12","date_gmt":"2025-08-27T11:02:12","guid":{"rendered":"https:\/\/roveyayinevi.com.tr\/index.php\/urun\/ademin-cekmecesi\/"},"modified":"2026-04-16T02:02:04","modified_gmt":"2026-04-15T23:02:04","slug":"ademin-cekmecesi","status":"publish","type":"product","link":"https:\/\/roveyayinevi.com.tr\/index.php\/urun\/ademin-cekmecesi\/","title":{"rendered":"Adem\u2019in \u00c7ekmecesi"},"content":{"rendered":"<p>Adem\u2019in \u00c7ekmecesi\u2019nde, bizzat Adem, ilk e\u015fi Lilith, sonraki e\u015fi Havva, \u0130srail Kral\u0131 S\u00fcleyman, Saba Melikesi Belk\u0131s, Hazreti \u0130brahim, Bakire Meryem, Hazreti \u0130sa, Maria Magdelana, Roma \u0130mparatoru Neron, Romal\u0131 Epik\u00fcr Apicius, Fransa \u0130mparatoru Napoleon, \u0130ngiltere Kral\u0131 1. Edward, Rus \u00c7ar\u0131 Aleksander ve e\u015fi Maria Fyodorovna, kuyumcu Peter Carl Faberg\u00e9, Frans\u0131z bilim adam\u0131 Antoine-Laurent de Lavosier, \u0130ngiliz kimyac\u0131 Joseph Priestley, ressam Ren\u00e9 Magritte, ressam Picasso, yazar Ernest Hemingway, \u015fair Orhan Veli, \u00f6yk\u00fc yazar\u0131 ve \u015fair Sait Faik, otomobil \u00fcreticisi Andr\u00e9 Citroen ve tasar\u0131mc\u0131s\u0131 Pierre Boulanger, \u00e7a\u011fda\u015f mimarlar, ressamlar, yonut sanat\u00e7\u0131lar\u0131 ve y\u00fczy\u0131llara damgas\u0131n\u0131 vurmu\u015f yerli ve yabanc\u0131 nice ki\u015filer; yan\u0131 s\u0131ra yumurta(lar), tavuklar, horozlar, \u00e7i\u00e7ekler, yel de\u011firmenleri, buzdolaplar\u0131, haz\u0131r kahve, sak\u0131z ve \u00e7iklet, bal\u0131k, alkoll\u00fc ve alkols\u00fcz i\u00e7ecekler, sakatat; konut ve y\u00f6netim yap\u0131lar\u0131, kuleler, saray, k\u00f6\u015fk, debba\u011fhane (tabakhane); resimler, \u00e7e\u015fitli \u00fcr\u00fcnler, g\u00f6ller, akarsular, denizler, parklar, bah\u00e7eler; h\u00fcth\u00fct ku\u015fu, Kanl\u0131 Meryem, vb. efsaneler ve daha \u00e7ok \u015fey var. Daha neler yok ki&#8230; <\/p>\n","protected":false},"excerpt":{"rendered":"<p>Adem\u2019in \u00c7ekmecesi\u2019nde, bizzat Adem, ilk e\u015fi Lilith, sonraki e\u015fi Havva, \u0130srail Kral\u0131 S\u00fcleyman, Saba Melikesi Belk\u0131s, Hazreti \u0130brahim, Bakire Meryem, Hazreti \u0130sa, Maria Magdelana, Roma \u0130mparatoru<span class=\"excerpt-hellip\"> [\u2026]<\/span><\/p>\n","protected":false},"featured_media":0,"template":"","meta":{"_monsterinsights_skip_tracking":false,"_monsterinsights_sitenote_active":false,"_monsterinsights_sitenote_note":"","_monsterinsights_sitenote_category":0},"product_brand":[],"product_cat":[12365,12364],"product_tag":[],"class_list":{"0":"post-691884","1":"product","2":"type-product","3":"status-publish","5":"product_cat-diger-genel-konular","6":"product_cat-genel-konular","7":"pa_tur-kitap","8":"pa_yayinevi-odtu-gelistirme-vakfi-yayincilik","9":"pa_yazar-onder-senyapili","11":"first","12":"instock","13":"sale","14":"shipping-taxable","15":"purchasable","16":"product-type-simple"},"_links":{"self":[{"href":"https:\/\/roveyayinevi.com.tr\/index.php\/wp-json\/wp\/v2\/product\/691884","targetHints":{"allow":["GET"]}}],"collection":[{"href":"https:\/\/roveyayinevi.com.tr\/index.php\/wp-json\/wp\/v2\/product"}],"about":[{"href":"https:\/\/roveyayinevi.com.tr\/index.php\/wp-json\/wp\/v2\/types\/product"}],"wp:attachment":[{"href":"https:\/\/roveyayinevi.com.tr\/index.php\/wp-json\/wp\/v2\/media?parent=691884"}],"wp:term":[{"taxonomy":"product_brand","embeddable":true,"href":"https:\/\/roveyayinevi.com.tr\/index.php\/wp-json\/wp\/v2\/product_brand?post=691884"},{"taxonomy":"product_cat","embeddable":true,"href":"https:\/\/roveyayinevi.com.tr\/index.php\/wp-json\/wp\/v2\/product_cat?post=691884"},{"taxonomy":"product_tag","embeddable":true,"href":"https:\/\/roveyayinevi.com.tr\/index.php\/wp-json\/wp\/v2\/product_tag?post=691884"}],"curies":[{"name":"wp","href":"https:\/\/api.w.org\/{rel}","templated":true}]}}