{"id":691883,"date":"2025-08-27T14:02:12","date_gmt":"2025-08-27T11:02:12","guid":{"rendered":"https:\/\/roveyayinevi.com.tr\/index.php\/urun\/yirminci-asrin-baslarinda-alem-i-islam-ve-japonyada-islamiyetin-yayilmasi\/"},"modified":"2026-04-16T02:02:04","modified_gmt":"2026-04-15T23:02:04","slug":"yirminci-asrin-baslarinda-alem-i-islam-ve-japonyada-islamiyetin-yayilmasi","status":"publish","type":"product","link":"https:\/\/roveyayinevi.com.tr\/index.php\/urun\/yirminci-asrin-baslarinda-alem-i-islam-ve-japonyada-islamiyetin-yayilmasi\/","title":{"rendered":"Yirminci Asr\u0131n Ba\u015flar\u0131nda Alem-i \u0130slam ve Japonya\u2019da \u0130slamiyet\u2019in Yay\u0131lmas\u0131"},"content":{"rendered":"<p>Ben \u00e7oktan beri bu kadar samimi, bu kadar tesirli bir kitap okudu\u011fumu hat\u0131rlam\u0131yorum. <\/p>\n","protected":false},"excerpt":{"rendered":"<p>Ben \u00e7oktan beri bu kadar samimi, bu kadar tesirli bir kitap okudu\u011fumu hat\u0131rlam\u0131yorum.<\/p>\n","protected":false},"featured_media":0,"template":"","meta":{"_monsterinsights_skip_tracking":false,"_monsterinsights_sitenote_active":false,"_monsterinsights_sitenote_note":"","_monsterinsights_sitenote_category":0},"product_brand":[],"product_cat":[12718,18102,12719],"product_tag":[],"class_list":{"0":"post-691883","1":"product","2":"type-product","3":"status-publish","5":"product_cat-din","6":"product_cat-edebiyat-roman","7":"product_cat-islam","8":"pa_tur-kitap","9":"pa_yayinevi-nesil-yayinlari","10":"pa_yazar-abdurresid-ibrahim","12":"first","13":"instock","14":"sale","15":"shipping-taxable","16":"purchasable","17":"product-type-simple"},"_links":{"self":[{"href":"https:\/\/roveyayinevi.com.tr\/index.php\/wp-json\/wp\/v2\/product\/691883","targetHints":{"allow":["GET"]}}],"collection":[{"href":"https:\/\/roveyayinevi.com.tr\/index.php\/wp-json\/wp\/v2\/product"}],"about":[{"href":"https:\/\/roveyayinevi.com.tr\/index.php\/wp-json\/wp\/v2\/types\/product"}],"wp:attachment":[{"href":"https:\/\/roveyayinevi.com.tr\/index.php\/wp-json\/wp\/v2\/media?parent=691883"}],"wp:term":[{"taxonomy":"product_brand","embeddable":true,"href":"https:\/\/roveyayinevi.com.tr\/index.php\/wp-json\/wp\/v2\/product_brand?post=691883"},{"taxonomy":"product_cat","embeddable":true,"href":"https:\/\/roveyayinevi.com.tr\/index.php\/wp-json\/wp\/v2\/product_cat?post=691883"},{"taxonomy":"product_tag","embeddable":true,"href":"https:\/\/roveyayinevi.com.tr\/index.php\/wp-json\/wp\/v2\/product_tag?post=691883"}],"curies":[{"name":"wp","href":"https:\/\/api.w.org\/{rel}","templated":true}]}}