{"id":691881,"date":"2025-08-27T14:02:12","date_gmt":"2025-08-27T11:02:12","guid":{"rendered":"https:\/\/roveyayinevi.com.tr\/index.php\/urun\/turkiyenin-kararan-fotograflari\/"},"modified":"2026-04-16T02:02:04","modified_gmt":"2026-04-15T23:02:04","slug":"turkiyenin-kararan-fotograflari","status":"publish","type":"product","link":"https:\/\/roveyayinevi.com.tr\/index.php\/urun\/turkiyenin-kararan-fotograflari\/","title":{"rendered":"T\u00fcrkiye\u2019nin Kararan Foto\u011fraflar\u0131"},"content":{"rendered":"<p>\u0130lhan\u2019dan \u0130lhan\u2019a B\u00fcy\u00fcd\u00fcm o I\u015f\u0131k Kansu\u0130lhan&#8217;dan \u0130lhan&#8217;a B\u00fcy\u00fcd\u00fcm o I\u015f\u0131k Kansu &#8220;Nefes Alam\u0131yorum&#8230;&#8221; Halit \u00c7elenk&#8217;le Ni\u00e7in U\u011fur? Niye &#8220;Umut&#8221;? F-Tipi Cezaevi \u00dczerine Hayata Tabut \u0130\u00e7inde D\u00f6nenler &#8220;Tezkere&#8221; ve &#8220;Harita&#8221; Sava\u015fa Kar\u015f\u0131 \u015eairler Bildirisi &#8220;Stratejik \u0130\u015fbirli\u011fi&#8221; ve &#8220;K\u00fcrt Devleti&#8221; Demokratikle\u015fme ve Anadil Anadil, Konu\u015fma Dili ve E\u011fitim Dili Chomsky Keyfi Dil ve Gen K\u00fclt\u00fcr ve &#8220;K\u00fclt\u00fcr Sava\u015flar\u0131&#8221; &#8220;Soyk\u0131r\u0131m&#8221;\u0131n \u00d6teki Ger\u00e7e\u011fi 2 Temmuz \/ Sivas: Faili Belli, \u0130radesi Me\u00e7hul \u0130nan\u00e7, K\u00fclt\u00fcr ve Siyaset K\u0131skac\u0131nda Aleviler Bilimi \u015eeriat S\u00fczgecinden S\u00fczmek Hasan Ali Y\u00fccel \u0130\u00e7in Laiklik, K\u00fclt\u00fcr ve Siyaset K\u0131skac\u0131nda Aleviler Bilimi \u015eeriat S\u00fczgecinden S\u00fczmek Hasan Ali Y\u00fccel \u0130\u00e7in Laiklik, Dinin Siyasalla\u015fmas\u0131 ve \u015eiddet Hizbullah (\u0130lim Grubu) Bu Nice Okumakt\u0131r Kuuu\u015f Sesleri! E\u015fek ve Kitap \/ Bir Tezek Fukaras\u0131Yorumlar <\/p>\n","protected":false},"excerpt":{"rendered":"<p>\u0130lhan\u2019dan \u0130lhan\u2019a B\u00fcy\u00fcd\u00fcm o I\u015f\u0131k Kansu\u0130lhan&#8217;dan \u0130lhan&#8217;a B\u00fcy\u00fcd\u00fcm o I\u015f\u0131k Kansu &#8220;Nefes Alam\u0131yorum&#8230;&#8221; Halit \u00c7elenk&#8217;le Ni\u00e7in U\u011fur? Niye &#8220;Umut&#8221;? F-Tipi Cezaevi \u00dczerine Hayata Tabut \u0130\u00e7inde D\u00f6nenler<span class=\"excerpt-hellip\"> [\u2026]<\/span><\/p>\n","protected":false},"featured_media":0,"template":"","meta":{"_monsterinsights_skip_tracking":false,"_monsterinsights_sitenote_active":false,"_monsterinsights_sitenote_note":"","_monsterinsights_sitenote_category":0},"product_brand":[],"product_cat":[12337],"product_tag":[],"class_list":{"0":"post-691881","1":"product","2":"type-product","3":"status-publish","5":"product_cat-politika-siyaset","6":"pa_cilt-ciltsiz","7":"pa_tur-kitap","8":"pa_yayinevi-onur-yayinlari","9":"pa_yazar-muzaffer-ilhan-erdost","11":"first","12":"instock","13":"sale","14":"shipping-taxable","15":"purchasable","16":"product-type-simple"},"_links":{"self":[{"href":"https:\/\/roveyayinevi.com.tr\/index.php\/wp-json\/wp\/v2\/product\/691881","targetHints":{"allow":["GET"]}}],"collection":[{"href":"https:\/\/roveyayinevi.com.tr\/index.php\/wp-json\/wp\/v2\/product"}],"about":[{"href":"https:\/\/roveyayinevi.com.tr\/index.php\/wp-json\/wp\/v2\/types\/product"}],"wp:attachment":[{"href":"https:\/\/roveyayinevi.com.tr\/index.php\/wp-json\/wp\/v2\/media?parent=691881"}],"wp:term":[{"taxonomy":"product_brand","embeddable":true,"href":"https:\/\/roveyayinevi.com.tr\/index.php\/wp-json\/wp\/v2\/product_brand?post=691881"},{"taxonomy":"product_cat","embeddable":true,"href":"https:\/\/roveyayinevi.com.tr\/index.php\/wp-json\/wp\/v2\/product_cat?post=691881"},{"taxonomy":"product_tag","embeddable":true,"href":"https:\/\/roveyayinevi.com.tr\/index.php\/wp-json\/wp\/v2\/product_tag?post=691881"}],"curies":[{"name":"wp","href":"https:\/\/api.w.org\/{rel}","templated":true}]}}