{"id":691880,"date":"2025-08-27T14:02:12","date_gmt":"2025-08-27T11:02:12","guid":{"rendered":"https:\/\/roveyayinevi.com.tr\/index.php\/urun\/siirin-u-donusu\/"},"modified":"2026-04-16T02:02:04","modified_gmt":"2026-04-15T23:02:04","slug":"siirin-u-donusu","status":"publish","type":"product","link":"https:\/\/roveyayinevi.com.tr\/index.php\/urun\/siirin-u-donusu\/","title":{"rendered":"\u015eiirin U D\u00f6n\u00fc\u015f\u00fc"},"content":{"rendered":"<p>&#8220;\u015eiir&#8221; denince, &#8220;belirli&#8221; bir \u015fey yazmad\u0131\u011f\u0131m kan\u0131s\u0131nday\u0131m. hani &#8220;poetika&#8221; diyorlar ya, o t\u00fcrden bir \u015fey yani. &#8220;\u015eiirin U D\u00f6n\u00fc\u015f\u00fc&#8221; yaz\u0131m\u0131 bitirdi\u011fim zaman, \u015fiirle ilgili yaz\u0131lar\u0131m\u0131 bir kitapta toplamay\u0131 d\u00fc\u015f\u00fcnm\u00fc\u015ft\u00fcm. \u0130kinci Yeni ile ilgili notlardan olu\u015fan yaz\u0131lar\u0131m\u0131 da alarak. Orda burda yay\u0131nlanm\u0131\u015f, \u015furda burda kalm\u0131\u015f yaz\u0131lar\u0131m\u0131 kar\u0131\u015ft\u0131r\u0131rken, g\u0131ld\u0131r g\u0131c\u0131k ne varsa, bu \u00e7uvala doldurdum. Umar\u0131m ciddiye al\u0131nmaz. Hepsi bu. \ufffcTan\u0131t\u0131m Metni<\/p>\n","protected":false},"excerpt":{"rendered":"<p>&#8220;\u015eiir&#8221; denince, &#8220;belirli&#8221; bir \u015fey yazmad\u0131\u011f\u0131m kan\u0131s\u0131nday\u0131m. hani &#8220;poetika&#8221; diyorlar ya, o t\u00fcrden bir \u015fey yani. &#8220;\u015eiirin U D\u00f6n\u00fc\u015f\u00fc&#8221; yaz\u0131m\u0131 bitirdi\u011fim zaman, \u015fiirle ilgili yaz\u0131lar\u0131m\u0131 bir<span class=\"excerpt-hellip\"> [\u2026]<\/span><\/p>\n","protected":false},"featured_media":0,"template":"","meta":{"_monsterinsights_skip_tracking":false,"_monsterinsights_sitenote_active":false,"_monsterinsights_sitenote_note":"","_monsterinsights_sitenote_category":0},"product_brand":[],"product_cat":[12291,12509],"product_tag":[],"class_list":{"0":"post-691880","1":"product","2":"type-product","3":"status-publish","5":"product_cat-edebiyat","6":"product_cat-siir","7":"pa_cilt-ciltsiz","8":"pa_tur-kitap","9":"pa_yayinevi-onur-yayinlari","10":"pa_yazar-muzaffer-ilhan-erdost","12":"first","13":"instock","14":"sale","15":"shipping-taxable","16":"purchasable","17":"product-type-simple"},"_links":{"self":[{"href":"https:\/\/roveyayinevi.com.tr\/index.php\/wp-json\/wp\/v2\/product\/691880","targetHints":{"allow":["GET"]}}],"collection":[{"href":"https:\/\/roveyayinevi.com.tr\/index.php\/wp-json\/wp\/v2\/product"}],"about":[{"href":"https:\/\/roveyayinevi.com.tr\/index.php\/wp-json\/wp\/v2\/types\/product"}],"wp:attachment":[{"href":"https:\/\/roveyayinevi.com.tr\/index.php\/wp-json\/wp\/v2\/media?parent=691880"}],"wp:term":[{"taxonomy":"product_brand","embeddable":true,"href":"https:\/\/roveyayinevi.com.tr\/index.php\/wp-json\/wp\/v2\/product_brand?post=691880"},{"taxonomy":"product_cat","embeddable":true,"href":"https:\/\/roveyayinevi.com.tr\/index.php\/wp-json\/wp\/v2\/product_cat?post=691880"},{"taxonomy":"product_tag","embeddable":true,"href":"https:\/\/roveyayinevi.com.tr\/index.php\/wp-json\/wp\/v2\/product_tag?post=691880"}],"curies":[{"name":"wp","href":"https:\/\/api.w.org\/{rel}","templated":true}]}}