{"id":691875,"date":"2025-08-27T14:02:11","date_gmt":"2025-08-27T11:02:11","guid":{"rendered":"https:\/\/roveyayinevi.com.tr\/index.php\/urun\/networking\/"},"modified":"2026-04-16T02:02:03","modified_gmt":"2026-04-15T23:02:03","slug":"networking","status":"publish","type":"product","link":"https:\/\/roveyayinevi.com.tr\/index.php\/urun\/networking\/","title":{"rendered":"Networking"},"content":{"rendered":"<p>Tan\u0131mad\u0131\u011f\u0131n\u0131z insanlarla nas\u0131l rahatl\u0131kla tan\u0131\u015fabilir ve i\u015fbirli\u011fi yapabilirsiniz?! Giri\u015fimcili\u011fin Alt\u0131n Kurallar\u0131 ortak yazar\u0131 Ertu\u011frul Belen\u2019den, d\u00fcnyada son d\u00f6nemde ba\u015far\u0131n\u0131n form\u00fcl\u00fc olarak bilinen, Networking\u2019le ilgili T\u00fcrkiye\u2019de yaz\u0131lan ilk eser. Networking kitab\u0131, i\u015f d\u00fcnyas\u0131 ve sosyal ya\u015fant\u0131n\u0131z\u0131 hayalleriniz do\u011frultusunda, ili\u015fkilerle tasarlaman\u0131n \u00f6nemine dikkat \u00e7ekiyor.Hedeflerinize, ancak di\u011fer insanlarla kurdu\u011funuz g\u00fc\u00e7l\u00fc ba\u011flant\u0131larla ula\u015fabilece\u011finiz fikrini ve bu s\u00fcre\u00e7te Tan\u0131\u015fma, Tan\u0131\u015ft\u0131rma ve Tan\u0131nman\u0131n inceliklerini ele al\u0131yor. Networking bug\u00fcne kadar duydu\u011funuz pek \u00e7ok \u015feye temas ediyor; ileti\u015fim, v\u00fccut dili, etkili konu\u015fma, i\u015f geli\u015ftirme, kariyer planlama, sat\u0131\u015f teknikleri, motivasyon, insan kaynaklar\u0131, liderlik&#8230; Networking\u2019i farkl\u0131 k\u0131lansa; t\u00fcm bildikleriniz ve bu kitapta yeni duyacaklar\u0131n\u0131z\u0131, do\u011fru zaman, do\u011fru mek\u00e2n ve en \u00f6nemlisi do\u011fru \u00e7evreyle de\u011ferlendirdi\u011finizde ya\u015fam\u0131n\u0131zda hemen hissedece\u011finiz de\u011fi\u015fim olacak. Networking kitab\u0131, insan tan\u0131man\u0131n da bir sanat oldu\u011funu bizlere g\u00f6steriyor.Endeavor T\u00fcrkiye<\/p>\n","protected":false},"excerpt":{"rendered":"<p>Tan\u0131mad\u0131\u011f\u0131n\u0131z insanlarla nas\u0131l rahatl\u0131kla tan\u0131\u015fabilir ve i\u015fbirli\u011fi yapabilirsiniz?! Giri\u015fimcili\u011fin Alt\u0131n Kurallar\u0131 ortak yazar\u0131 Ertu\u011frul Belen\u2019den, d\u00fcnyada son d\u00f6nemde ba\u015far\u0131n\u0131n form\u00fcl\u00fc olarak bilinen, Networking\u2019le ilgili T\u00fcrkiye\u2019de yaz\u0131lan<span class=\"excerpt-hellip\"> [\u2026]<\/span><\/p>\n","protected":false},"featured_media":0,"template":"","meta":{"_monsterinsights_skip_tracking":false,"_monsterinsights_sitenote_active":false,"_monsterinsights_sitenote_note":"","_monsterinsights_sitenote_category":0},"product_brand":[],"product_cat":[13043,14754],"product_tag":[],"class_list":{"0":"post-691875","1":"product","2":"type-product","3":"status-publish","5":"product_cat-ekonomi","6":"product_cat-halkla-iliskiler-insan-kaynaklari","7":"pa_cilt-ciltsiz","8":"pa_tur-kitap","9":"pa_yayinevi-optimist-yayin-dagitim","10":"pa_yazar-ertugrul-belen","12":"first","13":"instock","14":"sale","15":"shipping-taxable","16":"purchasable","17":"product-type-simple"},"_links":{"self":[{"href":"https:\/\/roveyayinevi.com.tr\/index.php\/wp-json\/wp\/v2\/product\/691875","targetHints":{"allow":["GET"]}}],"collection":[{"href":"https:\/\/roveyayinevi.com.tr\/index.php\/wp-json\/wp\/v2\/product"}],"about":[{"href":"https:\/\/roveyayinevi.com.tr\/index.php\/wp-json\/wp\/v2\/types\/product"}],"wp:attachment":[{"href":"https:\/\/roveyayinevi.com.tr\/index.php\/wp-json\/wp\/v2\/media?parent=691875"}],"wp:term":[{"taxonomy":"product_brand","embeddable":true,"href":"https:\/\/roveyayinevi.com.tr\/index.php\/wp-json\/wp\/v2\/product_brand?post=691875"},{"taxonomy":"product_cat","embeddable":true,"href":"https:\/\/roveyayinevi.com.tr\/index.php\/wp-json\/wp\/v2\/product_cat?post=691875"},{"taxonomy":"product_tag","embeddable":true,"href":"https:\/\/roveyayinevi.com.tr\/index.php\/wp-json\/wp\/v2\/product_tag?post=691875"}],"curies":[{"name":"wp","href":"https:\/\/api.w.org\/{rel}","templated":true}]}}