{"id":691871,"date":"2025-08-27T14:02:10","date_gmt":"2025-08-27T11:02:10","guid":{"rendered":"https:\/\/roveyayinevi.com.tr\/index.php\/urun\/vahsetin-cagrisi-4\/"},"modified":"2026-04-16T02:02:03","modified_gmt":"2026-04-15T23:02:03","slug":"vahsetin-cagrisi-4","status":"publish","type":"product","link":"https:\/\/roveyayinevi.com.tr\/index.php\/urun\/vahsetin-cagrisi-4\/","title":{"rendered":"Vah\u015fetin \u00c7a\u011fr\u0131s\u0131"},"content":{"rendered":"<p>Vah\u015fetin \u00c7a\u011fr\u0131s\u0131  , hi\u00e7 ku\u015fkusuz Jack London\u2019un yarat\u0131c\u0131l\u0131k evresinin ba\u015fyap\u0131tlar\u0131 aras\u0131nda say\u0131l\u0131r. <\/p>\n","protected":false},"excerpt":{"rendered":"<p>Vah\u015fetin \u00c7a\u011fr\u0131s\u0131 , hi\u00e7 ku\u015fkusuz Jack London\u2019un yarat\u0131c\u0131l\u0131k evresinin ba\u015fyap\u0131tlar\u0131 aras\u0131nda say\u0131l\u0131r.<\/p>\n","protected":false},"featured_media":0,"template":"","meta":{"_monsterinsights_skip_tracking":false,"_monsterinsights_sitenote_active":false,"_monsterinsights_sitenote_note":"","_monsterinsights_sitenote_category":0},"product_brand":[],"product_cat":[12891,12291],"product_tag":[],"class_list":{"0":"post-691871","1":"product","2":"type-product","3":"status-publish","5":"product_cat-amerikan-edebiyati","6":"product_cat-edebiyat","7":"pa_tur-kitap","8":"pa_yayinevi-oda-yayinlari","9":"pa_yazar-jack-london","11":"first","12":"instock","13":"sale","14":"shipping-taxable","15":"purchasable","16":"product-type-simple"},"_links":{"self":[{"href":"https:\/\/roveyayinevi.com.tr\/index.php\/wp-json\/wp\/v2\/product\/691871","targetHints":{"allow":["GET"]}}],"collection":[{"href":"https:\/\/roveyayinevi.com.tr\/index.php\/wp-json\/wp\/v2\/product"}],"about":[{"href":"https:\/\/roveyayinevi.com.tr\/index.php\/wp-json\/wp\/v2\/types\/product"}],"wp:attachment":[{"href":"https:\/\/roveyayinevi.com.tr\/index.php\/wp-json\/wp\/v2\/media?parent=691871"}],"wp:term":[{"taxonomy":"product_brand","embeddable":true,"href":"https:\/\/roveyayinevi.com.tr\/index.php\/wp-json\/wp\/v2\/product_brand?post=691871"},{"taxonomy":"product_cat","embeddable":true,"href":"https:\/\/roveyayinevi.com.tr\/index.php\/wp-json\/wp\/v2\/product_cat?post=691871"},{"taxonomy":"product_tag","embeddable":true,"href":"https:\/\/roveyayinevi.com.tr\/index.php\/wp-json\/wp\/v2\/product_tag?post=691871"}],"curies":[{"name":"wp","href":"https:\/\/api.w.org\/{rel}","templated":true}]}}