{"id":691870,"date":"2025-08-27T14:02:10","date_gmt":"2025-08-27T11:02:10","guid":{"rendered":"https:\/\/roveyayinevi.com.tr\/index.php\/urun\/uysal-kiz\/"},"modified":"2026-04-16T02:02:03","modified_gmt":"2026-04-15T23:02:03","slug":"uysal-kiz","status":"publish","type":"product","link":"https:\/\/roveyayinevi.com.tr\/index.php\/urun\/uysal-kiz\/","title":{"rendered":"Uysal K\u0131z"},"content":{"rendered":"<p>Thomas Mann, d\u00fcnya g\u00f6r\u00fc\u015f\u00fc y\u00fczy\u0131l\u0131 a\u015fk\u0131n s\u00fcredir tart\u0131\u015f\u0131lan Fyodor Mihailovi\u00e7 Dostoyevski\u2019yi Do\u011funun Dantesi , Maksim Gorki ise, Rus Shakespeare\u2019\u0131 olarak niteler. \ufffcTan\u0131t\u0131m Metni<\/p>\n","protected":false},"excerpt":{"rendered":"<p>Thomas Mann, d\u00fcnya g\u00f6r\u00fc\u015f\u00fc y\u00fczy\u0131l\u0131 a\u015fk\u0131n s\u00fcredir tart\u0131\u015f\u0131lan Fyodor Mihailovi\u00e7 Dostoyevski\u2019yi Do\u011funun Dantesi , Maksim Gorki ise, Rus Shakespeare\u2019\u0131 olarak niteler. \ufffcTan\u0131t\u0131m Metni<\/p>\n","protected":false},"featured_media":0,"template":"","meta":{"_monsterinsights_skip_tracking":false,"_monsterinsights_sitenote_active":false,"_monsterinsights_sitenote_note":"","_monsterinsights_sitenote_category":0},"product_brand":[],"product_cat":[12291,13570],"product_tag":[],"class_list":{"0":"post-691870","1":"product","2":"type-product","3":"status-publish","5":"product_cat-edebiyat","6":"product_cat-rus-edebiyati","7":"pa_tur-kitap","8":"pa_yayinevi-oda-yayinlari","9":"pa_yazar-fyodor-mihaylovic-dostoyevski","11":"first","12":"instock","13":"sale","14":"shipping-taxable","15":"purchasable","16":"product-type-simple"},"_links":{"self":[{"href":"https:\/\/roveyayinevi.com.tr\/index.php\/wp-json\/wp\/v2\/product\/691870","targetHints":{"allow":["GET"]}}],"collection":[{"href":"https:\/\/roveyayinevi.com.tr\/index.php\/wp-json\/wp\/v2\/product"}],"about":[{"href":"https:\/\/roveyayinevi.com.tr\/index.php\/wp-json\/wp\/v2\/types\/product"}],"wp:attachment":[{"href":"https:\/\/roveyayinevi.com.tr\/index.php\/wp-json\/wp\/v2\/media?parent=691870"}],"wp:term":[{"taxonomy":"product_brand","embeddable":true,"href":"https:\/\/roveyayinevi.com.tr\/index.php\/wp-json\/wp\/v2\/product_brand?post=691870"},{"taxonomy":"product_cat","embeddable":true,"href":"https:\/\/roveyayinevi.com.tr\/index.php\/wp-json\/wp\/v2\/product_cat?post=691870"},{"taxonomy":"product_tag","embeddable":true,"href":"https:\/\/roveyayinevi.com.tr\/index.php\/wp-json\/wp\/v2\/product_tag?post=691870"}],"curies":[{"name":"wp","href":"https:\/\/api.w.org\/{rel}","templated":true}]}}