{"id":691865,"date":"2025-08-27T14:02:09","date_gmt":"2025-08-27T11:02:09","guid":{"rendered":"https:\/\/roveyayinevi.com.tr\/index.php\/urun\/toplum-sozlesmesi-2\/"},"modified":"2026-04-16T02:02:03","modified_gmt":"2026-04-15T23:02:03","slug":"toplum-sozlesmesi-2","status":"publish","type":"product","link":"https:\/\/roveyayinevi.com.tr\/index.php\/urun\/toplum-sozlesmesi-2\/","title":{"rendered":"Toplum S\u00f6zle\u015fmesi"},"content":{"rendered":"<p>Modern demokrasi anlay\u0131\u015f\u0131n\u0131n temelini olu\u015fturan toplum s\u00f6zle\u015fmesi \u00f6\u011fretisiyle \u00fcnlenen J.J. Rousseau\u2019nun Toplum S\u00f6zle\u015fmesi adl\u0131 yap\u0131t\u0131 Frans\u0131z Devrimi\u2019nin de esin kayna\u011f\u0131d\u0131r. B\u00fct\u00fcn h\u00fck\u00fcmetlerin, y\u00f6netilenlerin onay\u0131na uygun bi\u00e7imde kuruldu\u011fu bir d\u00fczeni savunan bu yap\u0131ta g\u00f6re, \u201cToplumun temeli, ki\u015filerin korunma kar\u015f\u0131l\u0131\u011f\u0131 kendi istemlerinin tamam\u0131n\u0131, b\u00fct\u00fcn\u00fcn istemine teslim etmesiyle imzalanm\u0131\u015f bir s\u00f6zle\u015fmedir.\u201d Yazar bu yap\u0131t\u0131nda Devrim\u2019in \u00e7a\u011fr\u0131s\u0131na uyup, genel se\u00e7im hakk\u0131 olan bir cumhuriyet istemi\u015f yurtta\u015flar\u0131n e\u015fitlik, \u00f6zg\u00fcrl\u00fck, karde\u015flik haklar\u0131ndan yana olmu\u015ftur. <\/p>\n","protected":false},"excerpt":{"rendered":"<p>Modern demokrasi anlay\u0131\u015f\u0131n\u0131n temelini olu\u015fturan toplum s\u00f6zle\u015fmesi \u00f6\u011fretisiyle \u00fcnlenen J.J. Rousseau\u2019nun Toplum S\u00f6zle\u015fmesi adl\u0131 yap\u0131t\u0131 Frans\u0131z Devrimi\u2019nin de esin kayna\u011f\u0131d\u0131r. B\u00fct\u00fcn h\u00fck\u00fcmetlerin, y\u00f6netilenlerin onay\u0131na uygun bi\u00e7imde<span class=\"excerpt-hellip\"> [\u2026]<\/span><\/p>\n","protected":false},"featured_media":0,"template":"","meta":{"_monsterinsights_skip_tracking":false,"_monsterinsights_sitenote_active":false,"_monsterinsights_sitenote_note":"","_monsterinsights_sitenote_category":0},"product_brand":[],"product_cat":[12388,15536],"product_tag":[],"class_list":{"0":"post-691865","1":"product","2":"type-product","3":"status-publish","5":"product_cat-felsefe","6":"product_cat-siyaset-felsefesi","7":"pa_cilt-ciltsiz","8":"pa_tur-kitap","9":"pa_yayinevi-oda-yayinlari","10":"pa_yazar-jean-jacques-rousseau","12":"first","13":"instock","14":"sale","15":"shipping-taxable","16":"purchasable","17":"product-type-simple"},"_links":{"self":[{"href":"https:\/\/roveyayinevi.com.tr\/index.php\/wp-json\/wp\/v2\/product\/691865","targetHints":{"allow":["GET"]}}],"collection":[{"href":"https:\/\/roveyayinevi.com.tr\/index.php\/wp-json\/wp\/v2\/product"}],"about":[{"href":"https:\/\/roveyayinevi.com.tr\/index.php\/wp-json\/wp\/v2\/types\/product"}],"wp:attachment":[{"href":"https:\/\/roveyayinevi.com.tr\/index.php\/wp-json\/wp\/v2\/media?parent=691865"}],"wp:term":[{"taxonomy":"product_brand","embeddable":true,"href":"https:\/\/roveyayinevi.com.tr\/index.php\/wp-json\/wp\/v2\/product_brand?post=691865"},{"taxonomy":"product_cat","embeddable":true,"href":"https:\/\/roveyayinevi.com.tr\/index.php\/wp-json\/wp\/v2\/product_cat?post=691865"},{"taxonomy":"product_tag","embeddable":true,"href":"https:\/\/roveyayinevi.com.tr\/index.php\/wp-json\/wp\/v2\/product_tag?post=691865"}],"curies":[{"name":"wp","href":"https:\/\/api.w.org\/{rel}","templated":true}]}}