{"id":691864,"date":"2025-08-27T14:02:08","date_gmt":"2025-08-27T11:02:08","guid":{"rendered":"https:\/\/roveyayinevi.com.tr\/index.php\/urun\/sato\/"},"modified":"2026-04-16T02:02:03","modified_gmt":"2026-04-15T23:02:03","slug":"sato","status":"publish","type":"product","link":"https:\/\/roveyayinevi.com.tr\/index.php\/urun\/sato\/","title":{"rendered":"\u015eato"},"content":{"rendered":"<p>Egemenli\u011fin kurumsalla\u015fm\u0131\u015f alan\u0131 olan b\u00fcrokratik d\u00fczene\u011fin di\u015flilerine tak\u0131l\u0131p kalmay\u0131, ileriye do\u011fru bir ad\u0131m bile atamamay\u0131 g\u00f6r\u00fcn\u00fcrle\u015ftiriyor  \u015eato  ile Franz Kafka; s\u0131n\u0131rlar\u0131n\u0131n geni\u015fli\u011fi kestirilemeyen bir yerle\u015fimde,  Yeryaz\u0131mc\u0131  kahraman\u0131yla, stat\u00fckoyu k\u0131rmay\u0131, iktidar\u0131n nerelere kadar yay\u0131l\u0131p \u00f6rg\u00fctlenebilece\u011fine ili\u015fkin bir taslak \u00e7\u0131karmay\u0131 deniyor; olanca mutsuzluklar\u0131na ra\u011fmen, \u00f6zg\u00fcrle\u015femeyen, belki de \u00f6zg\u00fcrle\u015fmek istemeyen k\u00f6yl\u00fcleri o bildik, ac\u0131l\u0131 alayl\u0131 bi\u00e7emiyle okurun bilincine kaz\u0131yor. <\/p>\n","protected":false},"excerpt":{"rendered":"<p>Egemenli\u011fin kurumsalla\u015fm\u0131\u015f alan\u0131 olan b\u00fcrokratik d\u00fczene\u011fin di\u015flilerine tak\u0131l\u0131p kalmay\u0131, ileriye do\u011fru bir ad\u0131m bile atamamay\u0131 g\u00f6r\u00fcn\u00fcrle\u015ftiriyor \u015eato ile Franz Kafka; s\u0131n\u0131rlar\u0131n\u0131n geni\u015fli\u011fi kestirilemeyen bir yerle\u015fimde, Yeryaz\u0131mc\u0131<span class=\"excerpt-hellip\"> [\u2026]<\/span><\/p>\n","protected":false},"featured_media":0,"template":"","meta":{"_monsterinsights_skip_tracking":false,"_monsterinsights_sitenote_active":false,"_monsterinsights_sitenote_note":"","_monsterinsights_sitenote_category":0},"product_brand":[],"product_cat":[12782,12291],"product_tag":[],"class_list":{"0":"post-691864","1":"product","2":"type-product","3":"status-publish","5":"product_cat-alman-edebiyati","6":"product_cat-edebiyat","7":"pa_tur-kitap","8":"pa_yayinevi-oda-yayinlari","9":"pa_yazar-franz-kafka","11":"first","12":"instock","13":"sale","14":"shipping-taxable","15":"purchasable","16":"product-type-simple"},"_links":{"self":[{"href":"https:\/\/roveyayinevi.com.tr\/index.php\/wp-json\/wp\/v2\/product\/691864","targetHints":{"allow":["GET"]}}],"collection":[{"href":"https:\/\/roveyayinevi.com.tr\/index.php\/wp-json\/wp\/v2\/product"}],"about":[{"href":"https:\/\/roveyayinevi.com.tr\/index.php\/wp-json\/wp\/v2\/types\/product"}],"wp:attachment":[{"href":"https:\/\/roveyayinevi.com.tr\/index.php\/wp-json\/wp\/v2\/media?parent=691864"}],"wp:term":[{"taxonomy":"product_brand","embeddable":true,"href":"https:\/\/roveyayinevi.com.tr\/index.php\/wp-json\/wp\/v2\/product_brand?post=691864"},{"taxonomy":"product_cat","embeddable":true,"href":"https:\/\/roveyayinevi.com.tr\/index.php\/wp-json\/wp\/v2\/product_cat?post=691864"},{"taxonomy":"product_tag","embeddable":true,"href":"https:\/\/roveyayinevi.com.tr\/index.php\/wp-json\/wp\/v2\/product_tag?post=691864"}],"curies":[{"name":"wp","href":"https:\/\/api.w.org\/{rel}","templated":true}]}}