{"id":691862,"date":"2025-08-27T14:02:08","date_gmt":"2025-08-27T11:02:08","guid":{"rendered":"https:\/\/roveyayinevi.com.tr\/index.php\/urun\/otuzunda-kadin\/"},"modified":"2026-04-16T02:02:03","modified_gmt":"2026-04-15T23:02:03","slug":"otuzunda-kadin","status":"publish","type":"product","link":"https:\/\/roveyayinevi.com.tr\/index.php\/urun\/otuzunda-kadin\/","title":{"rendered":"Otuzunda Kad\u0131n"},"content":{"rendered":"<p>Ele\u015ftirmenlerin   Roman\u0131n Shakespeare&#8217;i   olarak kabul ettikleri Honore de Balzac; ger\u00e7ek\u00e7ilik ve do\u011falc\u0131l\u0131k ak\u0131mlar\u0131n\u0131n kurucusudur. Yayg\u0131n g\u00f6r\u00fc\u015f,   klasik roman   tekni\u011fini de onun kurmu\u015f oldu\u011fu y\u00f6n\u00fcndedir. <\/p>\n","protected":false},"excerpt":{"rendered":"<p>Ele\u015ftirmenlerin Roman\u0131n Shakespeare&#8217;i olarak kabul ettikleri Honore de Balzac; ger\u00e7ek\u00e7ilik ve do\u011falc\u0131l\u0131k ak\u0131mlar\u0131n\u0131n kurucusudur. Yayg\u0131n g\u00f6r\u00fc\u015f, klasik roman tekni\u011fini de onun kurmu\u015f oldu\u011fu y\u00f6n\u00fcndedir.<\/p>\n","protected":false},"featured_media":0,"template":"","meta":{"_monsterinsights_skip_tracking":false,"_monsterinsights_sitenote_active":false,"_monsterinsights_sitenote_note":"","_monsterinsights_sitenote_category":0},"product_brand":[],"product_cat":[12291,13376],"product_tag":[],"class_list":{"0":"post-691862","1":"product","2":"type-product","3":"status-publish","5":"product_cat-edebiyat","6":"product_cat-fransiz-edebiyati","7":"pa_tur-kitap","8":"pa_yayinevi-oda-yayinlari","9":"pa_yazar-honore-de-balzac","11":"first","12":"instock","13":"sale","14":"shipping-taxable","15":"purchasable","16":"product-type-simple"},"_links":{"self":[{"href":"https:\/\/roveyayinevi.com.tr\/index.php\/wp-json\/wp\/v2\/product\/691862","targetHints":{"allow":["GET"]}}],"collection":[{"href":"https:\/\/roveyayinevi.com.tr\/index.php\/wp-json\/wp\/v2\/product"}],"about":[{"href":"https:\/\/roveyayinevi.com.tr\/index.php\/wp-json\/wp\/v2\/types\/product"}],"wp:attachment":[{"href":"https:\/\/roveyayinevi.com.tr\/index.php\/wp-json\/wp\/v2\/media?parent=691862"}],"wp:term":[{"taxonomy":"product_brand","embeddable":true,"href":"https:\/\/roveyayinevi.com.tr\/index.php\/wp-json\/wp\/v2\/product_brand?post=691862"},{"taxonomy":"product_cat","embeddable":true,"href":"https:\/\/roveyayinevi.com.tr\/index.php\/wp-json\/wp\/v2\/product_cat?post=691862"},{"taxonomy":"product_tag","embeddable":true,"href":"https:\/\/roveyayinevi.com.tr\/index.php\/wp-json\/wp\/v2\/product_tag?post=691862"}],"curies":[{"name":"wp","href":"https:\/\/api.w.org\/{rel}","templated":true}]}}