{"id":691860,"date":"2025-08-27T14:02:08","date_gmt":"2025-08-27T11:02:08","guid":{"rendered":"https:\/\/roveyayinevi.com.tr\/index.php\/urun\/sampiyon\/"},"modified":"2026-04-16T02:02:03","modified_gmt":"2026-04-15T23:02:03","slug":"sampiyon","status":"publish","type":"product","link":"https:\/\/roveyayinevi.com.tr\/index.php\/urun\/sampiyon\/","title":{"rendered":"\u015eampiyon"},"content":{"rendered":"<p>\u00b7         Kendisi de boks yapm\u0131\u015f bir yazar olarak Jack London, bu roman\u0131nda kitlelerin spor ad\u0131na nas\u0131l aldat\u0131l\u0131p s\u00f6m\u00fcr\u00fcld\u00fc\u011f\u00fcn\u00fc anlat\u0131yor. S\u0131radan bir ba\u015far\u0131 hik\u00e2yesi olarak ba\u015flayan \u015eampiyon dan\u0131\u015f\u0131kl\u0131 d\u00f6v\u00fc\u015flerin, boks d\u00fcnyas\u0131ndaki kirli oyunlar\u0131n sergilendi\u011fi son derece s\u00fcrekleyici bir romand\u0131r. Jack London tiryakilerinin bir solukta okuyacaklar\u0131 ufuk a\u00e7an bir kitap. <\/p>\n","protected":false},"excerpt":{"rendered":"<p>\u00b7 Kendisi de boks yapm\u0131\u015f bir yazar olarak Jack London, bu roman\u0131nda kitlelerin spor ad\u0131na nas\u0131l aldat\u0131l\u0131p s\u00f6m\u00fcr\u00fcld\u00fc\u011f\u00fcn\u00fc anlat\u0131yor. S\u0131radan bir ba\u015far\u0131 hik\u00e2yesi olarak ba\u015flayan \u015eampiyon<span class=\"excerpt-hellip\"> [\u2026]<\/span><\/p>\n","protected":false},"featured_media":0,"template":"","meta":{"_monsterinsights_skip_tracking":false,"_monsterinsights_sitenote_active":false,"_monsterinsights_sitenote_note":"","_monsterinsights_sitenote_category":0},"product_brand":[],"product_cat":[12891,12291],"product_tag":[],"class_list":{"0":"post-691860","1":"product","2":"type-product","3":"status-publish","5":"product_cat-amerikan-edebiyati","6":"product_cat-edebiyat","7":"pa_cilt-ciltsiz","8":"pa_tur-kitap","9":"pa_yayinevi-oda-yayinlari","10":"pa_yazar-jack-london","12":"first","13":"instock","14":"sale","15":"shipping-taxable","16":"purchasable","17":"product-type-simple"},"_links":{"self":[{"href":"https:\/\/roveyayinevi.com.tr\/index.php\/wp-json\/wp\/v2\/product\/691860","targetHints":{"allow":["GET"]}}],"collection":[{"href":"https:\/\/roveyayinevi.com.tr\/index.php\/wp-json\/wp\/v2\/product"}],"about":[{"href":"https:\/\/roveyayinevi.com.tr\/index.php\/wp-json\/wp\/v2\/types\/product"}],"wp:attachment":[{"href":"https:\/\/roveyayinevi.com.tr\/index.php\/wp-json\/wp\/v2\/media?parent=691860"}],"wp:term":[{"taxonomy":"product_brand","embeddable":true,"href":"https:\/\/roveyayinevi.com.tr\/index.php\/wp-json\/wp\/v2\/product_brand?post=691860"},{"taxonomy":"product_cat","embeddable":true,"href":"https:\/\/roveyayinevi.com.tr\/index.php\/wp-json\/wp\/v2\/product_cat?post=691860"},{"taxonomy":"product_tag","embeddable":true,"href":"https:\/\/roveyayinevi.com.tr\/index.php\/wp-json\/wp\/v2\/product_tag?post=691860"}],"curies":[{"name":"wp","href":"https:\/\/api.w.org\/{rel}","templated":true}]}}