{"id":691858,"date":"2025-08-27T14:02:07","date_gmt":"2025-08-27T11:02:07","guid":{"rendered":"https:\/\/roveyayinevi.com.tr\/index.php\/urun\/soneler-2\/"},"modified":"2026-04-16T02:02:03","modified_gmt":"2026-04-15T23:02:03","slug":"soneler-2","status":"publish","type":"product","link":"https:\/\/roveyayinevi.com.tr\/index.php\/urun\/soneler-2\/","title":{"rendered":"Soneler"},"content":{"rendered":"<p>Shakespeare oyun yazar\u0131, \u015fair. H\u00fcmanist bir bilge. Tatl\u0131 \u00f6\u011f\u00fctler veren soneler d\u00f6k\u00fcl\u00fcyor \u00e7a\u011flayan kaleminden. A\u015fk\u0131n elinde c\u00fccele\u015fmekten korkmayan bir dev o. K\u0131r\u0131lgan, sevgilisi onu yola pelerinsiz \u00e7\u0131kard\u0131\u011f\u0131 i\u00e7in. Akl\u0131 rengarenk bir \u00e7i\u00e7ek bah\u00e7esi. Do\u011fac\u0131l, hep a\u015f\u0131k; mutlu, kederli, \u00f6l\u00fcms\u00fcz, insan&#8230; <\/p>\n","protected":false},"excerpt":{"rendered":"<p>Shakespeare oyun yazar\u0131, \u015fair. H\u00fcmanist bir bilge. Tatl\u0131 \u00f6\u011f\u00fctler veren soneler d\u00f6k\u00fcl\u00fcyor \u00e7a\u011flayan kaleminden. A\u015fk\u0131n elinde c\u00fccele\u015fmekten korkmayan bir dev o. K\u0131r\u0131lgan, sevgilisi onu yola pelerinsiz<span class=\"excerpt-hellip\"> [\u2026]<\/span><\/p>\n","protected":false},"featured_media":0,"template":"","meta":{"_monsterinsights_skip_tracking":false,"_monsterinsights_sitenote_active":false,"_monsterinsights_sitenote_note":"","_monsterinsights_sitenote_category":0},"product_brand":[],"product_cat":[12291,12866],"product_tag":[],"class_list":{"0":"post-691858","1":"product","2":"type-product","3":"status-publish","5":"product_cat-edebiyat","6":"product_cat-ingiliz-edebiyati","7":"pa_tur-kitap","8":"pa_yayinevi-oda-yayinlari","9":"pa_yazar-william-shakespeare","11":"first","12":"instock","13":"sale","14":"shipping-taxable","15":"purchasable","16":"product-type-simple"},"_links":{"self":[{"href":"https:\/\/roveyayinevi.com.tr\/index.php\/wp-json\/wp\/v2\/product\/691858","targetHints":{"allow":["GET"]}}],"collection":[{"href":"https:\/\/roveyayinevi.com.tr\/index.php\/wp-json\/wp\/v2\/product"}],"about":[{"href":"https:\/\/roveyayinevi.com.tr\/index.php\/wp-json\/wp\/v2\/types\/product"}],"wp:attachment":[{"href":"https:\/\/roveyayinevi.com.tr\/index.php\/wp-json\/wp\/v2\/media?parent=691858"}],"wp:term":[{"taxonomy":"product_brand","embeddable":true,"href":"https:\/\/roveyayinevi.com.tr\/index.php\/wp-json\/wp\/v2\/product_brand?post=691858"},{"taxonomy":"product_cat","embeddable":true,"href":"https:\/\/roveyayinevi.com.tr\/index.php\/wp-json\/wp\/v2\/product_cat?post=691858"},{"taxonomy":"product_tag","embeddable":true,"href":"https:\/\/roveyayinevi.com.tr\/index.php\/wp-json\/wp\/v2\/product_tag?post=691858"}],"curies":[{"name":"wp","href":"https:\/\/api.w.org\/{rel}","templated":true}]}}