{"id":691853,"date":"2025-08-27T14:02:06","date_gmt":"2025-08-27T11:02:06","guid":{"rendered":"https:\/\/roveyayinevi.com.tr\/index.php\/urun\/27-mayis-bir-ihtilal-bir-devrim-bir-anayasa\/"},"modified":"2026-04-16T02:02:03","modified_gmt":"2026-04-15T23:02:03","slug":"27-mayis-bir-ihtilal-bir-devrim-bir-anayasa","status":"publish","type":"product","link":"https:\/\/roveyayinevi.com.tr\/index.php\/urun\/27-mayis-bir-ihtilal-bir-devrim-bir-anayasa\/","title":{"rendered":"27 May\u0131s Bir \u0130htilal Bir Devrim Bir Anayasa"},"content":{"rendered":"<p>T\u00fcrkiye Cumhuriyeti\u2019nin duyurulmas\u0131ndan sonra ilk ihtilal olan 27 May\u0131s, 1960 ilkbahar\u0131nda T\u00fcrk Silahl\u0131 Kuvvetleri\u2019nin iktidar\u0131n Anayasay\u0131 ask\u0131ya alan uygulamalar\u0131na ve bunun halk aras\u0131nda do\u011furdu\u011fu bunal\u0131ma son vermek \u00fczere \u00fclke y\u00f6netimine el koymas\u0131d\u0131r. <\/p>\n","protected":false},"excerpt":{"rendered":"<p>T\u00fcrkiye Cumhuriyeti\u2019nin duyurulmas\u0131ndan sonra ilk ihtilal olan 27 May\u0131s, 1960 ilkbahar\u0131nda T\u00fcrk Silahl\u0131 Kuvvetleri\u2019nin iktidar\u0131n Anayasay\u0131 ask\u0131ya alan uygulamalar\u0131na ve bunun halk aras\u0131nda do\u011furdu\u011fu bunal\u0131ma son<span class=\"excerpt-hellip\"> [\u2026]<\/span><\/p>\n","protected":false},"featured_media":0,"template":"","meta":{"_monsterinsights_skip_tracking":false,"_monsterinsights_sitenote_active":false,"_monsterinsights_sitenote_note":"","_monsterinsights_sitenote_category":0},"product_brand":[],"product_cat":[12370,12304],"product_tag":[],"class_list":{"0":"post-691853","1":"product","2":"type-product","3":"status-publish","5":"product_cat-arastirma-inceleme","6":"product_cat-tarih","7":"pa_tur-kitap","8":"pa_yayinevi-odtu-gelistirme-vakfi-yayincilik","9":"pa_yazar-secil-karal-akgun","11":"first","12":"instock","13":"sale","14":"shipping-taxable","15":"purchasable","16":"product-type-simple"},"_links":{"self":[{"href":"https:\/\/roveyayinevi.com.tr\/index.php\/wp-json\/wp\/v2\/product\/691853","targetHints":{"allow":["GET"]}}],"collection":[{"href":"https:\/\/roveyayinevi.com.tr\/index.php\/wp-json\/wp\/v2\/product"}],"about":[{"href":"https:\/\/roveyayinevi.com.tr\/index.php\/wp-json\/wp\/v2\/types\/product"}],"wp:attachment":[{"href":"https:\/\/roveyayinevi.com.tr\/index.php\/wp-json\/wp\/v2\/media?parent=691853"}],"wp:term":[{"taxonomy":"product_brand","embeddable":true,"href":"https:\/\/roveyayinevi.com.tr\/index.php\/wp-json\/wp\/v2\/product_brand?post=691853"},{"taxonomy":"product_cat","embeddable":true,"href":"https:\/\/roveyayinevi.com.tr\/index.php\/wp-json\/wp\/v2\/product_cat?post=691853"},{"taxonomy":"product_tag","embeddable":true,"href":"https:\/\/roveyayinevi.com.tr\/index.php\/wp-json\/wp\/v2\/product_tag?post=691853"}],"curies":[{"name":"wp","href":"https:\/\/api.w.org\/{rel}","templated":true}]}}