{"id":691851,"date":"2025-08-27T14:02:06","date_gmt":"2025-08-27T11:02:06","guid":{"rendered":"https:\/\/roveyayinevi.com.tr\/index.php\/urun\/ucurumdan-donus\/"},"modified":"2026-04-16T02:02:03","modified_gmt":"2026-04-15T23:02:03","slug":"ucurumdan-donus","status":"publish","type":"product","link":"https:\/\/roveyayinevi.com.tr\/index.php\/urun\/ucurumdan-donus\/","title":{"rendered":"U\u00e7urumdan D\u00f6n\u00fc\u015f"},"content":{"rendered":"<p>Bu kitap, ya\u015fanm\u0131\u015f an\u0131lardan, ger\u00e7ek hayat hikayelerinden ve \u00e7arp\u0131c\u0131 \u00e7\u00f6z\u00fcm \u00f6nerilerinden olu\u015fuyor. Burada anlat\u0131lan hayat hikayeleri, insanlar\u0131n \u00e7eli\u015fkileriyle, psikolojik problemleriyle, \u00e7\u0131kmazlar\u0131yla, isyanlar\u0131yla ve sonu\u00e7ta \u00e7\u00f6z\u00fcm yollar\u0131yla dolu. Kitapta zihne tak\u0131lan sorular, d\u00f6k\u00fclen g\u00f6zya\u015flar\u0131, heyecan veren geli\u015fmeler, bunal\u0131mlar, intihar arzular\u0131 ve t\u00fcm\u00fcn\u00fcn sonunda ya\u015fanan kurtulu\u015flar, d\u00f6n\u00fc\u015fler bulacaks\u0131n\u0131z. Daha da \u00f6nemlisi , kimseye a\u00e7amad\u0131\u011f\u0131n\u0131z s\u0131rlar\u0131n\u0131z\u0131n \u00e7\u00f6z\u00fcm\u00fcn\u00fc, kimseyle payla\u015fmad\u0131\u011f\u0131n\u0131z a\u00e7mazlar\u0131n\u0131z\u0131n \u00e7\u0131k\u0131\u015f yolunu, i\u00e7 d\u00fcnyan\u0131z\u0131 bunaltan dertlerinizin \u00e7aresini, kendi d\u00fcnyan\u0131zdaki problemlerin nas\u0131l halledilece\u011fini \u00f6\u011freneceksiniz. Ya\u015fay\u0131\u015f\u0131n\u0131z\u0131 yeniden de\u011ferlendirmek, d\u00fczenlemek ve hayat\u0131n\u0131z\u0131 g\u00f6zden ge\u00e7irmek i\u00e7in kendinizi bu \u00e7arp\u0131c\u0131 tespitlerin kuca\u011f\u0131na at\u0131n. <\/p>\n","protected":false},"excerpt":{"rendered":"<p>Bu kitap, ya\u015fanm\u0131\u015f an\u0131lardan, ger\u00e7ek hayat hikayelerinden ve \u00e7arp\u0131c\u0131 \u00e7\u00f6z\u00fcm \u00f6nerilerinden olu\u015fuyor. Burada anlat\u0131lan hayat hikayeleri, insanlar\u0131n \u00e7eli\u015fkileriyle, psikolojik problemleriyle, \u00e7\u0131kmazlar\u0131yla, isyanlar\u0131yla ve sonu\u00e7ta \u00e7\u00f6z\u00fcm yollar\u0131yla<span class=\"excerpt-hellip\"> [\u2026]<\/span><\/p>\n","protected":false},"featured_media":0,"template":"","meta":{"_monsterinsights_skip_tracking":false,"_monsterinsights_sitenote_active":false,"_monsterinsights_sitenote_note":"","_monsterinsights_sitenote_category":0},"product_brand":[],"product_cat":[12782,12291],"product_tag":[],"class_list":{"0":"post-691851","1":"product","2":"type-product","3":"status-publish","5":"product_cat-alman-edebiyati","6":"product_cat-edebiyat","7":"pa_tur-kitap","8":"pa_yayinevi-nesil-yayinlari","9":"pa_yazar-halit-ertugrul","11":"first","12":"instock","13":"sale","14":"shipping-taxable","15":"purchasable","16":"product-type-simple"},"_links":{"self":[{"href":"https:\/\/roveyayinevi.com.tr\/index.php\/wp-json\/wp\/v2\/product\/691851","targetHints":{"allow":["GET"]}}],"collection":[{"href":"https:\/\/roveyayinevi.com.tr\/index.php\/wp-json\/wp\/v2\/product"}],"about":[{"href":"https:\/\/roveyayinevi.com.tr\/index.php\/wp-json\/wp\/v2\/types\/product"}],"wp:attachment":[{"href":"https:\/\/roveyayinevi.com.tr\/index.php\/wp-json\/wp\/v2\/media?parent=691851"}],"wp:term":[{"taxonomy":"product_brand","embeddable":true,"href":"https:\/\/roveyayinevi.com.tr\/index.php\/wp-json\/wp\/v2\/product_brand?post=691851"},{"taxonomy":"product_cat","embeddable":true,"href":"https:\/\/roveyayinevi.com.tr\/index.php\/wp-json\/wp\/v2\/product_cat?post=691851"},{"taxonomy":"product_tag","embeddable":true,"href":"https:\/\/roveyayinevi.com.tr\/index.php\/wp-json\/wp\/v2\/product_tag?post=691851"}],"curies":[{"name":"wp","href":"https:\/\/api.w.org\/{rel}","templated":true}]}}