{"id":691848,"date":"2025-08-27T14:02:05","date_gmt":"2025-08-27T11:02:05","guid":{"rendered":"https:\/\/roveyayinevi.com.tr\/index.php\/urun\/yildirim-bayezid\/"},"modified":"2026-04-16T02:02:03","modified_gmt":"2026-04-15T23:02:03","slug":"yildirim-bayezid","status":"publish","type":"product","link":"https:\/\/roveyayinevi.com.tr\/index.php\/urun\/yildirim-bayezid\/","title":{"rendered":"Y\u0131ld\u0131r\u0131m Bayezid"},"content":{"rendered":"<p>Y\u0131ld\u0131r\u0131m Bayezid, bu lakab\u0131n\u0131, \u00f6mr\u00fcn\u00fcn son demlerine kadar hakk\u0131yla ta\u015f\u0131yan bir aksiyon insan\u0131d\u0131r. Tahta oturdu\u011fu ilk g\u00fcnlerden itibaren, kendisini, \u00e7etin m\u00fccadelelerin i\u00e7inde bulmu\u015ftur. Fakat hi\u00e7bir zaman \u00fcst\u00fcne gelen bu belalardan ka\u00e7mam\u0131\u015f, korkmam\u0131\u015f ve tela\u015fa kap\u0131lmam\u0131\u015ft\u0131r. Ni\u011fbolu\u2019da Ha\u00e7l\u0131lara kar\u015f\u0131 y\u00fcr\u00fcrken de, Ankara\u2019da Timur\u2019un ordusunu g\u00f6\u011f\u00fcslerken de Bayezid Han, geri ad\u0131m atmam\u0131\u015ft\u0131r. Etiyle, kemi\u011fiyle cesaret dolu gen\u00e7ler yeti\u015ftirmek ve korkuyla y\u00f6netilmeye \u00e7al\u0131\u015f\u0131lan bir milletin baht\u0131n\u0131 daha b\u00fcy\u00fck ufuklara ta\u015f\u0131mak i\u00e7in bu kitap mutlaka okunmal\u0131d\u0131r. \ufffcTan\u0131t\u0131m Metni<\/p>\n","protected":false},"excerpt":{"rendered":"<p>Y\u0131ld\u0131r\u0131m Bayezid, bu lakab\u0131n\u0131, \u00f6mr\u00fcn\u00fcn son demlerine kadar hakk\u0131yla ta\u015f\u0131yan bir aksiyon insan\u0131d\u0131r. Tahta oturdu\u011fu ilk g\u00fcnlerden itibaren, kendisini, \u00e7etin m\u00fccadelelerin i\u00e7inde bulmu\u015ftur. Fakat hi\u00e7bir zaman<span class=\"excerpt-hellip\"> [\u2026]<\/span><\/p>\n","protected":false},"featured_media":0,"template":"","meta":{"_monsterinsights_skip_tracking":false,"_monsterinsights_sitenote_active":false,"_monsterinsights_sitenote_note":"","_monsterinsights_sitenote_category":0},"product_brand":[],"product_cat":[13517,12304],"product_tag":[],"class_list":{"0":"post-691848","1":"product","2":"type-product","3":"status-publish","5":"product_cat-osmanli-tarihi","6":"product_cat-tarih","7":"pa_cilt-ciltsiz","8":"pa_tur-kitap","9":"pa_yayinevi-nesil-yayinlari","10":"pa_yazar-yavuz-bahadiroglu","12":"first","13":"instock","14":"sale","15":"shipping-taxable","16":"purchasable","17":"product-type-simple"},"_links":{"self":[{"href":"https:\/\/roveyayinevi.com.tr\/index.php\/wp-json\/wp\/v2\/product\/691848","targetHints":{"allow":["GET"]}}],"collection":[{"href":"https:\/\/roveyayinevi.com.tr\/index.php\/wp-json\/wp\/v2\/product"}],"about":[{"href":"https:\/\/roveyayinevi.com.tr\/index.php\/wp-json\/wp\/v2\/types\/product"}],"wp:attachment":[{"href":"https:\/\/roveyayinevi.com.tr\/index.php\/wp-json\/wp\/v2\/media?parent=691848"}],"wp:term":[{"taxonomy":"product_brand","embeddable":true,"href":"https:\/\/roveyayinevi.com.tr\/index.php\/wp-json\/wp\/v2\/product_brand?post=691848"},{"taxonomy":"product_cat","embeddable":true,"href":"https:\/\/roveyayinevi.com.tr\/index.php\/wp-json\/wp\/v2\/product_cat?post=691848"},{"taxonomy":"product_tag","embeddable":true,"href":"https:\/\/roveyayinevi.com.tr\/index.php\/wp-json\/wp\/v2\/product_tag?post=691848"}],"curies":[{"name":"wp","href":"https:\/\/api.w.org\/{rel}","templated":true}]}}