{"id":691846,"date":"2025-08-27T14:02:05","date_gmt":"2025-08-27T11:02:05","guid":{"rendered":"https:\/\/roveyayinevi.com.tr\/index.php\/urun\/yapilandirmaciligi-nasil-uygulamaliyiz\/"},"modified":"2026-04-06T12:21:12","modified_gmt":"2026-04-06T09:21:12","slug":"yapilandirmaciligi-nasil-uygulamaliyiz","status":"publish","type":"product","link":"https:\/\/roveyayinevi.com.tr\/index.php\/urun\/yapilandirmaciligi-nasil-uygulamaliyiz\/","title":{"rendered":"Yap\u0131land\u0131rmac\u0131l\u0131\u011f\u0131 Nas\u0131l Uygulamal\u0131y\u0131z?"},"content":{"rendered":"<p>Yap\u0131land\u0131rmac\u0131 \u00f6\u011frenme anlay\u0131\u015f\u0131n\u0131n sergiledi\u011fi ip u\u00e7lar\u0131n\u0131 incelerken bunlar\u0131n herles taraf\u0131ndan teorik olarak dile getirildi\u011fini ve bir \u00e7ok ara\u015ft\u0131rmac\u0131n\u0131n temel kavramlar ve ilkeler konusunda hemfikir oldu\u011funu g\u00f6rd\u00fck. Problem, bu anlay\u0131\u015f\u0131n s\u0131n\u0131f ortam\u0131nda uygulanmas\u0131n\u0131n nas\u0131l ger\u00e7ekle\u015fece\u011fi noktas\u0131nda \u00e7\u0131k\u0131yordu. <\/p>\n","protected":false},"excerpt":{"rendered":"<p>Yap\u0131land\u0131rmac\u0131 \u00f6\u011frenme anlay\u0131\u015f\u0131n\u0131n sergiledi\u011fi ip u\u00e7lar\u0131n\u0131 incelerken bunlar\u0131n herles taraf\u0131ndan teorik olarak dile getirildi\u011fini ve bir \u00e7ok ara\u015ft\u0131rmac\u0131n\u0131n temel kavramlar ve ilkeler konusunda hemfikir oldu\u011funu g\u00f6rd\u00fck.<span class=\"excerpt-hellip\"> [\u2026]<\/span><\/p>\n","protected":false},"featured_media":0,"template":"","meta":{"_monsterinsights_skip_tracking":false,"_monsterinsights_sitenote_active":false,"_monsterinsights_sitenote_note":"","_monsterinsights_sitenote_category":0},"product_brand":[],"product_cat":[12567,12566],"product_tag":[],"class_list":{"0":"post-691846","1":"product","2":"type-product","3":"status-publish","5":"product_cat-diger-egitim","6":"product_cat-egitim","7":"pa_tur-kitap","8":"pa_yayinevi-odtu-akademik-kitaplar","9":"pa_yazar-levent-veznedaroglu","11":"first","12":"instock","13":"sale","14":"shipping-taxable","15":"purchasable","16":"product-type-simple"},"_links":{"self":[{"href":"https:\/\/roveyayinevi.com.tr\/index.php\/wp-json\/wp\/v2\/product\/691846","targetHints":{"allow":["GET"]}}],"collection":[{"href":"https:\/\/roveyayinevi.com.tr\/index.php\/wp-json\/wp\/v2\/product"}],"about":[{"href":"https:\/\/roveyayinevi.com.tr\/index.php\/wp-json\/wp\/v2\/types\/product"}],"wp:attachment":[{"href":"https:\/\/roveyayinevi.com.tr\/index.php\/wp-json\/wp\/v2\/media?parent=691846"}],"wp:term":[{"taxonomy":"product_brand","embeddable":true,"href":"https:\/\/roveyayinevi.com.tr\/index.php\/wp-json\/wp\/v2\/product_brand?post=691846"},{"taxonomy":"product_cat","embeddable":true,"href":"https:\/\/roveyayinevi.com.tr\/index.php\/wp-json\/wp\/v2\/product_cat?post=691846"},{"taxonomy":"product_tag","embeddable":true,"href":"https:\/\/roveyayinevi.com.tr\/index.php\/wp-json\/wp\/v2\/product_tag?post=691846"}],"curies":[{"name":"wp","href":"https:\/\/api.w.org\/{rel}","templated":true}]}}